{"id":31314,"date":"2022-02-16T14:40:59","date_gmt":"2022-02-16T12:40:59","guid":{"rendered":"https:\/\/hookahshop.lt\/?post_type=product&#038;p=31314"},"modified":"2026-04-14T23:29:26","modified_gmt":"2026-04-14T20:29:26","slug":"kaljanas-aladin-mvp-a46-clear","status":"publish","type":"product","link":"https:\/\/hookahshop.lt\/lv\/produkt\/udenspipe-aladin-mvp-a46-clear\/","title":{"rendered":"\u016adensp\u012bpe ALADIN MVP A46 Clear"},"content":{"rendered":"<h2>\u016adensp\u012bpe ALADIN MVP A46 Clear<\/h2>\n<p>\u0160\u012b \u016bdensp\u012bpe atst\u0101j p\u0101rsteidzo\u0161us iespaidus ar saviem kvalitat\u012bvajiem materi\u0101liem. Kvalitat\u012bva meistar\u012bba un individu\u0101ls dizains neatst\u0101s j\u016bs vienaldz\u012bgu.<br \/>\nPateicoties t\u0101 kompaktajam izm\u0113ram, tas ir ide\u0101ls ce\u013cojumu sabiedrotais tiem, kuri v\u0113las ieg\u016bt kvalitat\u012bvu produktu, atrodoties ce\u013c\u0101 un piem\u0113rotu lieto\u0161anai m\u0101j\u0101s.<\/p>\n<p><strong>Raksturojums:<\/strong><br \/>\nAugstums: 46 cm<br \/>\n\u016adensp\u012bpes materi\u0101ls: ner\u016bs\u0113jo\u0161ais t\u0113rauds<br \/>\nKolba: v\u012bt\u0146ota<br \/>\nKolbas materi\u0101ls: stikls<br \/>\nDifuzors: j\u0101 (regul\u0113jams)<br \/>\n\u0160\u013c\u016bte\u0146u skaits: komplekt\u0101 ar 1 \u0161\u013c\u016bteni un 1 iemuti (iesp\u0113jams piesl\u0113gt l\u012bdz 2 \u0161\u013c\u016bten\u0113m).<\/p>\n<p><strong>Standarta komplekt\u0101 ietilpst:<\/strong><br \/>\nknaibles, m\u012bksta silikona \u0161\u013c\u016btene ar sprausl\u0101m, gl\u0101ze, skurstenis kr\u016bz\u012btei.<\/p>\n<p>Vai jums ir k\u0101di jaut\u0101jumi? Sazinies ar mums\u00a0<a href=\"https:\/\/hookahshop.lt\/lv\/kontaktiem\/\">kontaktu lapa<\/a>\u00a0vai rakstiet mums pa e-pastu\u00a0<a href=\"https:\/\/facebook.com\/HookahShop.lt\/\" target=\"_blank\" rel=\"noopener noreferrer\">Facebook konts<\/a>\u00a0un m\u0113s atbild\u0113sim uz j\u016bsu piepras\u012bjumu taj\u0101 pa\u0161\u0101 dien\u0101.<\/p>\n<p>&nbsp;<\/p>","protected":false},"excerpt":{"rendered":"<p>\u016adensp\u012bpe ALADIN MVP A46 Clear \u0160\u012b \u016bdensp\u012bpe ar saviem kvalitat\u012bvajiem materi\u0101liem atst\u0101j br\u012bni\u0161\u0137\u012bgus iespaidus. Kvalitat\u012bvs izpild\u012bjums un individu\u0101ls dizains neatst\u0101s j\u016bs vienaldz\u012bgus. Pateicoties t\u0101 kompaktajam izm\u0113ram, tas ir ide\u0101ls ce\u013cojumu biedrs tiem, kuri v\u0113las ieg\u016bt kvalitat\u012bvu produktu, atrodoties ce\u013c\u0101 un piem\u0113rotu lieto\u0161anai m\u0101j\u0101s. Raksturlielumi: Augstums: 46 cm \u016adensp\u012bpes materi\u0101ls: ner\u016bs\u0113jo\u0161ais t\u0113rauds Kolba: v\u012bt\u0146ota Kolbas materi\u0101ls: stikls Difuzors: pieejams (regul\u0113jams) [\u2026]<\/p>","protected":false},"featured_media":31317,"comment_status":"open","ping_status":"closed","template":"","meta":[],"_links":{"self":[{"href":"https:\/\/hookahshop.lt\/lv\/wp-json\/wp\/v2\/product\/31314"}],"collection":[{"href":"https:\/\/hookahshop.lt\/lv\/wp-json\/wp\/v2\/product"}],"about":[{"href":"https:\/\/hookahshop.lt\/lv\/wp-json\/wp\/v2\/types\/product"}],"replies":[{"embeddable":true,"href":"https:\/\/hookahshop.lt\/lv\/wp-json\/wp\/v2\/comments?post=31314"}],"version-history":[{"count":7,"href":"https:\/\/hookahshop.lt\/lv\/wp-json\/wp\/v2\/product\/31314\/revisions"}],"predecessor-version":[{"id":32925,"href":"https:\/\/hookahshop.lt\/lv\/wp-json\/wp\/v2\/product\/31314\/revisions\/32925"}],"wp:featuredmedia":[{"embeddable":true,"href":"https:\/\/hookahshop.lt\/lv\/wp-json\/wp\/v2\/media\/31317"}],"wp:attachment":[{"href":"https:\/\/hookahshop.lt\/lv\/wp-json\/wp\/v2\/media?parent=31314"}],"curies":[{"name":"wp","href":"https:\/\/api.w.org\/{rel}","templated":true}]}}