{"id":31324,"date":"2022-02-16T14:58:48","date_gmt":"2022-02-16T12:58:48","guid":{"rendered":"https:\/\/hookahshop.lt\/?post_type=product&#038;p=31324"},"modified":"2026-04-14T23:29:26","modified_gmt":"2026-04-14T20:29:26","slug":"kaljanas-aladin-alux-380-mamor-black","status":"publish","type":"product","link":"https:\/\/hookahshop.lt\/lv\/produkt\/hookah-aladin-alux-380-mamor-black\/","title":{"rendered":"\u016adensp\u012bpe ALADIN Alux 380 Mamor Black"},"content":{"rendered":"<h2>\u016adensp\u012bpe ALADIN Alux 380 Mamor Black<\/h2>\n<p>\u0160\u012b \u016bdensp\u012bpe atst\u0101j p\u0101rsteidzo\u0161us iespaidus ar saviem kvalitat\u012bvajiem materi\u0101liem. Kvalitat\u012bva meistar\u012bba un individu\u0101ls dizains neatst\u0101s j\u016bs vienaldz\u012bgu.<br \/>\nPateicoties kompaktajam izm\u0113ram, tas ir ide\u0101ls ce\u013cabiedrs tiem, kas v\u0113las, lai ce\u013c\u0101 b\u016btu kvalitat\u012bvs produkts.<\/p>\n<p><strong>Specifik\u0101cija:<\/strong><br \/>\nAugstums: 38cm.<br \/>\nMateri\u0101ls (\u0101r\u0113js): anod\u0113ts alum\u012bnijs<br \/>\nMateri\u0101ls (iek\u0161\u0113jais): ner\u016bs\u0113jo\u0161ais t\u0113rauds (stabu apak\u0161da\u013ca saskaras ar \u016bdeni)<br \/>\nDifuzors: regul\u0113jams<\/p>\n<p><strong>Standarta komplekts:<\/strong><br \/>\n\u016adensp\u012bpe, kolba ar v\u012btni, knaibles, m\u012bksta silikona \u0161\u013c\u016btene ar uzga\u013ciem, kr\u016bze, skurstenis kr\u016bzei.<\/p>\n<p><img decoding=\"async\" loading=\"lazy\" class=\"alignnone wp-image-38444\" src=\"https:\/\/hookahshop.lt\/wp-content\/uploads\/2022\/02\/Pilna-kaljano-komplektacija-Kaljano-komplekto-sudetis.jpg\" alt=\"Pilns \u016bdensp\u012bpes komplekts - \u016adensp\u012bpes komplekta sast\u0101vs\" width=\"422\" height=\"384\" srcset=\"https:\/\/hookahshop.lt\/wp-content\/uploads\/2022\/02\/Pilna-kaljano-komplektacija-Kaljano-komplekto-sudetis.jpg 550w, https:\/\/hookahshop.lt\/wp-content\/uploads\/2022\/02\/Pilna-kaljano-komplektacija-Kaljano-komplekto-sudetis-300x273.jpg 300w, https:\/\/hookahshop.lt\/wp-content\/uploads\/2022\/02\/Pilna-kaljano-komplektacija-Kaljano-komplekto-sudetis-13x12.jpg 13w, https:\/\/hookahshop.lt\/wp-content\/uploads\/2022\/02\/Pilna-kaljano-komplektacija-Kaljano-komplekto-sudetis-64x58.jpg 64w\" sizes=\"(max-width: 422px) 100vw, 422px\" title=\"\"><\/p>\n<p>&nbsp;<\/p>\n<p>Vai jums ir k\u0101di jaut\u0101jumi? Sazinies ar mums\u00a0<a href=\"https:\/\/hookahshop.lt\/lv\/kontaktiem\/\">kontaktu lapa<\/a>\u00a0vai rakstiet mums pa e-pastu\u00a0<a href=\"https:\/\/facebook.com\/HookahShop.lt\/\" target=\"_blank\" rel=\"noopener noreferrer\">Facebook konts<\/a>\u00a0un m\u0113s atbild\u0113sim uz j\u016bsu piepras\u012bjumu taj\u0101 pa\u0161\u0101 dien\u0101.<\/p>","protected":false},"excerpt":{"rendered":"<p>\u016adensp\u012bpe ALADIN Alux 380 Mamor Black \u0160\u012b \u016bdensp\u012bpe atst\u0101j br\u012bni\u0161\u0137\u012bgu iespaidu ar saviem kvalitat\u012bvajiem materi\u0101liem. Augstas kvalit\u0101tes meistar\u012bba un individu\u0101lais dizains neatst\u0101s vienaldz\u012bgu nevienu. Pateicoties kompaktajam izm\u0113ram, t\u0101 ir ide\u0101ls ce\u013cojumu biedrs tiem, kas v\u0113las kvalitat\u012bvu produktu ce\u013c\u0101. Specifik\u0101cija: Augstums: 38 cm. Materi\u0101ls (\u0101r\u0113jais): anod\u0113ts alum\u012bnijs Materi\u0101ls (iek\u0161\u0113jais): ner\u016bs\u0113jo\u0161ais t\u0113rauds (k\u0101ta apak\u0161\u0113j\u0101 da\u013ca, kas non\u0101k saskar\u0113 ar \u016bdeni) Difuzors: [\u2026]<\/p>","protected":false},"featured_media":31325,"comment_status":"open","ping_status":"closed","template":"","meta":[],"_links":{"self":[{"href":"https:\/\/hookahshop.lt\/lv\/wp-json\/wp\/v2\/product\/31324"}],"collection":[{"href":"https:\/\/hookahshop.lt\/lv\/wp-json\/wp\/v2\/product"}],"about":[{"href":"https:\/\/hookahshop.lt\/lv\/wp-json\/wp\/v2\/types\/product"}],"replies":[{"embeddable":true,"href":"https:\/\/hookahshop.lt\/lv\/wp-json\/wp\/v2\/comments?post=31324"}],"version-history":[{"count":10,"href":"https:\/\/hookahshop.lt\/lv\/wp-json\/wp\/v2\/product\/31324\/revisions"}],"predecessor-version":[{"id":45453,"href":"https:\/\/hookahshop.lt\/lv\/wp-json\/wp\/v2\/product\/31324\/revisions\/45453"}],"wp:featuredmedia":[{"embeddable":true,"href":"https:\/\/hookahshop.lt\/lv\/wp-json\/wp\/v2\/media\/31325"}],"wp:attachment":[{"href":"https:\/\/hookahshop.lt\/lv\/wp-json\/wp\/v2\/media?parent=31324"}],"curies":[{"name":"wp","href":"https:\/\/api.w.org\/{rel}","templated":true}]}}