{"id":31329,"date":"2022-02-16T15:24:37","date_gmt":"2022-02-16T13:24:37","guid":{"rendered":"https:\/\/hookahshop.lt\/?post_type=product&#038;p=31329"},"modified":"2026-04-14T23:29:26","modified_gmt":"2026-04-14T20:29:26","slug":"kaljanas-steamulation-pro-x-ii-black-matt","status":"publish","type":"product","link":"https:\/\/hookahshop.lt\/lv\/produkt\/udenspipe-steamulation-pro-x-ii-black-matt\/","title":{"rendered":"\u016adensp\u012bpe STEAMULATION Pro X II Black Matt"},"content":{"rendered":"<h2>\u016adensp\u012bpe STEAMULATION Pro X II Black Matt<\/h2>\n<p>\u0160\u012bs \u016bdensp\u012bpes funkciju kombin\u0101cija nodro\u0161ina, ka katrs lietot\u0101js var atrast sav\u0101m vajadz\u012bb\u0101m piem\u0113rot\u0101ko iestat\u012bjumu. \u0160\u012b ir \u016bdensp\u012bpe ar visvair\u0101k funkciju un piel\u0101gojumu pasaul\u0113! Ar Steamulation Pro X II m\u0113s esam lepni prezent\u0113t popul\u0101r\u0101 Steamulation Pro X p\u0113cteci. Visas funkcijas un iesp\u0113jas, kas padar\u012bja Steamulation Pro X par unik\u0101lu augst\u0101k\u0101s klases \u016bdensp\u012bpi, ir atk\u0101rtoti optimiz\u0113tas Steamulation Pro X II, un da\u017eas pat ir piln\u012bb\u0101 p\u0101rveidotas.<\/p>\n<p><strong>Pabeig\u0161ana:<\/strong><br \/>\n\u016adensp\u012bpe<br \/>\n\u0160\u013c\u016btenes adapteris 1gab.<\/p>\n<p><strong>Raksturojums:<\/strong><br \/>\nAugstums: 52 cm<br \/>\nSvars: ~ 4,8 kg<br \/>\nNo\u0146emams difuzors (nav regul\u0113jams)<br \/>\nMateri\u0101ls: ner\u016bs\u0113jo\u0161ais t\u0113rauds<br \/>\nKolba: ar klik\u0161\u0137u sist\u0113mu<\/p>\n<p><strong>Papildus pieejams:<\/strong><br \/>\niemuti<br \/>\nSilikona \u0161\u013c\u016btene<br \/>\n<img decoding=\"async\" loading=\"lazy\" class=\"alignnone size-medium wp-image-38512\" src=\"https:\/\/hookahshop.lt\/wp-content\/uploads\/2022\/06\/mazu-aladinu-komplektacija-1-300x273.jpg\" alt=\"- hookahshop.lt\" width=\"300\" height=\"273\" srcset=\"https:\/\/hookahshop.lt\/wp-content\/uploads\/2022\/06\/mazu-aladinu-komplektacija-1-300x273.jpg 300w, https:\/\/hookahshop.lt\/wp-content\/uploads\/2022\/06\/mazu-aladinu-komplektacija-1-13x12.jpg 13w, https:\/\/hookahshop.lt\/wp-content\/uploads\/2022\/06\/mazu-aladinu-komplektacija-1-64x58.jpg 64w, https:\/\/hookahshop.lt\/wp-content\/uploads\/2022\/06\/mazu-aladinu-komplektacija-1.jpg 420w\" sizes=\"(max-width: 300px) 100vw, 300px\" title=\"\"><\/p>\n<p>Vai jums ir k\u0101di jaut\u0101jumi? Sazinies ar mums\u00a0<a href=\"https:\/\/hookahshop.lt\/lv\/kontaktiem\/\">kontaktu lapa<\/a>\u00a0vai rakstiet mums pa e-pastu\u00a0<a href=\"https:\/\/facebook.com\/HookahShop.lt\/\" target=\"_blank\" rel=\"noopener noreferrer\">Facebook konts<\/a>\u00a0un m\u0113s atbild\u0113sim uz j\u016bsu piepras\u012bjumu taj\u0101 pa\u0161\u0101 dien\u0101.<\/p>","protected":false},"excerpt":{"rendered":"<p>\u016adensp\u012bpe STEAMULATION Pro X II Black Matt \u0160\u012bs \u016bdensp\u012bpes funkciju kombin\u0101cija nodro\u0161ina, ka katrs lietot\u0101js var atrast sav\u0101m vajadz\u012bb\u0101m piem\u0113rot\u0101ko iestat\u012bjumu. \u0160\u012b ir \u016bdensp\u012bpe ar visvair\u0101k funkciju un piel\u0101go\u0161anas iesp\u0113j\u0101m pasaul\u0113! Ar Steamulation Pro X II m\u0113s ar lepnumu pied\u0101v\u0101jam popul\u0101r\u0101 Steamulation Pro X p\u0113cteci. Visas funkcijas un funkcijas, kas padara Steamulation Pro X par [\u2026]<\/p>","protected":false},"featured_media":41457,"comment_status":"open","ping_status":"closed","template":"","meta":[],"_links":{"self":[{"href":"https:\/\/hookahshop.lt\/lv\/wp-json\/wp\/v2\/product\/31329"}],"collection":[{"href":"https:\/\/hookahshop.lt\/lv\/wp-json\/wp\/v2\/product"}],"about":[{"href":"https:\/\/hookahshop.lt\/lv\/wp-json\/wp\/v2\/types\/product"}],"replies":[{"embeddable":true,"href":"https:\/\/hookahshop.lt\/lv\/wp-json\/wp\/v2\/comments?post=31329"}],"version-history":[{"count":7,"href":"https:\/\/hookahshop.lt\/lv\/wp-json\/wp\/v2\/product\/31329\/revisions"}],"predecessor-version":[{"id":45365,"href":"https:\/\/hookahshop.lt\/lv\/wp-json\/wp\/v2\/product\/31329\/revisions\/45365"}],"wp:featuredmedia":[{"embeddable":true,"href":"https:\/\/hookahshop.lt\/lv\/wp-json\/wp\/v2\/media\/41457"}],"wp:attachment":[{"href":"https:\/\/hookahshop.lt\/lv\/wp-json\/wp\/v2\/media?parent=31329"}],"curies":[{"name":"wp","href":"https:\/\/api.w.org\/{rel}","templated":true}]}}