{"id":31352,"date":"2022-02-16T16:03:45","date_gmt":"2022-02-16T14:03:45","guid":{"rendered":"https:\/\/hookahshop.lt\/?post_type=product&#038;p=31352"},"modified":"2026-04-18T23:29:14","modified_gmt":"2026-04-18T20:29:14","slug":"jungtis-kaljanui-steamulation","status":"publish","type":"product","link":"https:\/\/hookahshop.lt\/lv\/produkt\/savienojums-udenspipe-tvaicesana\/","title":{"rendered":"\u0100\u0137a savienot\u0101js STEAMUL\u0100CIJA"},"content":{"rendered":"<h2>\u0100\u0137a savienot\u0101js STEAMUL\u0100CIJA<\/h2>\n<p>Tam ir izcila forma, kas lieliski piem\u0113rota Steamulation Classic s\u0113rijas \u0161\u013c\u016btenes savienojumam, bez nepiecie\u0161am\u012bbas izmantot papildu gumijas bl\u012bves. \u0160o savienot\u0101ju izmanto, lai pievienotu papildu \u0161\u013c\u016bteni Steamulation Classic \u016bdensp\u012bpei.<\/p>\n<p><strong>Specifik\u0101cija:<\/strong><br \/>\nMateri\u0101ls: ner\u016bs\u0113jo\u0161ais t\u0113rauds<br \/>\nRa\u017eo\u0161anas valsts: V\u0101cija<\/p>\n<p>Vai jums ir k\u0101di jaut\u0101jumi? Sazinies ar mums\u00a0<a href=\"https:\/\/hookahshop.lt\/lv\/kontaktiem\/\">kontaktu lapa<\/a>\u00a0vai rakstiet mums pa e-pastu\u00a0<a href=\"https:\/\/facebook.com\/HookahShop.lt\/\" target=\"_blank\" rel=\"noopener noreferrer\">Facebook konts<\/a>\u00a0un m\u0113s atbild\u0113sim uz j\u016bsu piepras\u012bjumu taj\u0101 pa\u0161\u0101 dien\u0101.<\/p>\n<p>&nbsp;<\/p>","protected":false},"excerpt":{"rendered":"<p>\u016adensp\u012bpes savienot\u0101js STEAMULATION Ir unik\u0101la forma, kas lieliski atbilst Steamulation Classic s\u0113rijas \u0161\u013c\u016btenes savienot\u0101jam, bez nepiecie\u0161am\u012bbas izmantot papildu gumijas bl\u012bves. \u0160is savienot\u0101js ir paredz\u0113ts, lai pievienotu papildu \u0161\u013c\u016bteni Steamulation Classic \u016bdensp\u012bpei. Specifik\u0101cija: Materi\u0101ls: Ner\u016bs\u0113jo\u0161ais t\u0113rauds Ra\u017eot\u0101jvalsts: V\u0101cija Vai ir k\u0101di jaut\u0101jumi? Sazinieties ar mums kontaktu lap\u0101 vai rakstiet mums uz m\u016bsu Facebook kontu un m\u0113s atbild\u0113sim uz j\u016bsu piepras\u012bjumu taj\u0101 pa\u0161\u0101 dien\u0101. &nbsp;<\/p>","protected":false},"featured_media":31359,"comment_status":"open","ping_status":"closed","template":"","meta":[],"_links":{"self":[{"href":"https:\/\/hookahshop.lt\/lv\/wp-json\/wp\/v2\/product\/31352"}],"collection":[{"href":"https:\/\/hookahshop.lt\/lv\/wp-json\/wp\/v2\/product"}],"about":[{"href":"https:\/\/hookahshop.lt\/lv\/wp-json\/wp\/v2\/types\/product"}],"replies":[{"embeddable":true,"href":"https:\/\/hookahshop.lt\/lv\/wp-json\/wp\/v2\/comments?post=31352"}],"version-history":[{"count":3,"href":"https:\/\/hookahshop.lt\/lv\/wp-json\/wp\/v2\/product\/31352\/revisions"}],"predecessor-version":[{"id":32800,"href":"https:\/\/hookahshop.lt\/lv\/wp-json\/wp\/v2\/product\/31352\/revisions\/32800"}],"wp:featuredmedia":[{"embeddable":true,"href":"https:\/\/hookahshop.lt\/lv\/wp-json\/wp\/v2\/media\/31359"}],"wp:attachment":[{"href":"https:\/\/hookahshop.lt\/lv\/wp-json\/wp\/v2\/media?parent=31352"}],"curies":[{"name":"wp","href":"https:\/\/api.w.org\/{rel}","templated":true}]}}