{"id":31360,"date":"2022-02-16T16:18:04","date_gmt":"2022-02-16T14:18:04","guid":{"rendered":"https:\/\/hookahshop.lt\/?post_type=product&#038;p=31360"},"modified":"2026-04-18T23:29:14","modified_gmt":"2026-04-18T20:29:14","slug":"jungtis-kaljanui-aladin-mvp","status":"publish","type":"product","link":"https:\/\/hookahshop.lt\/lv\/produkt\/saite-for-udenspipe-aladin-mvp\/","title":{"rendered":"\u0100\u0137a savienot\u0101js ALADIN MVP"},"content":{"rendered":"<h2>\u0100\u0137a savienot\u0101js ALADIN MVP<\/h2>\n<p>Papildu \u0161\u013c\u016btenes pievieno\u0161anai ALADIN MVP mode\u013ciem: MVP360, MVP370, MVP500, MVP510. \u0160is savienot\u0101js ir paredz\u0113ts papildu \u0161\u013c\u016btenes pievieno\u0161anai \u016bdensp\u012bpei ALADIN MVP.<\/p>\n<p><strong>Specifik\u0101cija:<\/strong><br \/>\nMateri\u0101ls: ner\u016bs\u0113jo\u0161ais t\u0113rauds<br \/>\nRa\u017eo\u0161anas valsts: V\u0101cija<\/p>\n<p>Vai jums ir k\u0101di jaut\u0101jumi? Sazinies ar mums\u00a0<a href=\"https:\/\/hookahshop.lt\/lv\/kontaktiem\/\">kontaktu lapa<\/a>\u00a0vai rakstiet mums pa e-pastu\u00a0<a href=\"https:\/\/facebook.com\/HookahShop.lt\/\" target=\"_blank\" rel=\"noopener noreferrer\">Facebook konts<\/a>\u00a0un m\u0113s atbild\u0113sim uz j\u016bsu piepras\u012bjumu taj\u0101 pa\u0161\u0101 dien\u0101.<\/p>","protected":false},"excerpt":{"rendered":"<p>Savienojums \u016bdensp\u012bpei ALADIN MVP Papildu \u0161\u013c\u016btenes pievieno\u0161anai \u016bdensp\u012bpei ALADIN MVP mode\u013ciem: MVP360, MVP370, MVP500, MVP510. \u0160is savienot\u0101js ir paredz\u0113ts papildu \u0161\u013c\u016btenes pievieno\u0161anai \u016bdensp\u012bpei ALADIN MVP. Specifik\u0101cija: Materi\u0101ls: Ner\u016bs\u0113jo\u0161ais t\u0113rauds Ra\u017eot\u0101jvalsts: V\u0101cija Vai ir k\u0101di jaut\u0101jumi? Sazinieties ar mums kontaktu lap\u0101 vai rakstiet mums uz m\u016bsu Facebook kontu un m\u0113s atbild\u0113sim uz j\u016bsu piepras\u012bjumu taj\u0101 pa\u0161\u0101 dien\u0101.<\/p>","protected":false},"featured_media":40919,"comment_status":"open","ping_status":"closed","template":"","meta":[],"_links":{"self":[{"href":"https:\/\/hookahshop.lt\/lv\/wp-json\/wp\/v2\/product\/31360"}],"collection":[{"href":"https:\/\/hookahshop.lt\/lv\/wp-json\/wp\/v2\/product"}],"about":[{"href":"https:\/\/hookahshop.lt\/lv\/wp-json\/wp\/v2\/types\/product"}],"replies":[{"embeddable":true,"href":"https:\/\/hookahshop.lt\/lv\/wp-json\/wp\/v2\/comments?post=31360"}],"version-history":[{"count":9,"href":"https:\/\/hookahshop.lt\/lv\/wp-json\/wp\/v2\/product\/31360\/revisions"}],"predecessor-version":[{"id":42991,"href":"https:\/\/hookahshop.lt\/lv\/wp-json\/wp\/v2\/product\/31360\/revisions\/42991"}],"wp:featuredmedia":[{"embeddable":true,"href":"https:\/\/hookahshop.lt\/lv\/wp-json\/wp\/v2\/media\/40919"}],"wp:attachment":[{"href":"https:\/\/hookahshop.lt\/lv\/wp-json\/wp\/v2\/media?parent=31360"}],"curies":[{"name":"wp","href":"https:\/\/api.w.org\/{rel}","templated":true}]}}