{"id":31523,"date":"2022-02-24T17:27:37","date_gmt":"2022-02-24T15:27:37","guid":{"rendered":"https:\/\/hookahshop.lt\/?post_type=product&#038;p=31523"},"modified":"2025-11-06T21:01:37","modified_gmt":"2025-11-06T19:01:37","slug":"kaljano-stovas-revolving-fog-tabula-black","status":"publish","type":"product","link":"https:\/\/hookahshop.lt\/lv\/produkt\/udenspipe-stativa-rotacijas-miglas-tabula-melna\/","title":{"rendered":"\u016adensp\u012bpes stat\u012bvs REVOLVING FOG Tabula Black"},"content":{"rendered":"<h2>\u016adensp\u012bpes stat\u012bvs REVOLVING FOG Tabula Black<\/h2>\n<p>Izstr\u0101d\u0101ts un izstr\u0101d\u0101ts, lai padar\u012btu \u016bdensp\u012bpes sm\u0113\u0137\u0113\u0161anu v\u0113l pat\u012bkam\u0101ku un \u0113rt\u0101ku. \u0160is produkts ne tikai pie\u0161\u0137ir papildu \u0161armu videi ar savu apgaismojumu, bet ar\u012b pie\u0161\u0137ir t\u0101 \u012bpa\u0161niekam ekskluzivit\u0101ti.<br \/>\n<strong>Iesp\u0113jas:<\/strong><br \/>\nCiets osis<br \/>\nIzstr\u0101d\u0101ts, lai nodro\u0161in\u0101tu \u016bdensp\u012bpes stabilit\u0101ti.<br \/>\nIesp\u0113ja izv\u0113l\u0113ties no 3 kr\u0101s\u0101m, kas piem\u0113rotas j\u016bsu \u016bdensp\u012bpei vai interjeram<br \/>\nRoku darbs, ra\u017eots Lietuv\u0101<br \/>\nAugstums: 4,3 cm<br \/>\nPlatums: 25 cm<\/p>\n<p>Vai jums ir k\u0101di jaut\u0101jumi? Sazinies ar mums\u00a0<a href=\"https:\/\/hookahshop.lt\/lv\/kontaktiem\/\">kontaktu lapa<\/a>\u00a0vai rakstiet mums pa e-pastu\u00a0<a href=\"https:\/\/facebook.com\/HookahShop.lt\/\" target=\"_blank\" rel=\"noopener noreferrer\">Facebook konts<\/a>\u00a0un m\u0113s atbild\u0113sim uz j\u016bsu piepras\u012bjumu taj\u0101 pa\u0161\u0101 dien\u0101.<\/p>\n<p>&nbsp;<\/p>","protected":false},"excerpt":{"rendered":"<p>\u016adensp\u012bpes stat\u012bvs REVOLVING FOG Tabula Black Rad\u012bts un izstr\u0101d\u0101ts, lai padar\u012btu \u016bdensp\u012bpes sm\u0113\u0137\u0113\u0161anu v\u0113l pat\u012bkam\u0101ku un \u0113rt\u0101ku. \u0160is produkts ne tikai pie\u0161\u0137ir papildu \u0161armu videi ar savu apgaismojumu, bet ar\u012b pie\u0161\u0137ir t\u0101 \u012bpa\u0161niekam ekskluzivit\u0101tes saj\u016btu. \u012apa\u0161\u012bbas: O\u0161a mas\u012bvkoks Izstr\u0101d\u0101ts, lai nodro\u0161in\u0101tu \u016bdensp\u012bpes stabilit\u0101ti. 3 kr\u0101su izv\u0113le, kas atbilst j\u016bsu \u016bdensp\u012bpei vai [...]<\/p>","protected":false},"featured_media":18043,"comment_status":"open","ping_status":"closed","template":"","meta":[],"_links":{"self":[{"href":"https:\/\/hookahshop.lt\/lv\/wp-json\/wp\/v2\/product\/31523"}],"collection":[{"href":"https:\/\/hookahshop.lt\/lv\/wp-json\/wp\/v2\/product"}],"about":[{"href":"https:\/\/hookahshop.lt\/lv\/wp-json\/wp\/v2\/types\/product"}],"replies":[{"embeddable":true,"href":"https:\/\/hookahshop.lt\/lv\/wp-json\/wp\/v2\/comments?post=31523"}],"version-history":[{"count":2,"href":"https:\/\/hookahshop.lt\/lv\/wp-json\/wp\/v2\/product\/31523\/revisions"}],"predecessor-version":[{"id":33886,"href":"https:\/\/hookahshop.lt\/lv\/wp-json\/wp\/v2\/product\/31523\/revisions\/33886"}],"wp:featuredmedia":[{"embeddable":true,"href":"https:\/\/hookahshop.lt\/lv\/wp-json\/wp\/v2\/media\/18043"}],"wp:attachment":[{"href":"https:\/\/hookahshop.lt\/lv\/wp-json\/wp\/v2\/media?parent=31523"}],"curies":[{"name":"wp","href":"https:\/\/api.w.org\/{rel}","templated":true}]}}