{"id":31557,"date":"2022-03-04T15:52:44","date_gmt":"2022-03-04T13:52:44","guid":{"rendered":"https:\/\/hookahshop.lt\/?post_type=product&#038;p=31557"},"modified":"2026-05-05T23:30:01","modified_gmt":"2026-05-05T20:30:01","slug":"sakute-yla-blade-gold","status":"publish","type":"product","link":"https:\/\/hookahshop.lt\/lv\/produkt\/sakute-yla-blade-gold\/","title":{"rendered":"Dak\u0161a ir BLADE Gold"},"content":{"rendered":"<h2>Dak\u0161a ir BLADE Gold<\/h2>\n<p>Iesai\u0146ojiet ide\u0101lo kr\u016bzi ar t\u012br\u0101m rok\u0101m. Nevainojams, kvalitat\u012bvs aksesu\u0101rs.<\/p>\n<p><strong>Specifik\u0101cija:<\/strong><br \/>\nMateri\u0101ls: ner\u016bs\u0113jo\u0161ais t\u0113rauds<br \/>\nKr\u0101sa: zelta<br \/>\nGarums: 16cm<br \/>\nPlatums: 1,5 cm<br \/>\nSvars: 40g.<\/p>\n<p>&nbsp;<\/p>\n<p>Vai jums ir k\u0101di jaut\u0101jumi? Sazinies ar mums\u00a0<a href=\"https:\/\/hookahshop.lt\/lv\/kontaktiem\/\">kontaktu lapa<\/a>\u00a0vai rakstiet mums pa e-pastu\u00a0<a href=\"https:\/\/facebook.com\/HookahShop.lt\/\" target=\"_blank\" rel=\"noopener noreferrer\">Facebook konts<\/a>\u00a0un m\u0113s atbild\u0113sim uz j\u016bsu piepras\u012bjumu taj\u0101 pa\u0161\u0101 dien\u0101.<\/p>","protected":false},"excerpt":{"rendered":"<p>Fork yla BLADE Gold Iesai\u0146ojiet perfektu stiklu ar t\u012br\u0101m rok\u0101m. Nevainojami, kvalitat\u012bvi apstr\u0101d\u0101ts aksesu\u0101rs. Specifik\u0101cija: Materi\u0101ls: ner\u016bs\u0113jo\u0161ais t\u0113rauds Kr\u0101sa: zelta Garums: 16cm Platums: 1,5cm Svars: 40g.  Vai jums ir k\u0101di jaut\u0101jumi? Sazinieties ar mums kontaktu lap\u0101 vai rakstiet mums uz m\u016bsu Facebook kontu un m\u0113s atbild\u0113sim uz j\u016bsu piepras\u012bjumu taj\u0101 pa\u0161\u0101 dien\u0101.<\/p>","protected":false},"featured_media":31558,"comment_status":"open","ping_status":"closed","template":"","meta":[],"_links":{"self":[{"href":"https:\/\/hookahshop.lt\/lv\/wp-json\/wp\/v2\/product\/31557"}],"collection":[{"href":"https:\/\/hookahshop.lt\/lv\/wp-json\/wp\/v2\/product"}],"about":[{"href":"https:\/\/hookahshop.lt\/lv\/wp-json\/wp\/v2\/types\/product"}],"replies":[{"embeddable":true,"href":"https:\/\/hookahshop.lt\/lv\/wp-json\/wp\/v2\/comments?post=31557"}],"version-history":[{"count":3,"href":"https:\/\/hookahshop.lt\/lv\/wp-json\/wp\/v2\/product\/31557\/revisions"}],"predecessor-version":[{"id":33175,"href":"https:\/\/hookahshop.lt\/lv\/wp-json\/wp\/v2\/product\/31557\/revisions\/33175"}],"wp:featuredmedia":[{"embeddable":true,"href":"https:\/\/hookahshop.lt\/lv\/wp-json\/wp\/v2\/media\/31558"}],"wp:attachment":[{"href":"https:\/\/hookahshop.lt\/lv\/wp-json\/wp\/v2\/media?parent=31557"}],"curies":[{"name":"wp","href":"https:\/\/api.w.org\/{rel}","templated":true}]}}