{"id":31573,"date":"2022-03-05T16:30:33","date_gmt":"2022-03-05T14:30:33","guid":{"rendered":"https:\/\/hookahshop.lt\/?post_type=product&#038;p=31573"},"modified":"2026-04-15T23:29:21","modified_gmt":"2026-04-15T20:29:21","slug":"taurele-kaljanui-oblako-killer-glazed-ocean-blue","status":"publish","type":"product","link":"https:\/\/hookahshop.lt\/lv\/produkt\/kauss-udenspipe-makonis-killer-glazets-okeans-zils\/","title":{"rendered":"Kr\u016bz\u012bte \u016bdensp\u012bpei OBLAKO Killer Glazed Ocean Blue"},"content":{"rendered":"<h2>Kr\u016bz\u012bte \u016bdensp\u012bpei OBLAKO Killer Glazed Ocean Blue<\/h2>\n<p>\u0160\u012b ir klasiska glaz\u0113ta gl\u0101ze, kas piem\u0113rota visu veidu tabakai, minim\u0101lai siltuma kontrolei!<br \/>\nKr\u016bze ir p\u0101rkl\u0101ta ar glaz\u016bru, pateicoties kurai t\u0101 ilgu laiku var saglab\u0101t s\u0101kotn\u0113j\u0101s \u012bpa\u0161\u012bbas un izskatu. OBLAKO izmanto tikai cilv\u0113kiem draudz\u012bgu p\u0101rtikas glaz\u016bru, ko partneri izstr\u0101d\u0101ju\u0161i specializ\u0113t\u0101s laboratorij\u0101s, kas atrodas G\u017eelskoje, vien\u0101 no tradicion\u0101lajiem keramikas ra\u017eo\u0161anas centriem Krievij\u0101.<\/p>\n<p>Tabakas tas\u0113 ir 25-30 g.<\/p>\n<p>Specifik\u0101cijas:<br \/>\nAugstums: 120mm<br \/>\nDiametrs (\u0101r\u0113jais): 72 mm<br \/>\nDiametrs (iek\u0161\u0113jais): 62mm<br \/>\nDzi\u013cums: 15mm<br \/>\nUrbuma diametrs: 8mm<br \/>\nUrbumu skaits: 5<br \/>\nSvars: apm\u0113ram 197 g.<\/p>\n<p>Vai jums ir k\u0101di jaut\u0101jumi? Sazinies ar mums\u00a0<a href=\"https:\/\/hookahshop.lt\/lv\/kontaktiem\/\">kontaktu lapa<\/a>\u00a0vai rakstiet mums pa e-pastu\u00a0<a href=\"https:\/\/facebook.com\/HookahShop.lt\/\" target=\"_blank\" rel=\"noopener noreferrer\">Facebook konts<\/a>\u00a0un m\u0113s atbild\u0113sim uz j\u016bsu piepras\u012bjumu taj\u0101 pa\u0161\u0101 dien\u0101.<\/p>","protected":false},"excerpt":{"rendered":"<p>\u016adensp\u012bpes kr\u016bze OBLAKO Killer Glazed Ocean Blue \u0160\u012b ir klasiska glaz\u0113ta kr\u016bze, piem\u0113rota visiem tabakas veidiem, minim\u0101la siltuma kontrole! Kr\u016bz\u012bte ir p\u0101rkl\u0101ta ar glaz\u016bru, pateicoties kurai t\u0101 var ilgsto\u0161i saglab\u0101t savas s\u0101kotn\u0113j\u0101s \u012bpa\u0161\u012bbas un izskatu. OBLAKO izmanto tikai cilv\u0113kiem dro\u0161u \u0113damo glaz\u016bru, ko izstr\u0101d\u0101ju\u0161i partneri specializ\u0113t\u0101s laboratorij\u0101s, kas atrodas G\u017ee\u013cskoje, vien\u0101 no tradicion\u0101lajiem Krievijas keramikas ra\u017eo\u0161anas centriem. Gl\u0101ze tabakas [\u2026]<\/p>","protected":false},"featured_media":31571,"comment_status":"open","ping_status":"closed","template":"","meta":[],"_links":{"self":[{"href":"https:\/\/hookahshop.lt\/lv\/wp-json\/wp\/v2\/product\/31573"}],"collection":[{"href":"https:\/\/hookahshop.lt\/lv\/wp-json\/wp\/v2\/product"}],"about":[{"href":"https:\/\/hookahshop.lt\/lv\/wp-json\/wp\/v2\/types\/product"}],"replies":[{"embeddable":true,"href":"https:\/\/hookahshop.lt\/lv\/wp-json\/wp\/v2\/comments?post=31573"}],"version-history":[{"count":4,"href":"https:\/\/hookahshop.lt\/lv\/wp-json\/wp\/v2\/product\/31573\/revisions"}],"predecessor-version":[{"id":37921,"href":"https:\/\/hookahshop.lt\/lv\/wp-json\/wp\/v2\/product\/31573\/revisions\/37921"}],"wp:featuredmedia":[{"embeddable":true,"href":"https:\/\/hookahshop.lt\/lv\/wp-json\/wp\/v2\/media\/31571"}],"wp:attachment":[{"href":"https:\/\/hookahshop.lt\/lv\/wp-json\/wp\/v2\/media?parent=31573"}],"curies":[{"name":"wp","href":"https:\/\/api.w.org\/{rel}","templated":true}]}}