{"id":31578,"date":"2022-03-05T18:06:46","date_gmt":"2022-03-05T16:06:46","guid":{"rendered":"https:\/\/hookahshop.lt\/?post_type=product&#038;p=31578"},"modified":"2026-04-15T23:29:22","modified_gmt":"2026-04-15T20:29:22","slug":"kolba-kaljanui-craft-blue-rainbow","status":"publish","type":"product","link":"https:\/\/hookahshop.lt\/lv\/produkt\/kolba-for-udenspipe-craft-blue-rainbow\/","title":{"rendered":"Kolba \u016bdensp\u012bpei CRAFT Blue Rainbow"},"content":{"rendered":"<h2>Kolba \u016bdensp\u012bpei CRAFT Blue Rainbow<\/h2>\n<p>Tam ir caursp\u012bd\u012bga kr\u0101sa, d\u016bmakains efekts, un glanc\u0113t\u0101s virsmas d\u0113\u013c tam ir v\u0113l \u0161iks un ekskluz\u012bv\u0101ks kr\u0101sas izskats. Piem\u0113rots gandr\u012bz vis\u0101m m\u016bsdienu \u016bdensp\u012bp\u0113m. Kolbas apmales pal\u012bdz\u0113s \u0113rti notur\u0113t \u016bdensp\u012bpi, lai neizsl\u012bd\u0113tu no rok\u0101m. \u0160\u012b kolba ir p\u0101rkl\u0101ta ar augstas kvalit\u0101tes kr\u0101su, kas laika gait\u0101 pal\u012bdz\u0113s saglab\u0101t kolbas t\u0113lu t\u0101, it k\u0101 t\u0101 b\u016btu jauna pat p\u0113c daudz\u0101m lieto\u0161anas reiz\u0113m. \u0160ai kolbai ir biezas sienas. Biezas sienas nodro\u0161in\u0101s sliktu ska\u0146as izol\u0101ciju, kas ir pietiekami svar\u012bga sm\u0113\u0137\u0113\u0161anai bez difuzora.<\/p>\n<p><strong><span title=\"\">Specifik\u0101cijas:<\/span><\/strong><br \/>\nAugstums: 259 mm<br \/>\nSvars: ~ 1410 g<br \/>\n\u0100r\u0113j\u0101 cauruma diametrs: 73 mm<br \/>\nIek\u0161\u0113j\u0101 cauruma diametrs: 45 mm<br \/>\nProdukta materi\u0101ls: stikls<\/p>\n<p>Vai jums ir k\u0101di jaut\u0101jumi? Sazinies ar mums\u00a0<a href=\"https:\/\/hookahshop.lt\/lv\/kontaktiem\/\">kontaktu lapa<\/a>\u00a0vai rakstiet mums pa e-pastu\u00a0<a href=\"https:\/\/facebook.com\/HookahShop.lt\/\" target=\"_blank\" rel=\"noopener noreferrer\">Facebook konts<\/a>\u00a0un m\u0113s atbild\u0113sim uz j\u016bsu piepras\u012bjumu taj\u0101 pa\u0161\u0101 dien\u0101.<\/p>","protected":false},"excerpt":{"rendered":"<p>\u016adensp\u012bpes kolba CRAFT Blue Rainbow Tai ir caursp\u012bd\u012bga kr\u0101sa ar d\u016bmakainu efektu, un, pateicoties sp\u012bd\u012bgajai virsmai, tai ir v\u0113l \u0161iks un ekskluz\u012bv\u0101ks kr\u0101sas izskats. Piem\u0113rots gandr\u012bz vis\u0101m m\u016bsdienu \u016bdensp\u012bp\u0113m. Kolbas mali\u0146a pal\u012bdz\u0113s \u0113rti notur\u0113t \u016bdensp\u012bpi, lai t\u0101 neizsl\u012bd\u0113tu no rok\u0101m. \u0160\u012b kolba ir p\u0101rkl\u0101ta ar augstas kvalit\u0101tes kr\u0101su, kas pal\u012bdz\u0113s saglab\u0101t kolbu t\u0101du, k\u0101da t\u0101 bija [\u2026]<\/p>","protected":false},"featured_media":31579,"comment_status":"open","ping_status":"closed","template":"","meta":[],"_links":{"self":[{"href":"https:\/\/hookahshop.lt\/lv\/wp-json\/wp\/v2\/product\/31578"}],"collection":[{"href":"https:\/\/hookahshop.lt\/lv\/wp-json\/wp\/v2\/product"}],"about":[{"href":"https:\/\/hookahshop.lt\/lv\/wp-json\/wp\/v2\/types\/product"}],"replies":[{"embeddable":true,"href":"https:\/\/hookahshop.lt\/lv\/wp-json\/wp\/v2\/comments?post=31578"}],"version-history":[{"count":7,"href":"https:\/\/hookahshop.lt\/lv\/wp-json\/wp\/v2\/product\/31578\/revisions"}],"predecessor-version":[{"id":45013,"href":"https:\/\/hookahshop.lt\/lv\/wp-json\/wp\/v2\/product\/31578\/revisions\/45013"}],"wp:featuredmedia":[{"embeddable":true,"href":"https:\/\/hookahshop.lt\/lv\/wp-json\/wp\/v2\/media\/31579"}],"wp:attachment":[{"href":"https:\/\/hookahshop.lt\/lv\/wp-json\/wp\/v2\/media?parent=31578"}],"curies":[{"name":"wp","href":"https:\/\/api.w.org\/{rel}","templated":true}]}}