{"id":31586,"date":"2022-03-05T18:46:32","date_gmt":"2022-03-05T16:46:32","guid":{"rendered":"https:\/\/hookahshop.lt\/?post_type=product&#038;p=31586"},"modified":"2026-04-24T23:29:47","modified_gmt":"2026-04-24T20:29:47","slug":"kolba-kaljanui-drop-tinted-pearl","status":"publish","type":"product","link":"https:\/\/hookahshop.lt\/lv\/produkt\/kolba-for-udenspipe-pilienu-toneta-perle\/","title":{"rendered":"Kolba \u016bdensp\u012bpei DROP Ton\u0113ta p\u0113rle"},"content":{"rendered":"<h2>Kolba \u016bdensp\u012bpei DROP Ton\u0113ta p\u0113rle<\/h2>\n<p>Kolba ir izgatavota tikai ar rok\u0101m ar lab\u0101kajiem stikla p\u016bt\u0113jiem. Piliena forma ir viena no popul\u0101r\u0101kaj\u0101m tirg\u016b. Lieliski izskat\u0101s ar vis\u0101m \u016bdensp\u012bp\u0113m.<\/p>\n<p id=\"tw-target-text\" class=\"tw-data-text tw-text-large XcVN5d tw-ta\" dir=\"ltr\" data-placeholder=\"Vertimas\"><strong>Raksturojums:<\/strong><br \/>\nAugstums: 27 cm<br \/>\nKakla iek\u0161\u0113jais diametrs: 4,5 cm<br \/>\nKakla \u0101r\u0113jais diametrs: 7,2 cm<br \/>\nSvars: 1,5 kg<\/p>\n<p dir=\"ltr\" data-placeholder=\"Vertimas\">Vai jums ir k\u0101di jaut\u0101jumi? Sazinies ar mums\u00a0<a href=\"https:\/\/hookahshop.lt\/lv\/kontaktiem\/\">kontaktu lapa<\/a>\u00a0vai rakstiet mums pa e-pastu\u00a0<a href=\"https:\/\/facebook.com\/HookahShop.lt\/\" target=\"_blank\" rel=\"noopener noreferrer\">Facebook konts<\/a>\u00a0un m\u0113s atbild\u0113sim uz j\u016bsu piepras\u012bjumu taj\u0101 pa\u0161\u0101 dien\u0101.<\/p>","protected":false},"excerpt":{"rendered":"<p>\u016adensp\u012bpes kolba DROP Tinted Pearl Kolba ir izgatavota tikai ar rok\u0101m, ko veic lab\u0101kie stikla p\u016bt\u0113ji. Pilienu forma ir viena no popul\u0101r\u0101kaj\u0101m tirg\u016b. Lieliski izskat\u0101s ar vis\u0101m \u016bdensp\u012bp\u0113m. Raksturojums: Augstums: 27 cm Kakla iek\u0161\u0113jais diametrs: 4,5 cm Kakla \u0101r\u0113jais diametrs: 7,2 cm Svars: 1,5 kg Vai ir k\u0101di jaut\u0101jumi? Sazinieties ar mums kontaktu lap\u0101 vai rakstiet mums uz m\u016bsu Facebook kontu, un m\u0113s atbild\u0113sim uz j\u016bsu piepras\u012bjumu [\u2026]<\/p>","protected":false},"featured_media":31587,"comment_status":"open","ping_status":"closed","template":"","meta":[],"_links":{"self":[{"href":"https:\/\/hookahshop.lt\/lv\/wp-json\/wp\/v2\/product\/31586"}],"collection":[{"href":"https:\/\/hookahshop.lt\/lv\/wp-json\/wp\/v2\/product"}],"about":[{"href":"https:\/\/hookahshop.lt\/lv\/wp-json\/wp\/v2\/types\/product"}],"replies":[{"embeddable":true,"href":"https:\/\/hookahshop.lt\/lv\/wp-json\/wp\/v2\/comments?post=31586"}],"version-history":[{"count":5,"href":"https:\/\/hookahshop.lt\/lv\/wp-json\/wp\/v2\/product\/31586\/revisions"}],"predecessor-version":[{"id":33581,"href":"https:\/\/hookahshop.lt\/lv\/wp-json\/wp\/v2\/product\/31586\/revisions\/33581"}],"wp:featuredmedia":[{"embeddable":true,"href":"https:\/\/hookahshop.lt\/lv\/wp-json\/wp\/v2\/media\/31587"}],"wp:attachment":[{"href":"https:\/\/hookahshop.lt\/lv\/wp-json\/wp\/v2\/media?parent=31586"}],"curies":[{"name":"wp","href":"https:\/\/api.w.org\/{rel}","templated":true}]}}