{"id":31654,"date":"2022-03-08T23:08:25","date_gmt":"2022-03-08T21:08:25","guid":{"rendered":"https:\/\/hookahshop.lt\/?post_type=product&#038;p=31654"},"modified":"2026-04-14T23:29:27","modified_gmt":"2026-04-14T20:29:27","slug":"kaljanas-izzy-classic-v2","status":"publish","type":"product","link":"https:\/\/hookahshop.lt\/lv\/produkt\/udenspipe-izzy-classic-v2\/","title":{"rendered":"\u016adensp\u012bpe IZZY Classic V2"},"content":{"rendered":"<h2>\u016adensp\u012bpe IZZY Classic V2<\/h2>\n<p>Minim\u0101ls dizains, ar difuzora vilkmi (izklied\u0113t\u0101js no\u0146em - tiem, kam pat\u012bk klasisk\u0101 vilce) izgatavots no augstas kvalit\u0101tes ner\u016bs\u0113jo\u0161\u0101 t\u0113rauda AISI 304 un poliacet\u0101la.<\/p>\n<p><strong>Raksturojums:<\/strong><br \/>\nAugstums: 49 cm<br \/>\nV\u0101rpstas diametrs: 1,3 cm<br \/>\nSavienot\u0101js: O veida gredzens<br \/>\nDifuzors: J\u0101<br \/>\nMateri\u0101ls: ner\u016bs\u0113jo\u0161ais t\u0113rauds un poliacet\u0101ls<\/p>\n<p><strong>Apr\u012bkojums:<\/strong><br \/>\n\u016adensp\u012bpes v\u0101rpsta, pl\u0101ksne, iemuti, bl\u012bves, beton\u0113t\u0101js, difuzors.<\/p>\n<p>&nbsp;<\/p>\n<p>Vai jums ir k\u0101di jaut\u0101jumi? Sazinies ar mums\u00a0<a href=\"https:\/\/hookahshop.lt\/lv\/kontaktiem\/\">kontaktu lapa<\/a>\u00a0vai rakstiet mums pa e-pastu\u00a0<a href=\"https:\/\/facebook.com\/HookahShop.lt\/\" target=\"_blank\" rel=\"noopener noreferrer\">Facebook konts<\/a>\u00a0un m\u0113s atbild\u0113sim uz j\u016bsu piepras\u012bjumu taj\u0101 pa\u0161\u0101 dien\u0101.<\/p>","protected":false},"excerpt":{"rendered":"<p>\u016adensp\u012bpe IZZY Classic V2 Minim\u0101listisks dizains ar difuzora \u010daulu (difuzors ir no\u0146emams - tiem, kam pat\u012bk klasisk\u0101 \u010daula), izgatavota no augstas kvalit\u0101tes ner\u016bs\u0113jo\u0161\u0101 t\u0113rauda AISI 304 un poliacet\u0101la. Raksturojums: Augstums: 49 cm K\u0101ta diametrs: 1,3 cm Savienot\u0101js: O veida gredzens Difuzors: J\u0101 Materi\u0101ls: Ner\u016bs\u0113jo\u0161ais t\u0113rauds un poliacet\u0101ls Pilns komplekts: \u016adensp\u012bpes k\u0101ts, pl\u0101ksne, iemuti, bl\u012bves, savienot\u0101js, difuzors. Vai jums ir k\u0101di jaut\u0101jumi? Sazinieties ar mums kontaktlap\u0101 vai [\u2026]<\/p>","protected":false},"featured_media":31658,"comment_status":"open","ping_status":"closed","template":"","meta":[],"_links":{"self":[{"href":"https:\/\/hookahshop.lt\/lv\/wp-json\/wp\/v2\/product\/31654"}],"collection":[{"href":"https:\/\/hookahshop.lt\/lv\/wp-json\/wp\/v2\/product"}],"about":[{"href":"https:\/\/hookahshop.lt\/lv\/wp-json\/wp\/v2\/types\/product"}],"replies":[{"embeddable":true,"href":"https:\/\/hookahshop.lt\/lv\/wp-json\/wp\/v2\/comments?post=31654"}],"version-history":[{"count":4,"href":"https:\/\/hookahshop.lt\/lv\/wp-json\/wp\/v2\/product\/31654\/revisions"}],"predecessor-version":[{"id":31660,"href":"https:\/\/hookahshop.lt\/lv\/wp-json\/wp\/v2\/product\/31654\/revisions\/31660"}],"wp:featuredmedia":[{"embeddable":true,"href":"https:\/\/hookahshop.lt\/lv\/wp-json\/wp\/v2\/media\/31658"}],"wp:attachment":[{"href":"https:\/\/hookahshop.lt\/lv\/wp-json\/wp\/v2\/media?parent=31654"}],"curies":[{"name":"wp","href":"https:\/\/api.w.org\/{rel}","templated":true}]}}