{"id":31662,"date":"2022-03-08T23:35:26","date_gmt":"2022-03-08T21:35:26","guid":{"rendered":"https:\/\/hookahshop.lt\/?post_type=product&#038;p=31662"},"modified":"2026-04-22T23:29:41","modified_gmt":"2026-04-22T20:29:41","slug":"kaljanas-izzy-air-black","status":"publish","type":"product","link":"https:\/\/hookahshop.lt\/lv\/produkt\/udenspipe-izzy-gaiss-melns\/","title":{"rendered":"\u016adensp\u012bpe IZZY Air Black"},"content":{"rendered":"<h2>\u016adensp\u012bpe IZZY Air Black<\/h2>\n<p>Minim\u0101ls dizains, ar difuzora vilkmi (izklied\u0113t\u0101js no\u0146em - tiem, kam pat\u012bk klasisk\u0101 vilce) izgatavots no augstas kvalit\u0101tes ner\u016bs\u0113jo\u0161\u0101 t\u0113rauda un melna poliacet\u0101la.<\/p>\n<p><strong>Raksturojums:<\/strong><br \/>\nAugstums: 46 cm<br \/>\nSavienot\u0101js: O veida gredzens<br \/>\nDifuzors: J\u0101<br \/>\nMateri\u0101ls: ner\u016bs\u0113jo\u0161ais t\u0113rauds un poliacet\u0101ls<\/p>\n<p><strong>Apr\u012bkojums:<\/strong><br \/>\n\u016adensp\u012bpes v\u0101rpsta, pl\u0101ksne, iemuti, bl\u012bves, beton\u0113t\u0101js, difuzors.<\/p>\n<p>&nbsp;<\/p>\n<p>Vai jums ir k\u0101di jaut\u0101jumi? Sazinies ar mums\u00a0<a href=\"https:\/\/hookahshop.lt\/lv\/kontaktiem\/\">kontaktu lapa<\/a>\u00a0vai rakstiet mums pa e-pastu\u00a0<a href=\"https:\/\/facebook.com\/HookahShop.lt\/\" target=\"_blank\" rel=\"noopener noreferrer\">Facebook konts<\/a>\u00a0un m\u0113s atbild\u0113sim uz j\u016bsu piepras\u012bjumu taj\u0101 pa\u0161\u0101 dien\u0101.<\/p>","protected":false},"excerpt":{"rendered":"<p>\u016adensp\u012bpe IZZY Air Black Minim\u0101ls dizains, ar difuzora vilkmi (difuzors ir no\u0146emams - tiem, kam pat\u012bk klasiska vilk\u0161ana) no augstas kvalit\u0101tes ner\u016bs\u0113jo\u0161\u0101 t\u0113rauda un melna poliacet\u0101la. Raksturojums: Augstums: 46cm Savienot\u0101js: O veida gredzens Difuzors: J\u0101 Materi\u0101ls: Ner\u016bs\u0113jo\u0161ais t\u0113rauds un poliacet\u0101ls Pilns komplekts: \u016adensp\u012bpes v\u0101rpsta, pl\u0101ksne, iemuti, starplikas, savienot\u0101js, difuzors.  Vai jums ir k\u0101di jaut\u0101jumi? Sazinieties ar mums kontaktu lap\u0101 vai rakstiet mums uz m\u016bsu Facebook kontu un [\u2026]<\/p>","protected":false},"featured_media":31666,"comment_status":"open","ping_status":"closed","template":"","meta":[],"_links":{"self":[{"href":"https:\/\/hookahshop.lt\/lv\/wp-json\/wp\/v2\/product\/31662"}],"collection":[{"href":"https:\/\/hookahshop.lt\/lv\/wp-json\/wp\/v2\/product"}],"about":[{"href":"https:\/\/hookahshop.lt\/lv\/wp-json\/wp\/v2\/types\/product"}],"replies":[{"embeddable":true,"href":"https:\/\/hookahshop.lt\/lv\/wp-json\/wp\/v2\/comments?post=31662"}],"version-history":[{"count":4,"href":"https:\/\/hookahshop.lt\/lv\/wp-json\/wp\/v2\/product\/31662\/revisions"}],"predecessor-version":[{"id":32208,"href":"https:\/\/hookahshop.lt\/lv\/wp-json\/wp\/v2\/product\/31662\/revisions\/32208"}],"wp:featuredmedia":[{"embeddable":true,"href":"https:\/\/hookahshop.lt\/lv\/wp-json\/wp\/v2\/media\/31666"}],"wp:attachment":[{"href":"https:\/\/hookahshop.lt\/lv\/wp-json\/wp\/v2\/media?parent=31662"}],"curies":[{"name":"wp","href":"https:\/\/api.w.org\/{rel}","templated":true}]}}