{"id":31675,"date":"2022-03-09T14:11:05","date_gmt":"2022-03-09T12:11:05","guid":{"rendered":"https:\/\/hookahshop.lt\/?post_type=product&#038;p=31675"},"modified":"2026-04-17T23:29:46","modified_gmt":"2026-04-17T20:29:46","slug":"anglys-kaljanui-fumelo-25mm-250g","status":"publish","type":"product","link":"https:\/\/hookahshop.lt\/lv\/produkt\/ogles-udenspipei-fumelo-25mm-250g\/","title":{"rendered":"Oglek\u013ca \u016bdensp\u012bpei FUMELO 25mm 250g"},"content":{"rendered":"<h2>Oglek\u013ca \u016bdensp\u012bpei FUMELO 25mm 250g<\/h2>\n<p>\u0160\u012bs dab\u012bg\u0101s kokosriekstu ogles gandr\u012bz neizdala deguma smaku un neatst\u0101j p\u0113cgar\u0161u. \u0160\u012b ogle neatst\u0101j daudz pelnu un tai nav papildu arom\u0101tu. Ar \u0161\u012bm ogl\u0113m jums neb\u016bs j\u0101p\u016b\u0161 pelni, jo \u0161\u012bs ogles degot atst\u0101j \u013coti maz pelnu.<br \/>\nViena oglek\u013ca izm\u0113ri: 25x25x25mm<br \/>\nKast\u0113 ir 18 ogles (\u0113rtas ce\u013cojumiem).<br \/>\nNesatur \u0137\u012bmiskas piedevas.<br \/>\nK\u016bpinot, tas gandr\u012bz nemaina smar\u017eu vai gar\u0161u.<br \/>\nLai dedzin\u0101tu ogles, ir nepiecie\u0161ama elektrisk\u0101 pl\u012bts \u016bdensp\u012bpe, t\u016bristu g\u0101zes pl\u012bts vai taml\u012bdz\u012bgi.<br \/>\nIzcelsmes valsts: Indon\u0113zija<\/p>\n<p>Vai jums ir k\u0101di jaut\u0101jumi? Sazinies ar mums\u00a0<a href=\"https:\/\/hookahshop.lt\/lv\/kontaktiem\/\">kontaktu lapa<\/a>\u00a0vai rakstiet mums pa e-pastu\u00a0<a href=\"https:\/\/facebook.com\/HookahShop.lt\/\" target=\"_blank\" rel=\"noopener noreferrer\">Facebook konts<\/a>\u00a0un m\u0113s atbild\u0113sim uz j\u016bsu piepras\u012bjumu taj\u0101 pa\u0161\u0101 dien\u0101.<\/p>","protected":false},"excerpt":{"rendered":"<p>Kokogles \u016bdensp\u012bpei FUMELO 25mm 250g \u0160\u012b dab\u012bg\u0101 kokosriekstu ogle gandr\u012bz neizdala deguma smaku un neatst\u0101j p\u0113cgar\u0161u. \u0160\u012bs ogles neatst\u0101j daudz pelnu un tai nav papildu arom\u0101tu. Izmantojot \u0161\u012bs ogles, jums nevajadz\u0113s izp\u016bst pelnus, jo \u0161\u012bs ogles degot atst\u0101j \u013coti minim\u0101lu pelnu daudzumu. Viena oglek\u013ca izm\u0113ri: 25x25x25mm Kast\u012bt\u0113 ir 18 ogles (\u0113rti ce\u013co\u0161anai). Nesatur \u0137\u012bmiskas piedevas. [\u2026]<\/p>","protected":false},"featured_media":31672,"comment_status":"open","ping_status":"closed","template":"","meta":[],"_links":{"self":[{"href":"https:\/\/hookahshop.lt\/lv\/wp-json\/wp\/v2\/product\/31675"}],"collection":[{"href":"https:\/\/hookahshop.lt\/lv\/wp-json\/wp\/v2\/product"}],"about":[{"href":"https:\/\/hookahshop.lt\/lv\/wp-json\/wp\/v2\/types\/product"}],"replies":[{"embeddable":true,"href":"https:\/\/hookahshop.lt\/lv\/wp-json\/wp\/v2\/comments?post=31675"}],"version-history":[{"count":5,"href":"https:\/\/hookahshop.lt\/lv\/wp-json\/wp\/v2\/product\/31675\/revisions"}],"predecessor-version":[{"id":44647,"href":"https:\/\/hookahshop.lt\/lv\/wp-json\/wp\/v2\/product\/31675\/revisions\/44647"}],"wp:featuredmedia":[{"embeddable":true,"href":"https:\/\/hookahshop.lt\/lv\/wp-json\/wp\/v2\/media\/31672"}],"wp:attachment":[{"href":"https:\/\/hookahshop.lt\/lv\/wp-json\/wp\/v2\/media?parent=31675"}],"curies":[{"name":"wp","href":"https:\/\/api.w.org\/{rel}","templated":true}]}}