{"id":31680,"date":"2022-03-09T15:00:54","date_gmt":"2022-03-09T13:00:54","guid":{"rendered":"https:\/\/hookahshop.lt\/?post_type=product&#038;p=31680"},"modified":"2026-04-17T23:29:46","modified_gmt":"2026-04-17T20:29:46","slug":"kaljanas-mattpear-simple-m-slim-black","status":"publish","type":"product","link":"https:\/\/hookahshop.lt\/lv\/produkt\/udenspipe-mattpear-simple-m-slim-melns\/","title":{"rendered":"\u016adensp\u012bpe MATTPEAR Simple M Slim Black"},"content":{"rendered":"<h2>\u016adensp\u012bpe MATTPEAR Simple M Slim Black<\/h2>\n<p>\u0160\u012b ir vid\u0113ja izm\u0113ra \u016bdensp\u012bpe par pie\u0146emamu cenu, kas izgatavota no augstas kvalit\u0101tes plastmasas un ner\u016bs\u0113jo\u0161\u0101 t\u0113rauda.<\/p>\n<p><strong>\u0160\u012b mode\u013ca at\u0161\u0137ir\u012bg\u0101s iez\u012bmes:<\/strong><\/p>\n<p>Centr\u0101l\u0101 da\u013ca ir izgatavota no augstas kvalit\u0101tes plastmasas.<br \/>\nGroz\u0101mais difuzors, lai main\u012btu \u016bdensp\u012bpes iegrimi.<br \/>\nMasts ir piln\u012bb\u0101 no\u0146emams ar v\u012bt\u0146otiem savienojumiem, padarot to \u013coti ietilp\u012bgu un \u0113rtu transport\u0113\u0161anai.<\/p>\n<p>Vai jums ir k\u0101di jaut\u0101jumi? Sazinies ar mums\u00a0<a href=\"https:\/\/hookahshop.lt\/lv\/kontaktiem\/\">kontaktu lapa<\/a>\u00a0vai rakstiet mums pa e-pastu\u00a0<a href=\"https:\/\/facebook.com\/HookahShop.lt\/\" target=\"_blank\" rel=\"noopener noreferrer\">Facebook konts<\/a>\u00a0un m\u0113s atbild\u0113sim uz j\u016bsu piepras\u012bjumu taj\u0101 pa\u0161\u0101 dien\u0101.<\/p>","protected":false},"excerpt":{"rendered":"<p>\u016adensp\u012bpe MATTPEAR Simple M Slim Black \u0160\u012b ir vid\u0113ja izm\u0113ra \u016bdensp\u012bpe par pie\u0146emamu cenu, izgatavota no augstas kvalit\u0101tes plastmasas un ner\u016bs\u0113jo\u0161\u0101 t\u0113rauda. \u0160\u012b mode\u013ca at\u0161\u0137ir\u012bg\u0101s iez\u012bmes: Centr\u0101l\u0101 da\u013ca ir izgatavota no augstas kvalit\u0101tes plastmasas. Pagrie\u017eams difuzors, lai main\u012btu \u016bdensp\u012bpes vilkmi. K\u0101ts ir piln\u012bb\u0101 no\u0146emams ar v\u012bt\u0146otiem savienojumiem, t\u0101p\u0113c tas ir \u013coti ietilp\u012bgs un viegli transport\u0113jams. Vai jums ir k\u0101di jaut\u0101jumi? Sazinieties ar [\u2026]<\/p>","protected":false},"featured_media":31689,"comment_status":"open","ping_status":"closed","template":"","meta":[],"_links":{"self":[{"href":"https:\/\/hookahshop.lt\/lv\/wp-json\/wp\/v2\/product\/31680"}],"collection":[{"href":"https:\/\/hookahshop.lt\/lv\/wp-json\/wp\/v2\/product"}],"about":[{"href":"https:\/\/hookahshop.lt\/lv\/wp-json\/wp\/v2\/types\/product"}],"replies":[{"embeddable":true,"href":"https:\/\/hookahshop.lt\/lv\/wp-json\/wp\/v2\/comments?post=31680"}],"version-history":[{"count":2,"href":"https:\/\/hookahshop.lt\/lv\/wp-json\/wp\/v2\/product\/31680\/revisions"}],"predecessor-version":[{"id":31769,"href":"https:\/\/hookahshop.lt\/lv\/wp-json\/wp\/v2\/product\/31680\/revisions\/31769"}],"wp:featuredmedia":[{"embeddable":true,"href":"https:\/\/hookahshop.lt\/lv\/wp-json\/wp\/v2\/media\/31689"}],"wp:attachment":[{"href":"https:\/\/hookahshop.lt\/lv\/wp-json\/wp\/v2\/media?parent=31680"}],"curies":[{"name":"wp","href":"https:\/\/api.w.org\/{rel}","templated":true}]}}