{"id":31690,"date":"2022-03-09T15:27:40","date_gmt":"2022-03-09T13:27:40","guid":{"rendered":"https:\/\/hookahshop.lt\/?post_type=product&#038;p=31690"},"modified":"2026-04-17T23:29:46","modified_gmt":"2026-04-17T20:29:46","slug":"kaljanas-ykap-mini-m3-red-su-krepsiu","status":"publish","type":"product","link":"https:\/\/hookahshop.lt\/lv\/produkt\/udenspipe-ykap-mini-m3-sarkans-ar-grozu\/","title":{"rendered":"\u016adensp\u012bpe YKAP Mini M3 Red ar somu"},"content":{"rendered":"<h2>\u016adensp\u012bpe YKAP Mini M3 Red ar somu<\/h2>\n<p>T\u0101 ir maza un kvalitat\u012bva \u016bdensp\u012bpe, kas garant\u0113s pat\u012bkamu seansu un ir lieliski piem\u0113rota ce\u013cojumiem. Komplekt\u0101 ietilpst ne tikai soma \u016bdensp\u012bp\u0113m, bet ar\u012b soma aksesu\u0101riem. Ir ar\u012b iesp\u0113ja nomain\u012bt sarkanos \u016bdensp\u012bpes ielikt\u0146us pret melniem ielikt\u0146iem. \u016adensp\u012bpe ir izgatavota no augst\u0101k\u0101s kvalit\u0101tes materi\u0101liem, kas nodro\u0161in\u0101s \u016bdensp\u012bpes ilgm\u016b\u017e\u012bbu. Viegli velkams \u0101\u0137is.<\/p>\n<p><strong>Specifik\u0101cija:<\/strong><br \/>\nMateri\u0101ls: ner\u016bs\u0113jo\u0161ais t\u0113rauds un plastmasa<br \/>\nSilikona \u0161\u013c\u016btene<br \/>\nO veida gredzena savienot\u0101js<br \/>\nD\u016bmu izvad\u012b\u0161ana no aug\u0161as uz leju (no pl\u0101ksnes apak\u0161as)<br \/>\nAugstums: 38,5 cm<br \/>\n\u016adensp\u012bpes k\u0101ta diametrs: 1,1 cm<\/p>\n<p><strong>Apr\u012bkojums:<\/strong><br \/>\nK\u0101ti\u0146\u0161 (sarkans un melns), difuzors, kolba, silikona \u0161\u013c\u016btene, soma piederumiem, soma \u016bdensp\u012bpei<\/p>\n<p>Vai jums ir k\u0101di jaut\u0101jumi? Sazinies ar mums\u00a0<a href=\"https:\/\/hookahshop.lt\/lv\/kontaktiem\/\">kontaktu lapa<\/a>\u00a0vai rakstiet mums pa e-pastu\u00a0<a href=\"https:\/\/facebook.com\/HookahShop.lt\/\" target=\"_blank\" rel=\"noopener noreferrer\">Facebook konts<\/a>\u00a0un m\u0113s atbild\u0113sim uz j\u016bsu piepras\u012bjumu taj\u0101 pa\u0161\u0101 dien\u0101.<\/p>","protected":false},"excerpt":{"rendered":"<p>\u016adensp\u012bpe YKAP Mini M3 Red ar maisi\u0146u \u0160\u012b ir maza un augstas kvalit\u0101tes \u016bdensp\u012bpe, kas garant\u0113s pat\u012bkamu p\u0113r\u0161an\u0101s seansu un ir lieliski piem\u0113rota ce\u013cojumiem. Komplekt\u0101 ietilpst ne tikai maisi\u0146\u0161 \u016bdensp\u012bpei, bet ar\u012b maisi\u0146\u0161 aksesu\u0101ru un uzga\u013cu glab\u0101\u0161anai. Ir ar\u012b iesp\u0113ja nomain\u012bt sarkanos \u016bdensp\u012bpes ielikt\u0146us pret melniem. \u016adensp\u012bpe ir izgatavota, izmantojot augst\u0101k\u0101s kvalit\u0101tes materi\u0101lus, kas [\u2026]<\/p>","protected":false},"featured_media":31691,"comment_status":"open","ping_status":"closed","template":"","meta":[],"_links":{"self":[{"href":"https:\/\/hookahshop.lt\/lv\/wp-json\/wp\/v2\/product\/31690"}],"collection":[{"href":"https:\/\/hookahshop.lt\/lv\/wp-json\/wp\/v2\/product"}],"about":[{"href":"https:\/\/hookahshop.lt\/lv\/wp-json\/wp\/v2\/types\/product"}],"replies":[{"embeddable":true,"href":"https:\/\/hookahshop.lt\/lv\/wp-json\/wp\/v2\/comments?post=31690"}],"version-history":[{"count":4,"href":"https:\/\/hookahshop.lt\/lv\/wp-json\/wp\/v2\/product\/31690\/revisions"}],"predecessor-version":[{"id":36495,"href":"https:\/\/hookahshop.lt\/lv\/wp-json\/wp\/v2\/product\/31690\/revisions\/36495"}],"wp:featuredmedia":[{"embeddable":true,"href":"https:\/\/hookahshop.lt\/lv\/wp-json\/wp\/v2\/media\/31691"}],"wp:attachment":[{"href":"https:\/\/hookahshop.lt\/lv\/wp-json\/wp\/v2\/media?parent=31690"}],"curies":[{"name":"wp","href":"https:\/\/api.w.org\/{rel}","templated":true}]}}