{"id":31703,"date":"2022-03-09T16:33:43","date_gmt":"2022-03-09T14:33:43","guid":{"rendered":"https:\/\/hookahshop.lt\/?post_type=product&#038;p=31703"},"modified":"2026-04-14T23:29:27","modified_gmt":"2026-04-14T20:29:27","slug":"kolba-kaljanui-craft-yellow","status":"publish","type":"product","link":"https:\/\/hookahshop.lt\/lv\/produkt\/kolba-for-udenspipe-craft-dzeltens\/","title":{"rendered":"Kolba \u016bdensp\u012bpei CRAFT Yellow"},"content":{"rendered":"<h2>Kolba \u016bdensp\u012bpei CRAFT Yellow<\/h2>\n<p>\u0160\u012b ir univers\u0101la dzeltena dzidra stikla kolba.<\/p>\n<p><strong><span title=\"\">Specifik\u0101cijas:<\/span><\/strong><br \/>\nAugstums: 265 mm<br \/>\nSvars: ~ 1620 g<br \/>\nKakla \u0101r\u0113jais diametrs: 74 mm<br \/>\nKakla iek\u0161\u0113jais diametrs: 47 mm<br \/>\nProdukta materi\u0101ls: stikls<\/p>\n<p>Vai jums ir k\u0101di jaut\u0101jumi? Sazinies ar mums\u00a0<a href=\"https:\/\/hookahshop.lt\/lv\/kontaktiem\/\">kontaktu lapa<\/a>\u00a0vai rakstiet mums pa e-pastu\u00a0<a href=\"https:\/\/facebook.com\/HookahShop.lt\/\" target=\"_blank\" rel=\"noopener noreferrer\">Facebook konts<\/a>\u00a0un m\u0113s atbild\u0113sim uz j\u016bsu piepras\u012bjumu taj\u0101 pa\u0161\u0101 dien\u0101.<\/p>","protected":false},"excerpt":{"rendered":"<p>Kolba kaljanui CRAFT Yellow Tai universali geltonai skaidri stiklin\u0117 kolba. Specifikacijos: Auk\u0161tis: 265 mm Svoris: ~ 1620 g I\u0161orinis kaklelio skersmuo: 74 mm Vidinis kaklelio skersmuo: 47 mm Produkto med\u017eiaga: stiklas Turite klausim\u0173? Susisiekite su mumis\u00a0kontakt\u0173 puslapyje\u00a0arba para\u0161ykite mums \u012f\u00a0Facebook paskyr\u0105\u00a0ir atsakysime \u012f j\u016bs\u0173 u\u017eklaus\u0105 dar t\u0105 pa\u010di\u0105 dien\u0105.<\/p>","protected":false},"featured_media":31707,"comment_status":"open","ping_status":"closed","template":"","meta":[],"_links":{"self":[{"href":"https:\/\/hookahshop.lt\/lv\/wp-json\/wp\/v2\/product\/31703"}],"collection":[{"href":"https:\/\/hookahshop.lt\/lv\/wp-json\/wp\/v2\/product"}],"about":[{"href":"https:\/\/hookahshop.lt\/lv\/wp-json\/wp\/v2\/types\/product"}],"replies":[{"embeddable":true,"href":"https:\/\/hookahshop.lt\/lv\/wp-json\/wp\/v2\/comments?post=31703"}],"version-history":[{"count":5,"href":"https:\/\/hookahshop.lt\/lv\/wp-json\/wp\/v2\/product\/31703\/revisions"}],"predecessor-version":[{"id":45113,"href":"https:\/\/hookahshop.lt\/lv\/wp-json\/wp\/v2\/product\/31703\/revisions\/45113"}],"wp:featuredmedia":[{"embeddable":true,"href":"https:\/\/hookahshop.lt\/lv\/wp-json\/wp\/v2\/media\/31707"}],"wp:attachment":[{"href":"https:\/\/hookahshop.lt\/lv\/wp-json\/wp\/v2\/media?parent=31703"}],"curies":[{"name":"wp","href":"https:\/\/api.w.org\/{rel}","templated":true}]}}