{"id":31731,"date":"2022-03-09T18:18:48","date_gmt":"2022-03-09T16:18:48","guid":{"rendered":"https:\/\/hookahshop.lt\/?post_type=product&#038;p=31731"},"modified":"2026-04-17T16:33:32","modified_gmt":"2026-04-17T13:33:32","slug":"taurele-kaljanui-oblako-phunnel-s-glazed-rose-gold","status":"publish","type":"product","link":"https:\/\/hookahshop.lt\/lv\/produkt\/kauss-udenspipe-makonis-piltuve-s-glazets-rozu-zelts\/","title":{"rendered":"Kauss \u016bdensp\u012bpei OBLAKO Phunnel S Glazed Rose Gold"},"content":{"rendered":"<h2>Kauss \u016bdensp\u012bpei OBLAKO Phunnel S Glazed Rose Gold<\/h2>\n<p>Tas ir glaz\u0113ts ikdienas sm\u0113\u0137\u0113\u0161anai, lieliski piem\u0113rots vieglai un smagai tabakai!<\/p>\n<p>Kr\u016bz\u012bte ir p\u0101rkl\u0101ta ar glaz\u016bru, pateicoties kurai t\u0101 var ilgsto\u0161i saglab\u0101t savas s\u0101kotn\u0113j\u0101s \u012bpa\u0161\u012bbas un izskatu. OBLAKO izmanto tikai cilv\u0113kiem draudz\u012bgu p\u0101rtikas glaz\u016bru, ko izstr\u0101d\u0101ju\u0161i partneri specializ\u0113t\u0101s laboratorij\u0101s, kas atrodas G\u017ee\u013cskoje, vien\u0101 no tradicion\u0101lajiem keramikas ra\u017eo\u0161anas centriem Krievij\u0101.<\/p>\n<p>Tabakas tase satur 12 l\u012bdz 15 gramus.<\/p>\n<p>Specifik\u0101cijas:<br \/>\nAugstums: 118 mm<br \/>\nDiametrs (\u0101r\u0113jais): 74 mm<br \/>\nDiametrs (iek\u0161\u0113jais): 68 mm<br \/>\nDzi\u013cums: 12 mm<br \/>\nUrbuma diametrs: 12 mm<br \/>\nUrbumu skaits: 1<br \/>\nSvars: apm\u0113ram 182 g.<\/p>\n<p>Vai jums ir k\u0101di jaut\u0101jumi? Sazinies ar mums\u00a0<a href=\"https:\/\/hookahshop.lt\/lv\/kontaktiem\/\">kontaktu lapa<\/a>\u00a0vai rakstiet mums pa e-pastu\u00a0<a href=\"https:\/\/facebook.com\/HookahShop.lt\/\" target=\"_blank\" rel=\"noopener noreferrer\">Facebook konts<\/a>\u00a0un m\u0113s atbild\u0113sim uz j\u016bsu piepras\u012bjumu taj\u0101 pa\u0161\u0101 dien\u0101.<\/p>","protected":false},"excerpt":{"rendered":"<p>\u016adensp\u012bpes b\u013coda OBLAKO Phunnel S Glazed Rose Gold Tas ir glaz\u0113ts, ikdienas sm\u0113\u0137\u0113\u0161anai, lieliski piem\u0113rots vieglai un smagai tabakai! Kr\u016bz\u012bte ir p\u0101rkl\u0101ta ar glaz\u016bru, pateicoties kurai t\u0101 var ilgsto\u0161i saglab\u0101t savas s\u0101kotn\u0113j\u0101s \u012bpa\u0161\u012bbas un izskatu. OBLAKO izmanto tikai cilv\u0113kiem dro\u0161u \u0113damo glaz\u016bru, ko izstr\u0101d\u0101ju\u0161i partneri specializ\u0113t\u0101s laboratorij\u0101s, kas atrodas vien\u0101 no tradicion\u0101lajiem Krievijas keramikas ra\u017eo\u0161anas centriem [\u2026]<\/p>","protected":false},"featured_media":31732,"comment_status":"open","ping_status":"closed","template":"","meta":[],"_links":{"self":[{"href":"https:\/\/hookahshop.lt\/lv\/wp-json\/wp\/v2\/product\/31731"}],"collection":[{"href":"https:\/\/hookahshop.lt\/lv\/wp-json\/wp\/v2\/product"}],"about":[{"href":"https:\/\/hookahshop.lt\/lv\/wp-json\/wp\/v2\/types\/product"}],"replies":[{"embeddable":true,"href":"https:\/\/hookahshop.lt\/lv\/wp-json\/wp\/v2\/comments?post=31731"}],"version-history":[{"count":3,"href":"https:\/\/hookahshop.lt\/lv\/wp-json\/wp\/v2\/product\/31731\/revisions"}],"predecessor-version":[{"id":31761,"href":"https:\/\/hookahshop.lt\/lv\/wp-json\/wp\/v2\/product\/31731\/revisions\/31761"}],"wp:featuredmedia":[{"embeddable":true,"href":"https:\/\/hookahshop.lt\/lv\/wp-json\/wp\/v2\/media\/31732"}],"wp:attachment":[{"href":"https:\/\/hookahshop.lt\/lv\/wp-json\/wp\/v2\/media?parent=31731"}],"curies":[{"name":"wp","href":"https:\/\/api.w.org\/{rel}","templated":true}]}}