{"id":31739,"date":"2022-03-09T18:44:09","date_gmt":"2022-03-09T16:44:09","guid":{"rendered":"https:\/\/hookahshop.lt\/?post_type=product&#038;p=31739"},"modified":"2026-04-17T16:33:32","modified_gmt":"2026-04-17T13:33:32","slug":"znyples-kaljano-anglims-embery-medium-gold","status":"publish","type":"product","link":"https:\/\/hookahshop.lt\/lv\/produkt\/udenspipe-ogles-udenspipe-embery-videji-zelts\/","title":{"rendered":"Knaibles \u016bdensp\u012bpes ogl\u0113m EMBERY Medium Gold"},"content":{"rendered":"<h2>Knaibles \u016bdensp\u012bpes ogl\u0113m EMBERY Medium Gold<\/h2>\n<p>Izcila izskata knaibles. \u0160\u012bs knaibles ir \u013coti \u0113rtas p\u0113c izm\u0113ra un neliecas, kad t\u0101s tiek lietotas. Izgatavots, izmantojot augstas kvalit\u0101tes materi\u0101lus.<\/p>\n<p><strong>Specifik\u0101cija:<\/strong><br \/>\nMateri\u0101ls: ner\u016bs\u0113jo\u0161ais t\u0113rauds<br \/>\nSvars: 62 g<br \/>\nGarums - 30 cm<br \/>\nKr\u0101sa - zeltaina<br \/>\nIzcelsmes valsts: Ukraina<\/p>\n<p>Vai jums ir k\u0101di jaut\u0101jumi? Sazinies ar mums\u00a0<a href=\"https:\/\/hookahshop.lt\/lv\/kontaktiem\/\">kontaktu lapa<\/a>\u00a0vai rakstiet mums pa e-pastu\u00a0<a href=\"https:\/\/facebook.com\/HookahShop.lt\/\" target=\"_blank\" rel=\"noopener noreferrer\">Facebook konts<\/a>\u00a0un m\u0113s atbild\u0113sim uz j\u016bsu piepras\u012bjumu taj\u0101 pa\u0161\u0101 dien\u0101.<\/p>\n<p>&nbsp;<\/p>","protected":false},"excerpt":{"rendered":"<p>Knaibles \u016bdensp\u012bpes ogl\u0113m EMBERY Medium Gold Knaibles ar unik\u0101lu izskatu. \u0160\u012bs knaibles ir \u013coti \u0113rta izm\u0113ra un nesabr\u016bk lieto\u0161anas laik\u0101. Izgatavots, izmantojot augstas kvalit\u0101tes materi\u0101lus. Specifik\u0101cija: Materi\u0101ls: ner\u016bs\u0113jo\u0161ais t\u0113rauds Svars: 62 g Garums - 30 cm Kr\u0101sa - zelts Izcelsmes valsts: Ukraina Vai ir k\u0101di jaut\u0101jumi? Sazinieties ar mums kontaktu lap\u0101 vai rakstiet mums uz m\u016bsu Facebook kontu, un m\u0113s atbild\u0113sim uz j\u016bsu piepras\u012bjumu [\u2026]<\/p>","protected":false},"featured_media":31740,"comment_status":"open","ping_status":"closed","template":"","meta":[],"_links":{"self":[{"href":"https:\/\/hookahshop.lt\/lv\/wp-json\/wp\/v2\/product\/31739"}],"collection":[{"href":"https:\/\/hookahshop.lt\/lv\/wp-json\/wp\/v2\/product"}],"about":[{"href":"https:\/\/hookahshop.lt\/lv\/wp-json\/wp\/v2\/types\/product"}],"replies":[{"embeddable":true,"href":"https:\/\/hookahshop.lt\/lv\/wp-json\/wp\/v2\/comments?post=31739"}],"version-history":[{"count":2,"href":"https:\/\/hookahshop.lt\/lv\/wp-json\/wp\/v2\/product\/31739\/revisions"}],"predecessor-version":[{"id":31759,"href":"https:\/\/hookahshop.lt\/lv\/wp-json\/wp\/v2\/product\/31739\/revisions\/31759"}],"wp:featuredmedia":[{"embeddable":true,"href":"https:\/\/hookahshop.lt\/lv\/wp-json\/wp\/v2\/media\/31740"}],"wp:attachment":[{"href":"https:\/\/hookahshop.lt\/lv\/wp-json\/wp\/v2\/media?parent=31739"}],"curies":[{"name":"wp","href":"https:\/\/api.w.org\/{rel}","templated":true}]}}