{"id":31788,"date":"2022-03-10T20:48:36","date_gmt":"2022-03-10T18:48:36","guid":{"rendered":"https:\/\/hookahshop.lt\/?post_type=product&#038;p=31788"},"modified":"2026-04-15T12:29:27","modified_gmt":"2026-04-15T09:29:27","slug":"lekste-kaljanui-alpha-hookah-smoking-lady","status":"publish","type":"product","link":"https:\/\/hookahshop.lt\/lv\/produkt\/lekste-udenspipe-alfa-udenspipe-smekejosa-dama\/","title":{"rendered":"\u0160\u0137\u012bvis \u016bdensp\u012bpei ALPHA HOOKAH Smoking Lady"},"content":{"rendered":"<h2>\u0160\u0137\u012bvis \u016bdensp\u012bpei ALPHA HOOKAH Smoking Lady<\/h2>\n<p>\u0160is produkts ir piem\u0113rots da\u017e\u0101d\u0101m \u016bdensp\u012bp\u0113m ne tikai no ra\u017eot\u0101ja Alpha Hookah, pirms \u016bdensp\u012bpes pl\u0101ksnes izstr\u0101d\u0101juma ieg\u0101des p\u0101rbaudiet, vai \u016bdensp\u012bpes specifik\u0101cijas atbilst \u0161\u012b produkta specifik\u0101cij\u0101m.<\/p>\n<p>Specifik\u0101cijas:<br \/>\nDiametrs: apm\u0113ram 19,7 cm,<br \/>\nCauruma diametrs: apm\u0113ram 2,1 cm,<br \/>\nBiezums: apm\u0113ram 1,3 cm<\/p>\n<p>Vai jums ir k\u0101di jaut\u0101jumi? Sazinies ar mums\u00a0<a href=\"https:\/\/hookahshop.lt\/lv\/kontaktiem\/\">kontaktu lapa<\/a>\u00a0vai rakstiet mums pa e-pastu\u00a0<a href=\"https:\/\/facebook.com\/HookahShop.lt\/\" target=\"_blank\" rel=\"noopener noreferrer\">Facebook konts<\/a>\u00a0un m\u0113s atbild\u0113sim uz j\u016bsu piepras\u012bjumu taj\u0101 pa\u0161\u0101 dien\u0101.<\/p>\n<p>&nbsp;<\/p>","protected":false},"excerpt":{"rendered":"<p>\u0160\u0137\u012bvis \u016bdensp\u012bpei ALPHA HOOKAH Smoking Lady \u0160is produkts ir piem\u0113rots da\u017e\u0101d\u0101m \u016bdensp\u012bp\u0113m ne tikai no ra\u017eot\u0101ja Alpha Hookah, pirms \u0161\u0137\u012bvja ieg\u0101des \u016bdensp\u012bpes produktam p\u0101rbaudiet vai \u016bdensp\u012bpes specifik\u0101cijas atbilst \u0161\u012bs preces specifik\u0101cij\u0101m. Specifik\u0101cijas: Diametrs: apm\u0113ram 19,7 cm, Cauruma diametrs: apm\u0113ram 2,1 cm, Biezums: apm\u0113ram 1,3 cm, Vai ir k\u0101di jaut\u0101jumi? Sazinieties ar mums kontaktu lap\u0101 vai rakstiet mums uz m\u016bsu Facebook kontu un m\u0113s atbild\u0113sim [\u2026]<\/p>","protected":false},"featured_media":31789,"comment_status":"open","ping_status":"closed","template":"","meta":[],"_links":{"self":[{"href":"https:\/\/hookahshop.lt\/lv\/wp-json\/wp\/v2\/product\/31788"}],"collection":[{"href":"https:\/\/hookahshop.lt\/lv\/wp-json\/wp\/v2\/product"}],"about":[{"href":"https:\/\/hookahshop.lt\/lv\/wp-json\/wp\/v2\/types\/product"}],"replies":[{"embeddable":true,"href":"https:\/\/hookahshop.lt\/lv\/wp-json\/wp\/v2\/comments?post=31788"}],"version-history":[{"count":4,"href":"https:\/\/hookahshop.lt\/lv\/wp-json\/wp\/v2\/product\/31788\/revisions"}],"predecessor-version":[{"id":34555,"href":"https:\/\/hookahshop.lt\/lv\/wp-json\/wp\/v2\/product\/31788\/revisions\/34555"}],"wp:featuredmedia":[{"embeddable":true,"href":"https:\/\/hookahshop.lt\/lv\/wp-json\/wp\/v2\/media\/31789"}],"wp:attachment":[{"href":"https:\/\/hookahshop.lt\/lv\/wp-json\/wp\/v2\/media?parent=31788"}],"curies":[{"name":"wp","href":"https:\/\/api.w.org\/{rel}","templated":true}]}}