{"id":31893,"date":"2022-03-27T18:29:48","date_gmt":"2022-03-27T15:29:48","guid":{"rendered":"https:\/\/hookahshop.lt\/?post_type=product&#038;p=31893"},"modified":"2026-04-24T23:29:48","modified_gmt":"2026-04-24T20:29:48","slug":"znyples-kaljano-anglims-embery-black","status":"publish","type":"product","link":"https:\/\/hookahshop.lt\/lv\/produkt\/udenspipe-udenspipe-ogles-embery-melns\/","title":{"rendered":"Knaibles \u016bdensp\u012bpes ogl\u0113m EMBERY Black"},"content":{"rendered":"<h2>Knaibles \u016bdensp\u012bpes ogl\u0113m EMBERY Black<\/h2>\n<p>Minim\u0101lisma dizaina knaibles no augstas kvalit\u0101tes materi\u0101liem. \u0160\u012bs knaibles ir \u013coti \u0113rtas p\u0113c izm\u0113ra un neliecas, kad t\u0101s tiek lietotas. T\u0101 kompaktuma d\u0113\u013c lieliski piem\u0113rota ce\u013cojumu \u016bdensp\u012bp\u0113m.<\/p>\n<p><strong>Specifik\u0101cija:<\/strong><br \/>\nMateri\u0101ls: ner\u016bs\u0113jo\u0161ais t\u0113rauds<br \/>\nGarums - 22 cm<br \/>\nKr\u0101sa melna<br \/>\nIzcelsmes valsts: Ukraina<\/p>\n<p>Vai jums ir k\u0101di jaut\u0101jumi? Sazinies ar mums\u00a0<a href=\"https:\/\/hookahshop.lt\/lv\/kontaktiem\/\">kontaktu lapa<\/a>\u00a0vai rakstiet mums pa e-pastu\u00a0<a href=\"https:\/\/facebook.com\/HookahShop.lt\/\" target=\"_blank\" rel=\"noopener noreferrer\">Facebook konts<\/a>\u00a0un m\u0113s atbild\u0113sim uz j\u016bsu piepras\u012bjumu taj\u0101 pa\u0161\u0101 dien\u0101.<\/p>","protected":false},"excerpt":{"rendered":"<p>Knaibles \u016bdensp\u012bpes ogl\u0113m EMBERY Black Minim\u0101lisma dizaina knaibles, izgatavotas no augstas kvalit\u0101tes materi\u0101liem. \u0160\u012bs knaibles ir \u013coti \u0113rta izm\u0113ra un nesabr\u016bk lieto\u0161anas laik\u0101. T\u0101 kompaktuma d\u0113\u013c lieliski piem\u0113rota ce\u013cojumu \u016bdensp\u012bp\u0113m. Specifik\u0101cija: Materi\u0101ls: ner\u016bs\u0113jo\u0161ais t\u0113rauds Garums - 22 cm Kr\u0101sa - melna Izcelsmes valsts: Ukraina K\u0101di jaut\u0101jumi? Sazinieties ar mums kontaktu lap\u0101 vai rakstiet mums uz m\u016bsu Facebook kontu un m\u0113s atbild\u0113sim [\u2026]<\/p>","protected":false},"featured_media":31894,"comment_status":"open","ping_status":"closed","template":"","meta":[],"_links":{"self":[{"href":"https:\/\/hookahshop.lt\/lv\/wp-json\/wp\/v2\/product\/31893"}],"collection":[{"href":"https:\/\/hookahshop.lt\/lv\/wp-json\/wp\/v2\/product"}],"about":[{"href":"https:\/\/hookahshop.lt\/lv\/wp-json\/wp\/v2\/types\/product"}],"replies":[{"embeddable":true,"href":"https:\/\/hookahshop.lt\/lv\/wp-json\/wp\/v2\/comments?post=31893"}],"version-history":[{"count":2,"href":"https:\/\/hookahshop.lt\/lv\/wp-json\/wp\/v2\/product\/31893\/revisions"}],"predecessor-version":[{"id":31896,"href":"https:\/\/hookahshop.lt\/lv\/wp-json\/wp\/v2\/product\/31893\/revisions\/31896"}],"wp:featuredmedia":[{"embeddable":true,"href":"https:\/\/hookahshop.lt\/lv\/wp-json\/wp\/v2\/media\/31894"}],"wp:attachment":[{"href":"https:\/\/hookahshop.lt\/lv\/wp-json\/wp\/v2\/media?parent=31893"}],"curies":[{"name":"wp","href":"https:\/\/api.w.org\/{rel}","templated":true}]}}