{"id":31985,"date":"2022-04-09T15:20:58","date_gmt":"2022-04-09T12:20:58","guid":{"rendered":"https:\/\/hookahshop.lt\/?post_type=product&#038;p=31985"},"modified":"2026-04-19T23:29:39","modified_gmt":"2026-04-19T20:29:39","slug":"kaljanas-jinni-hookah-rose-bronze","status":"publish","type":"product","link":"https:\/\/hookahshop.lt\/lv\/produkt\/udenspipe-dzinni-udenspipe-roze-bronza\/","title":{"rendered":"\u016adensp\u012bpe JINNI HOOKAH Rose Bronze"},"content":{"rendered":"<h2>\u016adensp\u012bpe JINNI HOOKAH Rose Bronze<\/h2>\n<p>Neliela alum\u012bnija un stikla kombin\u0101cija - ce\u013cojumu mini \u016bdensp\u012bpe. Lieliska, kompakta \u016bdensp\u012bpe.<\/p>\n<p><strong>Specifik\u0101cija:<\/strong><br \/>\n\u016adensp\u012bpes augstums: 20 cm<br \/>\n\u016adensp\u012bpes platums: 10 cm<\/p>\n<p><strong>Apr\u012bkojums:<\/strong><br \/>\n\u016adensp\u012bpe<br \/>\nKolba (stikls)<br \/>\nMutes iemutnis<br \/>\nSilikona \u0161\u013c\u016btene<br \/>\nPavasaris \u0161\u013c\u016bten\u0113m<br \/>\nKnaibles<br \/>\nVid\u0113ja l\u012bme\u0146a<br \/>\nSoma<\/p>\n<p><img decoding=\"async\" loading=\"lazy\" class=\"alignnone size-medium wp-image-38601\" src=\"https:\/\/hookahshop.lt\/wp-content\/uploads\/2021\/08\/jinni-komplektacija-1-300x273.jpg\" alt=\"- hookahshop.lt\" width=\"300\" height=\"273\" srcset=\"https:\/\/hookahshop.lt\/wp-content\/uploads\/2021\/08\/jinni-komplektacija-1-300x273.jpg 300w, https:\/\/hookahshop.lt\/wp-content\/uploads\/2021\/08\/jinni-komplektacija-1-13x12.jpg 13w, https:\/\/hookahshop.lt\/wp-content\/uploads\/2021\/08\/jinni-komplektacija-1-64x58.jpg 64w, https:\/\/hookahshop.lt\/wp-content\/uploads\/2021\/08\/jinni-komplektacija-1.jpg 420w\" sizes=\"(max-width: 300px) 100vw, 300px\" title=\"\"><\/p>\n<p>Vai jums ir k\u0101di jaut\u0101jumi? Sazinies ar mums\u00a0<a href=\"https:\/\/hookahshop.lt\/lv\/kontaktiem\/\">kontaktu lapa<\/a>\u00a0vai rakstiet mums pa e-pastu\u00a0<a href=\"https:\/\/facebook.com\/HookahShop.lt\/\" target=\"_blank\" rel=\"noopener noreferrer\">Facebook konts<\/a>\u00a0un m\u0113s atbild\u0113sim uz j\u016bsu piepras\u012bjumu taj\u0101 pa\u0161\u0101 dien\u0101.<\/p>","protected":false},"excerpt":{"rendered":"<p>\u016adensp\u012bpe JINNI HOOKAH Rose Bronze Neliela alum\u012bnija un stikla kombin\u0101cija - ce\u013cojumu mini \u016bdensp\u012bpe. Lieliska, kompakta \u016bdensp\u012bpe. Specifik\u0101cija: \u016adensp\u012bpes augstums: 20cm \u016adensp\u012bpes platums: 10cm Pilns komplekts: \u016adensp\u012bpes kolba (stikls) Iestr\u0101de Silikona \u0161\u013c\u016btene Atsperu \u0161\u013c\u016btenes Knaibles Starplikas Soma Vai jums ir k\u0101di jaut\u0101jumi? Sazinieties ar mums kontaktu lap\u0101 vai rakstiet mums uz m\u016bsu Facebook kontu un m\u0113s atbild\u0113sim uz j\u016bsu piepras\u012bjumu taj\u0101 pa\u0161\u0101 dien\u0101.<\/p>","protected":false},"featured_media":31986,"comment_status":"open","ping_status":"closed","template":"","meta":[],"_links":{"self":[{"href":"https:\/\/hookahshop.lt\/lv\/wp-json\/wp\/v2\/product\/31985"}],"collection":[{"href":"https:\/\/hookahshop.lt\/lv\/wp-json\/wp\/v2\/product"}],"about":[{"href":"https:\/\/hookahshop.lt\/lv\/wp-json\/wp\/v2\/types\/product"}],"replies":[{"embeddable":true,"href":"https:\/\/hookahshop.lt\/lv\/wp-json\/wp\/v2\/comments?post=31985"}],"version-history":[{"count":5,"href":"https:\/\/hookahshop.lt\/lv\/wp-json\/wp\/v2\/product\/31985\/revisions"}],"predecessor-version":[{"id":32105,"href":"https:\/\/hookahshop.lt\/lv\/wp-json\/wp\/v2\/product\/31985\/revisions\/32105"}],"wp:featuredmedia":[{"embeddable":true,"href":"https:\/\/hookahshop.lt\/lv\/wp-json\/wp\/v2\/media\/31986"}],"wp:attachment":[{"href":"https:\/\/hookahshop.lt\/lv\/wp-json\/wp\/v2\/media?parent=31985"}],"curies":[{"name":"wp","href":"https:\/\/api.w.org\/{rel}","templated":true}]}}