{"id":31990,"date":"2022-04-09T15:27:11","date_gmt":"2022-04-09T12:27:11","guid":{"rendered":"https:\/\/hookahshop.lt\/?post_type=product&#038;p=31990"},"modified":"2026-05-14T23:29:40","modified_gmt":"2026-05-14T20:29:40","slug":"kaljanas-jinni-hookah-silver","status":"publish","type":"product","link":"https:\/\/hookahshop.lt\/lv\/produkt\/udenspipe-dzinni-udenspipe-sudrabs\/","title":{"rendered":"Kaljanas JINNI HOOKAH Sudrabs"},"content":{"rendered":"<h2>Kaljanas JINNI HOOKAH Sudrabs<\/h2>\n<p>Neliela alum\u012bnija un stikla kombin\u0101cija - ce\u013cojumu mini \u016bdensp\u012bpe. Lieliska, kompakta \u016bdensp\u012bpe.<\/p>\n<p><strong>Specifik\u0101cija:<\/strong><br \/>\n\u016adensp\u012bpes augstums: 20 cm<br \/>\n\u016adensp\u012bpes platums: 10 cm<\/p>\n<p><strong>Apr\u012bkojums:<\/strong><br \/>\n\u016adensp\u012bpe<br \/>\nKolba (stikls)<br \/>\nMutes iemutnis<br \/>\nSilikona \u0161\u013c\u016btene<br \/>\nPavasaris \u0161\u013c\u016bten\u0113m<br \/>\nKnaibles<br \/>\nVid\u0113ja l\u012bme\u0146a<br \/>\nSoma<\/p>\n<p>Vai jums ir k\u0101di jaut\u0101jumi? Sazinies ar mums\u00a0<a href=\"https:\/\/hookahshop.lt\/lv\/kontaktiem\/\">kontaktu lapa<\/a>\u00a0vai rakstiet mums pa e-pastu\u00a0<a href=\"https:\/\/facebook.com\/HookahShop.lt\/\" target=\"_blank\" rel=\"noopener noreferrer\">Facebook konts<\/a>\u00a0un m\u0113s atbild\u0113sim uz j\u016bsu piepras\u012bjumu taj\u0101 pa\u0161\u0101 dien\u0101.<\/p>\n<p>&nbsp;<\/p>","protected":false},"excerpt":{"rendered":"<p>\u016adensp\u012bpe JINNI HOOKAH Sudraba Maza alum\u012bnija un stikla kombin\u0101cija - ce\u013cojumu mini \u016bdensp\u012bpe. Lieliska, kompakta \u016bdensp\u012bpe. Specifik\u0101cija: \u016adensp\u012bpes augstums: 20cm \u016adensp\u012bpes platums: 10cm Pilns komplekts: \u016adensp\u012bpes kolba (stikls) Iestr\u0101de Silikona \u0161\u013c\u016btene Atsperu \u0161\u013c\u016btenes Knaibles Starplikas maisi\u0146\u0161 Vai jums ir k\u0101di jaut\u0101jumi? Sazinieties ar mums kontaktu lap\u0101 vai rakstiet mums uz m\u016bsu Facebook kontu un m\u0113s atbild\u0113sim uz j\u016bsu piepras\u012bjumu taj\u0101 pa\u0161\u0101 dien\u0101. &nbsp;<\/p>","protected":false},"featured_media":31992,"comment_status":"open","ping_status":"closed","template":"","meta":[],"_links":{"self":[{"href":"https:\/\/hookahshop.lt\/lv\/wp-json\/wp\/v2\/product\/31990"}],"collection":[{"href":"https:\/\/hookahshop.lt\/lv\/wp-json\/wp\/v2\/product"}],"about":[{"href":"https:\/\/hookahshop.lt\/lv\/wp-json\/wp\/v2\/types\/product"}],"replies":[{"embeddable":true,"href":"https:\/\/hookahshop.lt\/lv\/wp-json\/wp\/v2\/comments?post=31990"}],"version-history":[{"count":3,"href":"https:\/\/hookahshop.lt\/lv\/wp-json\/wp\/v2\/product\/31990\/revisions"}],"predecessor-version":[{"id":32104,"href":"https:\/\/hookahshop.lt\/lv\/wp-json\/wp\/v2\/product\/31990\/revisions\/32104"}],"wp:featuredmedia":[{"embeddable":true,"href":"https:\/\/hookahshop.lt\/lv\/wp-json\/wp\/v2\/media\/31992"}],"wp:attachment":[{"href":"https:\/\/hookahshop.lt\/lv\/wp-json\/wp\/v2\/media?parent=31990"}],"curies":[{"name":"wp","href":"https:\/\/api.w.org\/{rel}","templated":true}]}}