{"id":31999,"date":"2022-04-09T16:35:20","date_gmt":"2022-04-09T13:35:20","guid":{"rendered":"https:\/\/hookahshop.lt\/?post_type=product&#038;p=31999"},"modified":"2026-04-15T12:29:28","modified_gmt":"2026-04-15T09:29:28","slug":"kandiklis-kaljanui-aladin-wave-black","status":"publish","type":"product","link":"https:\/\/hookahshop.lt\/lv\/produkt\/iemuti-for-udenspipe-aladin-wave-black\/","title":{"rendered":"\u0100\u0137is priek\u0161 ALADIN Wave Black"},"content":{"rendered":"<h2>\u0100\u0137is priek\u0161 ALADIN Wave Black<\/h2>\n<p>Tas ir viengabala neat\u0146emams iemutnis, piem\u0113rots gandr\u012bz vis\u0101m silikona \u0161\u013c\u016bten\u0113m. Piem\u0113rots da\u017e\u0101da veida vienreiz lietojamiem iemut\u0146iem.<\/p>\n<p><strong>Specifik\u0101cija:<\/strong><br \/>\nKr\u0101sa: melna (mat\u0113ta \/ sp\u012bd\u012bga)<br \/>\nMateri\u0101ls: alum\u012bnijs<br \/>\nIzm\u0113ri: 2 \u00d7 29 \/ 30cm<\/p>\n<p>Vai jums ir k\u0101di jaut\u0101jumi? Sazinies ar mums\u00a0<a href=\"https:\/\/hookahshop.lt\/lv\/kontaktiem\/\">kontaktu lapa<\/a>\u00a0vai rakstiet mums pa e-pastu\u00a0<a href=\"https:\/\/facebook.com\/HookahShop.lt\/\" target=\"_blank\" rel=\"noopener noreferrer\">Facebook konts<\/a>\u00a0un m\u0113s atbild\u0113sim uz j\u016bsu piepras\u012bjumu taj\u0101 pa\u0161\u0101 dien\u0101.<\/p>","protected":false},"excerpt":{"rendered":"<p>\u016adensp\u012bpes iemutis ALADIN Wave Black \u0160is ir viengabalains integr\u0113ts iemutis, kas piem\u0113rots gandr\u012bz vis\u0101m silikona \u0161\u013c\u016bten\u0113m. Piem\u0113rots da\u017e\u0101da veida vienreizlietojamiem iemutiem. Specifik\u0101cija: Kr\u0101sa: Melna (mat\u0113ta\/glanc\u0113ta) Materi\u0101ls: alum\u012bnijs Izm\u0113ri: 2\u00d729\/30cm Vai ir k\u0101di jaut\u0101jumi? Sazinieties ar mums kontaktu lap\u0101 vai rakstiet mums uz m\u016bsu Facebook kontu un m\u0113s atbild\u0113sim uz j\u016bsu piepras\u012bjumu taj\u0101 pa\u0161\u0101 dien\u0101.<\/p>","protected":false},"featured_media":32002,"comment_status":"open","ping_status":"closed","template":"","meta":[],"_links":{"self":[{"href":"https:\/\/hookahshop.lt\/lv\/wp-json\/wp\/v2\/product\/31999"}],"collection":[{"href":"https:\/\/hookahshop.lt\/lv\/wp-json\/wp\/v2\/product"}],"about":[{"href":"https:\/\/hookahshop.lt\/lv\/wp-json\/wp\/v2\/types\/product"}],"replies":[{"embeddable":true,"href":"https:\/\/hookahshop.lt\/lv\/wp-json\/wp\/v2\/comments?post=31999"}],"version-history":[{"count":4,"href":"https:\/\/hookahshop.lt\/lv\/wp-json\/wp\/v2\/product\/31999\/revisions"}],"predecessor-version":[{"id":45436,"href":"https:\/\/hookahshop.lt\/lv\/wp-json\/wp\/v2\/product\/31999\/revisions\/45436"}],"wp:featuredmedia":[{"embeddable":true,"href":"https:\/\/hookahshop.lt\/lv\/wp-json\/wp\/v2\/media\/32002"}],"wp:attachment":[{"href":"https:\/\/hookahshop.lt\/lv\/wp-json\/wp\/v2\/media?parent=31999"}],"curies":[{"name":"wp","href":"https:\/\/api.w.org\/{rel}","templated":true}]}}