{"id":32006,"date":"2022-04-09T18:10:20","date_gmt":"2022-04-09T15:10:20","guid":{"rendered":"https:\/\/hookahshop.lt\/?post_type=product&#038;p=32006"},"modified":"2026-04-17T16:33:32","modified_gmt":"2026-04-17T13:33:32","slug":"taurele-kaljanui-moon-turkish-black","status":"publish","type":"product","link":"https:\/\/hookahshop.lt\/lv\/produkt\/kauss-udenspipe-meness-turku-melns\/","title":{"rendered":"Kr\u016bz\u012bte \u016bdensp\u012bpei MOON Turkish Black"},"content":{"rendered":"<h2>Kr\u016bz\u012bte \u016bdensp\u012bpei MOON Turkish Black<\/h2>\n<p>Roku darbs, izcils izpild\u012bjums, izgatavots no augstas kvalit\u0101tes m\u0101la kr\u016bzes. Tirg\u016b jauns, vi\u0146iem str\u0101d\u0101ja tie pa\u0161i cilv\u0113ki, kas bija iesaist\u012bti Oblakas kausu izveid\u0113. Augstas kvalit\u0101tes m\u0101ls un glaz\u016bra ir ide\u0101la kombin\u0101cija.<br \/>\nTauta ir piem\u0113rota gan tum\u0161ajai, gan gai\u0161ajai tabakai.<br \/>\nKr\u016bzes ietilp\u012bba ir aptuveni 20-25 g (atkar\u012bb\u0101 no izmantot\u0101s iepako\u0161anas metodes).<\/p>\n<p>Tabakas sadal\u012b\u0161anai kr\u016bz\u0113 ir piestiprin\u0101ta koka dak\u0161a.<\/p>\n<p><strong>Raksturojums:<\/strong><br \/>\nMateri\u0101ls: m\u0101ls<br \/>\nAugstums: ~ 8 cm<br \/>\nPlatums: ~ 7,5 cm<br \/>\nTilpums: ~ 2,5 cm<\/p>\n<p>&nbsp;<\/p>\n<p>Vai jums ir k\u0101di jaut\u0101jumi? Sazinies ar mums\u00a0<a href=\"https:\/\/hookahshop.lt\/lv\/kontaktiem\/\">kontaktu lapa<\/a>\u00a0vai rakstiet mums pa e-pastu\u00a0<a href=\"https:\/\/facebook.com\/HookahShop.lt\/\" target=\"_blank\" rel=\"noopener noreferrer\">Facebook konts<\/a>\u00a0un m\u0113s atbild\u0113sim uz j\u016bsu piepras\u012bjumu taj\u0101 pa\u0161\u0101 dien\u0101.<\/p>","protected":false},"excerpt":{"rendered":"<p>Kr\u016bz\u012bte \u016bdensp\u012bpei MOON Turkish Black Roku darbs, izcila apstr\u0101de, kr\u016bz\u012bte no augstas kvalit\u0101tes m\u0101la. Tirg\u016b jaunums, pie tiem str\u0101d\u0101ja tie pa\u0161i cilv\u0113ki, kas bija iesaist\u012bti Oblak kausu izveid\u0113. Augstas kvalit\u0101tes m\u0101ls un glaz\u016bra ir ide\u0101la kombin\u0101cija. B\u013coda ir piem\u0113rota gan tum\u0161ai, gan gai\u0161ai tabakai. Kr\u016bz\u012btes ietilp\u012bba ir aptuveni 20-25 g (atkar\u012bb\u0101 no izmantot\u0101s iepako\u0161anas metodes). Koka [\u2026]<\/p>","protected":false},"featured_media":32007,"comment_status":"open","ping_status":"closed","template":"","meta":[],"_links":{"self":[{"href":"https:\/\/hookahshop.lt\/lv\/wp-json\/wp\/v2\/product\/32006"}],"collection":[{"href":"https:\/\/hookahshop.lt\/lv\/wp-json\/wp\/v2\/product"}],"about":[{"href":"https:\/\/hookahshop.lt\/lv\/wp-json\/wp\/v2\/types\/product"}],"replies":[{"embeddable":true,"href":"https:\/\/hookahshop.lt\/lv\/wp-json\/wp\/v2\/comments?post=32006"}],"version-history":[{"count":3,"href":"https:\/\/hookahshop.lt\/lv\/wp-json\/wp\/v2\/product\/32006\/revisions"}],"predecessor-version":[{"id":32097,"href":"https:\/\/hookahshop.lt\/lv\/wp-json\/wp\/v2\/product\/32006\/revisions\/32097"}],"wp:featuredmedia":[{"embeddable":true,"href":"https:\/\/hookahshop.lt\/lv\/wp-json\/wp\/v2\/media\/32007"}],"wp:attachment":[{"href":"https:\/\/hookahshop.lt\/lv\/wp-json\/wp\/v2\/media?parent=32006"}],"curies":[{"name":"wp","href":"https:\/\/api.w.org\/{rel}","templated":true}]}}