{"id":32013,"date":"2022-04-09T18:36:20","date_gmt":"2022-04-09T15:36:20","guid":{"rendered":"https:\/\/hookahshop.lt\/?post_type=product&#038;p=32013"},"modified":"2026-05-03T23:30:15","modified_gmt":"2026-05-03T20:30:15","slug":"znyples-kaljano-anglims-kaya-wing","status":"publish","type":"product","link":"https:\/\/hookahshop.lt\/lv\/produkt\/knaibles-udenspipe-ogle-kaja-sparns\/","title":{"rendered":"Knaibles \u016bdensp\u012bp\u0113m KAYA Wing"},"content":{"rendered":"<h2>Knaibles \u016bdensp\u012bp\u0113m KAYA Wing<\/h2>\n<p>Paredz\u0113ts karstu og\u013cu ievieto\u0161anai siltuma kamer\u0101 un \u0113rtai transport\u0113\u0161anai no siltuma kameras uz v\u0113lamo vietu.<\/p>\n<p><strong>Specifik\u0101cijas:<\/strong><br \/>\nGarums: 16 cm<br \/>\nPlatums: 2,5 cm<br \/>\nMateri\u0101ls: ner\u016bs\u0113jo\u0161ais t\u0113rauds<br \/>\nRa\u017eo\u0161anas valsts: V\u0101cija<\/p>\n<p>&nbsp;<\/p>\n<p>Vai jums ir k\u0101di jaut\u0101jumi? Sazinies ar mums\u00a0<a href=\"https:\/\/hookahshop.lt\/lv\/kontaktiem\/\">kontaktu lapa<\/a>\u00a0vai rakstiet mums pa e-pastu\u00a0<a href=\"https:\/\/facebook.com\/HookahShop.lt\/\" target=\"_blank\" rel=\"noopener noreferrer\">Facebook konts<\/a>\u00a0un m\u0113s atbild\u0113sim uz j\u016bsu piepras\u012bjumu taj\u0101 pa\u0161\u0101 dien\u0101.<\/p>","protected":false},"excerpt":{"rendered":"<p>Knaibles \u016bdensp\u012bpes ogl\u0113m KAYA Wing Paredz\u0113tas karstu og\u013cu ievieto\u0161anai siltuma kamer\u0101 un \u0113rtai transport\u0113\u0161anai no siltuma kameras uz v\u0113lamo vietu. Specifik\u0101cijas: Garums: 16 cm Platums: 2,5 cm Materi\u0101ls: Ner\u016bs\u0113jo\u0161ais t\u0113rauds Ra\u017eot\u0101jvalsts: V\u0101cija Vai ir k\u0101di jaut\u0101jumi? Sazinieties ar mums kontaktu lap\u0101 vai rakstiet mums Facebook, un m\u0113s atbild\u0113sim uz j\u016bsu piepras\u012bjumu taj\u0101 pa\u0161\u0101 dien\u0101.<\/p>","protected":false},"featured_media":32016,"comment_status":"open","ping_status":"closed","template":"","meta":[],"_links":{"self":[{"href":"https:\/\/hookahshop.lt\/lv\/wp-json\/wp\/v2\/product\/32013"}],"collection":[{"href":"https:\/\/hookahshop.lt\/lv\/wp-json\/wp\/v2\/product"}],"about":[{"href":"https:\/\/hookahshop.lt\/lv\/wp-json\/wp\/v2\/types\/product"}],"replies":[{"embeddable":true,"href":"https:\/\/hookahshop.lt\/lv\/wp-json\/wp\/v2\/comments?post=32013"}],"version-history":[{"count":5,"href":"https:\/\/hookahshop.lt\/lv\/wp-json\/wp\/v2\/product\/32013\/revisions"}],"predecessor-version":[{"id":32055,"href":"https:\/\/hookahshop.lt\/lv\/wp-json\/wp\/v2\/product\/32013\/revisions\/32055"}],"wp:featuredmedia":[{"embeddable":true,"href":"https:\/\/hookahshop.lt\/lv\/wp-json\/wp\/v2\/media\/32016"}],"wp:attachment":[{"href":"https:\/\/hookahshop.lt\/lv\/wp-json\/wp\/v2\/media?parent=32013"}],"curies":[{"name":"wp","href":"https:\/\/api.w.org\/{rel}","templated":true}]}}