{"id":32017,"date":"2022-04-09T19:24:30","date_gmt":"2022-04-09T16:24:30","guid":{"rendered":"https:\/\/hookahshop.lt\/?post_type=product&#038;p=32017"},"modified":"2026-04-21T23:30:03","modified_gmt":"2026-04-21T20:30:03","slug":"uzkuriklis-anglims-m-rosenfeld-fire-tower-3","status":"publish","type":"product","link":"https:\/\/hookahshop.lt\/lv\/produkt\/skiltavas-ogles-m-rozenfelda-ugunsdzesibas-tornis-3\/","title":{"rendered":"Oglek\u013ca aizdedze M ROSENFELD Fire Tower 3"},"content":{"rendered":"<h2>Oglek\u013ca aizdedze M ROSENFELD Fire Tower 3<\/h2>\n<p>Pal\u012bdz\u0113s \u0113rti uzsild\u012bt \u016bdensp\u012bpes ogles. Kompakts un viegli transport\u0113jams. Dab\u012bg\u0101s ogles uzsilst vid\u0113ji 5-10 min\u016bt\u0113s. No\u0146emamo oglek\u013ca papl\u0101ti ar rokturi oglek\u013ca papl\u0101tes p\u0101rvieto\u0161anai var izmantot k\u0101 knaibles. Regul\u0113jama temperat\u016bra l\u012bdz 6 l\u012bme\u0146iem ar termostatu.<\/p>\n<p><strong>Tehniskie dati:<\/strong><\/p>\n<p>Augstums: 19cm<br \/>\nAizdedzes platums: 15 cm<br \/>\nOglek\u013ca uzglab\u0101\u0161anas augstums: 3 cm<br \/>\nOglek\u013ca uzglab\u0101\u0161anas platums: 12 cm<br \/>\nTermostats: j\u0101<br \/>\nTemperat\u016bras l\u012bmenis: l\u012bdz 6<br \/>\nOglek\u013ca \u017eurn\u0101ls: ner\u016bs\u0113jo\u0161ais t\u0113rauds<br \/>\nJauda: 450 W<br \/>\nIzm\u0113ri: ~ 15 \u00d7 19 cm (og\u013cu konteiners 11 cm)<br \/>\nKr\u0101sa melna<br \/>\nKabe\u013ca garums: 1,5 m<\/p>\n<p><strong>Apr\u012bkojums:<\/strong><\/p>\n<p>Aizdedze ogl\u0113m, knaibles ogl\u0113m.<\/p>\n<p>Vai jums ir k\u0101di jaut\u0101jumi? Sazinies ar mums\u00a0<a href=\"https:\/\/hookahshop.lt\/lv\/kontaktiem\/\">kontaktu lapa<\/a>\u00a0vai rakstiet mums pa e-pastu\u00a0<a href=\"https:\/\/facebook.com\/HookahShop.lt\/\" target=\"_blank\" rel=\"noopener noreferrer\">Facebook konts<\/a>\u00a0un m\u0113s atbild\u0113sim uz j\u016bsu piepras\u012bjumu taj\u0101 pa\u0161\u0101 dien\u0101.<\/p>","protected":false},"excerpt":{"rendered":"<p>Og\u013cu \u0161\u0137iltavas M ROSENFELD Fire Tower 3 pal\u012bdz\u0113s \u0113rti uzsild\u012bt \u016bdensp\u012bpes ogles. Kompakts un viegli transport\u0113jams. Dab\u012bg\u0101s ogles uzsilst vid\u0113ji 5-10 min\u016bt\u0113s. No\u0146emama oglek\u013ca tvertne ar rokturi oglek\u013ca tvertnes p\u0101rvieto\u0161anai, un to var izmantot k\u0101 knaibles. Regul\u0113jama temperat\u016bra l\u012bdz 6 l\u012bme\u0146iem ar termostatu. Tehniskie dati: Augstums: 19cm \u0160\u0137iltavas platums: 15cm Oglek\u013ca augstums [...]<\/p>","protected":false},"featured_media":32018,"comment_status":"open","ping_status":"closed","template":"","meta":[],"_links":{"self":[{"href":"https:\/\/hookahshop.lt\/lv\/wp-json\/wp\/v2\/product\/32017"}],"collection":[{"href":"https:\/\/hookahshop.lt\/lv\/wp-json\/wp\/v2\/product"}],"about":[{"href":"https:\/\/hookahshop.lt\/lv\/wp-json\/wp\/v2\/types\/product"}],"replies":[{"embeddable":true,"href":"https:\/\/hookahshop.lt\/lv\/wp-json\/wp\/v2\/comments?post=32017"}],"version-history":[{"count":5,"href":"https:\/\/hookahshop.lt\/lv\/wp-json\/wp\/v2\/product\/32017\/revisions"}],"predecessor-version":[{"id":40223,"href":"https:\/\/hookahshop.lt\/lv\/wp-json\/wp\/v2\/product\/32017\/revisions\/40223"}],"wp:featuredmedia":[{"embeddable":true,"href":"https:\/\/hookahshop.lt\/lv\/wp-json\/wp\/v2\/media\/32018"}],"wp:attachment":[{"href":"https:\/\/hookahshop.lt\/lv\/wp-json\/wp\/v2\/media?parent=32017"}],"curies":[{"name":"wp","href":"https:\/\/api.w.org\/{rel}","templated":true}]}}