{"id":32042,"date":"2022-04-09T23:17:43","date_gmt":"2022-04-09T20:17:43","guid":{"rendered":"https:\/\/hookahshop.lt\/?post_type=product&#038;p=32042"},"modified":"2026-04-14T23:29:28","modified_gmt":"2026-04-14T20:29:28","slug":"karscio-kamera-babuschka-black","status":"publish","type":"product","link":"https:\/\/hookahshop.lt\/lv\/produkt\/siltuma-kamera-babuschka-melna\/","title":{"rendered":"Siltuma kamera BABUSCHKA Melna"},"content":{"rendered":"<h2>Siltuma kamera BABUSCHKA Melna<\/h2>\n<p>Izgatavots no augstas kvalit\u0101tes ner\u016bs\u0113jo\u0161\u0101 t\u0113rauda un var tur\u0113t l\u012bdz 3-4 oglek\u013ca kubi\u0146iem (25-26mm). Izmantojot ner\u016bs\u0113jo\u0161o t\u0113raudu, oglek\u013ca siltums tiek labi saglab\u0101ts un vienm\u0113r\u012bgi p\u0101rnests uz tabakas \/ \u016bdensp\u012bpes mais\u012bjumu.<\/p>\n<p><strong>Specifik\u0101cija<\/strong><br \/>\nMateri\u0101ls: ner\u016bs\u0113jo\u0161ais t\u0113rauds<br \/>\nDiametrs: 74mm<br \/>\nAugstums: 27mm<\/p>\n<p>Vai jums ir k\u0101di jaut\u0101jumi? Sazinies ar mums\u00a0<a href=\"https:\/\/hookahshop.lt\/lv\/kontaktiem\/\">kontaktu lapa<\/a>\u00a0vai rakstiet mums pa e-pastu\u00a0<a href=\"https:\/\/facebook.com\/HookahShop.lt\/\" target=\"_blank\" rel=\"noopener noreferrer\">Facebook konts<\/a>\u00a0un m\u0113s atbild\u0113sim uz j\u016bsu piepras\u012bjumu taj\u0101 pa\u0161\u0101 dien\u0101.<\/p>","protected":false},"excerpt":{"rendered":"<p>Siltuma kamera BABUSCHKA Black Izgatavota no augstas kvalit\u0101tes ner\u016bs\u0113jo\u0161\u0101 t\u0113rauda un var ievietot l\u012bdz 3-4 og\u013cu kubi\u0146iem (25-26mm). Izmantojot ner\u016bs\u0113jo\u0161o t\u0113raudu, ogles siltums tiek labi saglab\u0101ts un vienm\u0113r\u012bgi p\u0101rnests uz tabakas\/\u016bdensp\u012bpes mais\u012bjumu. Specifik\u0101cija Materi\u0101ls: ner\u016bs\u0113jo\u0161ais t\u0113rauds Diametrs: 74mm Augstums: 27mm Jaut\u0101jumi? Sazinieties ar mums kontaktu lap\u0101 vai rakstiet mums uz m\u016bsu Facebook kontu un m\u0113s atbild\u0113sim uz j\u016bsu piepras\u012bjumu taj\u0101 pa\u0161\u0101 [...]<\/p>","protected":false},"featured_media":32061,"comment_status":"open","ping_status":"closed","template":"","meta":[],"_links":{"self":[{"href":"https:\/\/hookahshop.lt\/lv\/wp-json\/wp\/v2\/product\/32042"}],"collection":[{"href":"https:\/\/hookahshop.lt\/lv\/wp-json\/wp\/v2\/product"}],"about":[{"href":"https:\/\/hookahshop.lt\/lv\/wp-json\/wp\/v2\/types\/product"}],"replies":[{"embeddable":true,"href":"https:\/\/hookahshop.lt\/lv\/wp-json\/wp\/v2\/comments?post=32042"}],"version-history":[{"count":2,"href":"https:\/\/hookahshop.lt\/lv\/wp-json\/wp\/v2\/product\/32042\/revisions"}],"predecessor-version":[{"id":32090,"href":"https:\/\/hookahshop.lt\/lv\/wp-json\/wp\/v2\/product\/32042\/revisions\/32090"}],"wp:featuredmedia":[{"embeddable":true,"href":"https:\/\/hookahshop.lt\/lv\/wp-json\/wp\/v2\/media\/32061"}],"wp:attachment":[{"href":"https:\/\/hookahshop.lt\/lv\/wp-json\/wp\/v2\/media?parent=32042"}],"curies":[{"name":"wp","href":"https:\/\/api.w.org\/{rel}","templated":true}]}}