{"id":32214,"date":"2022-04-23T18:45:09","date_gmt":"2022-04-23T15:45:09","guid":{"rendered":"https:\/\/hookahshop.lt\/?post_type=product&#038;p=32214"},"modified":"2026-04-17T23:29:46","modified_gmt":"2026-04-17T20:29:46","slug":"kaljanas-karma-hookah-mini-3-0","status":"publish","type":"product","link":"https:\/\/hookahshop.lt\/lv\/produkt\/udenspipe-karma-udenspipe-mini-3-0\/","title":{"rendered":"\u016adensp\u012bpe KARMA HOOKAH Mini\u00a03.0"},"content":{"rendered":"<h2>\u016adensp\u012bpe KARMA HOOKAH Mini\u00a03.0<\/h2>\n<p>KARMA HOOKAH v\u0101rpsta ir apr\u012bkota ar dab\u012bg\u0101 koka apdari, anod\u0113tu alum\u012bnija sakaus\u0113jumu un medic\u012bnisk\u0101s kvalit\u0101tes ner\u016bs\u0113jo\u0161\u0101 t\u0113rauda cauruli. Optim\u0101lais \u016bdensp\u012bpes k\u0101ta diametrs \u013caus pieredz\u0113ju\u0161iem cien\u012bt\u0101jiem izbaud\u012bt ori\u0123in\u0101lo gar\u0161u un arom\u0101tu.<\/p>\n<p><strong>Specifik\u0101cija:<\/strong><br \/>\nVilce: klasiska (bez difuzora)<br \/>\nV\u0101rpstas diametrs: 14 mm.<br \/>\nAugstums: 53 cm.<br \/>\nV\u0101rpstas materi\u0101ls: ner\u016bs\u0113jo\u0161ais t\u0113rauds.<br \/>\nV\u0101rpstas apdare: koks.<br \/>\nIzcelsmes valsts: Ukraina<\/p>\n<p><strong>Apr\u012bkojums:<\/strong> v\u0101rpsta (k\u0101ts), pl\u0101ksne, bl\u012bves, att\u012br\u012b\u0161anas v\u0101rsti, kr\u016bze.<\/p>\n<p><img decoding=\"async\" loading=\"lazy\" class=\"alignnone size-medium wp-image-38600\" src=\"https:\/\/hookahshop.lt\/wp-content\/uploads\/2021\/08\/taurele-stiebas-1-300x273.jpg\" alt=\"- hookahshop.lt\" width=\"300\" height=\"273\" srcset=\"https:\/\/hookahshop.lt\/wp-content\/uploads\/2021\/08\/taurele-stiebas-1-300x273.jpg 300w, https:\/\/hookahshop.lt\/wp-content\/uploads\/2021\/08\/taurele-stiebas-1-13x12.jpg 13w, https:\/\/hookahshop.lt\/wp-content\/uploads\/2021\/08\/taurele-stiebas-1-64x58.jpg 64w, https:\/\/hookahshop.lt\/wp-content\/uploads\/2021\/08\/taurele-stiebas-1.jpg 420w\" sizes=\"(max-width: 300px) 100vw, 300px\" title=\"\"><\/p>\n<p>Vai jums ir k\u0101di jaut\u0101jumi? Sazinies ar mums\u00a0<a href=\"https:\/\/hookahshop.lt\/lv\/kontaktiem\/\">kontaktu lapa<\/a>\u00a0vai rakstiet mums pa e-pastu\u00a0<a href=\"https:\/\/facebook.com\/HookahShop.lt\/\" target=\"_blank\" rel=\"noopener noreferrer\">Facebook konts<\/a>\u00a0un m\u0113s atbild\u0113sim uz j\u016bsu piepras\u012bjumu taj\u0101 pa\u0161\u0101 dien\u0101.<\/p>\n<p>&nbsp;<\/p>","protected":false},"excerpt":{"rendered":"<p>\u016adensp\u012bpe KARMA HOOKAH Mini 3.0 KARMA HOOKAH v\u0101rpsta ir apr\u012bkota ar dab\u012bg\u0101 koka apdari, anod\u0113tu alum\u012bnija sakaus\u0113jumu un medic\u012bnisk\u0101s kvalit\u0101tes ner\u016bs\u0113jo\u0161\u0101 t\u0113rauda cauruli. Optim\u0101lais \u016bdensp\u012bpes k\u0101ta diametrs \u013caus pieredz\u0113ju\u0161iem cien\u012bt\u0101jiem izbaud\u012bt ori\u0123in\u0101lo gar\u0161u un arom\u0101tu. Specifik\u0101cija: Vilce: klasiska (bez difuzora) V\u0101rpstas diametrs: 14mm. Augstums: 53 cm. V\u0101rpstas materi\u0101ls: ner\u016bs\u0113jo\u0161ais t\u0113rauds. V\u0101rpstas apdare: koks. Izcelsmes valsts: Ukraina Iepakojums: [\u2026]<\/p>","protected":false},"featured_media":32215,"comment_status":"open","ping_status":"closed","template":"","meta":[],"_links":{"self":[{"href":"https:\/\/hookahshop.lt\/lv\/wp-json\/wp\/v2\/product\/32214"}],"collection":[{"href":"https:\/\/hookahshop.lt\/lv\/wp-json\/wp\/v2\/product"}],"about":[{"href":"https:\/\/hookahshop.lt\/lv\/wp-json\/wp\/v2\/types\/product"}],"replies":[{"embeddable":true,"href":"https:\/\/hookahshop.lt\/lv\/wp-json\/wp\/v2\/comments?post=32214"}],"version-history":[{"count":5,"href":"https:\/\/hookahshop.lt\/lv\/wp-json\/wp\/v2\/product\/32214\/revisions"}],"predecessor-version":[{"id":45752,"href":"https:\/\/hookahshop.lt\/lv\/wp-json\/wp\/v2\/product\/32214\/revisions\/45752"}],"wp:featuredmedia":[{"embeddable":true,"href":"https:\/\/hookahshop.lt\/lv\/wp-json\/wp\/v2\/media\/32215"}],"wp:attachment":[{"href":"https:\/\/hookahshop.lt\/lv\/wp-json\/wp\/v2\/media?parent=32214"}],"curies":[{"name":"wp","href":"https:\/\/api.w.org\/{rel}","templated":true}]}}