{"id":32227,"date":"2022-04-23T19:11:09","date_gmt":"2022-04-23T16:11:09","guid":{"rendered":"https:\/\/hookahshop.lt\/?post_type=product&#038;p=32227"},"modified":"2026-04-08T13:49:57","modified_gmt":"2026-04-08T10:49:57","slug":"kandiklis-kaljanui-karma-metal-glosse-black","status":"publish","type":"product","link":"https:\/\/hookahshop.lt\/lv\/produkt\/iemuti-for-udenspipe-karma-metala-glancets-melns\/","title":{"rendered":"\u016adensp\u012bpes \u0101\u0137is KARMA Metal Glosse Black"},"content":{"rendered":"<p><strong>\u016adensp\u012bpes \u0101\u0137is KARMA Metal Glosse Black<\/strong><\/p>\n<p>Ori\u0123in\u0101ls ner\u016bs\u0113jo\u0161\u0101 t\u0113rauda iemutnis no slaven\u0101 Ukrainas ra\u017eot\u0101ja KARMA Hookah.<\/p>\n<p><strong>Specifik\u0101cija:<\/strong><br \/>\nMateri\u0101ls: anod\u0113ts alum\u012bnijs<br \/>\nGarums: 44 cm<br \/>\nKr\u0101sa: melna sp\u012bd\u012bga<\/p>\n<p>Vai jums ir k\u0101di jaut\u0101jumi? Sazinies ar mums\u00a0<a href=\"https:\/\/hookahshop.lt\/lv\/kontaktiem\/\">kontaktu lapa<\/a>\u00a0vai rakstiet mums pa e-pastu\u00a0<a href=\"https:\/\/facebook.com\/HookahShop.lt\/\" target=\"_blank\" rel=\"noopener noreferrer\">Facebook konts<\/a>\u00a0un m\u0113s atbild\u0113sim uz j\u016bsu piepras\u012bjumu taj\u0101 pa\u0161\u0101 dien\u0101.<\/p>","protected":false},"excerpt":{"rendered":"<p>\u016adensp\u012bpes iemuti KARMA Metal Glosse Black Ori\u0123in\u0101ls paz\u012bstam\u0101 Ukrainas ra\u017eot\u0101ja KARMA Hookah ner\u016bs\u0113jo\u0161\u0101 t\u0113rauda iemuti. Specifik\u0101cija: Materi\u0101ls: Anod\u0113ts alum\u012bnijs Garums: 44cm Kr\u0101sa: sp\u012bd\u012bgi melna Vai ir k\u0101di jaut\u0101jumi? Sazinieties ar mums kontaktu lap\u0101 vai rakstiet mums uz m\u016bsu Facebook kontu un m\u0113s atbild\u0113sim uz j\u016bsu piepras\u012bjumu taj\u0101 pa\u0161\u0101 dien\u0101.<\/p>","protected":false},"featured_media":32228,"comment_status":"open","ping_status":"closed","template":"","meta":[],"_links":{"self":[{"href":"https:\/\/hookahshop.lt\/lv\/wp-json\/wp\/v2\/product\/32227"}],"collection":[{"href":"https:\/\/hookahshop.lt\/lv\/wp-json\/wp\/v2\/product"}],"about":[{"href":"https:\/\/hookahshop.lt\/lv\/wp-json\/wp\/v2\/types\/product"}],"replies":[{"embeddable":true,"href":"https:\/\/hookahshop.lt\/lv\/wp-json\/wp\/v2\/comments?post=32227"}],"version-history":[{"count":4,"href":"https:\/\/hookahshop.lt\/lv\/wp-json\/wp\/v2\/product\/32227\/revisions"}],"predecessor-version":[{"id":44269,"href":"https:\/\/hookahshop.lt\/lv\/wp-json\/wp\/v2\/product\/32227\/revisions\/44269"}],"wp:featuredmedia":[{"embeddable":true,"href":"https:\/\/hookahshop.lt\/lv\/wp-json\/wp\/v2\/media\/32228"}],"wp:attachment":[{"href":"https:\/\/hookahshop.lt\/lv\/wp-json\/wp\/v2\/media?parent=32227"}],"curies":[{"name":"wp","href":"https:\/\/api.w.org\/{rel}","templated":true}]}}