{"id":32243,"date":"2022-04-26T18:40:56","date_gmt":"2022-04-26T15:40:56","guid":{"rendered":"https:\/\/hookahshop.lt\/?post_type=product&#038;p=32243"},"modified":"2026-04-18T23:29:16","modified_gmt":"2026-04-18T20:29:16","slug":"taurele-kaljanui-upgrade-form-big","status":"publish","type":"product","link":"https:\/\/hookahshop.lt\/lv\/produkt\/kauss-udenspipe-upgrade-form-liels\/","title":{"rendered":"Kr\u016bz\u012bte \u016bdensp\u012bpei UPGRADE Form Big"},"content":{"rendered":"<h2>Kr\u016bz\u012bte \u016bdensp\u012bpei UPGRADE Form Big<\/h2>\n<p>Izgatavots no \u012bpa\u0161a m\u0101la-majolika sast\u0101va, kas izv\u0113l\u0113ts, lai pan\u0101ktu optim\u0101lu tabakas sild\u012b\u0161anu ar minim\u0101lu deg\u0161anu. \u0160\u012b kr\u016bze izce\u013cas ar savu iztur\u012bbu, iztur\u012bbu un iztur\u012bbu pret augst\u0101m temperat\u016br\u0101m. Turkl\u0101t \u0161im m\u0101lam p\u0113c apdedzin\u0101\u0161anas ir balta kr\u0101sa, kas pie\u0161\u0137ir tiem stil\u012bgu un skaistu est\u0113tisku izskatu. Kr\u016bzes ietilp\u012bba: 17-20g.<\/p>\n<p><strong>Specifik\u0101cijas:<\/strong><br \/>\nAugstums: 95 mm<br \/>\nDiametrs (\u0101r\u0113jais): 82 mm<br \/>\nDiametrs (iek\u0161\u0113jais): 75 mm<br \/>\nDzi\u013cums: 17 mm<br \/>\nCauruma diametrs: 7 mm<br \/>\nCaurumu skaits: 7<br \/>\nSvars: apm\u0113ram 260 g.<\/p>\n<p>Vai jums ir k\u0101di jaut\u0101jumi? Sazinies ar mums\u00a0<a href=\"https:\/\/hookahshop.lt\/lv\/kontaktiem\/\">kontaktu lapa<\/a>\u00a0vai rakstiet mums pa e-pastu\u00a0<a href=\"https:\/\/facebook.com\/HookahShop.lt\/\" target=\"_blank\" rel=\"noopener noreferrer\">Facebook konts<\/a>\u00a0un m\u0113s atbild\u0113sim uz j\u016bsu piepras\u012bjumu taj\u0101 pa\u0161\u0101 dien\u0101.<\/p>","protected":false},"excerpt":{"rendered":"<p>Kr\u016bz\u012bte \u016bdensp\u012bpei UPGRADE Form Big Izgatavots no \u012bpa\u0161a m\u0101la-majolika sast\u0101va, kas izv\u0113l\u0113ts, lai pan\u0101ktu optim\u0101lu tabakas sild\u012b\u0161anu, minim\u0101lu deg\u0161anu. \u0160\u012b kr\u016bze izce\u013cas ar savu iztur\u012bbu, iztur\u012bbu un iztur\u012bbu pret augst\u0101m temperat\u016br\u0101m. Turkl\u0101t \u0161im m\u0101lam p\u0113c apdedzin\u0101\u0161anas ir balta kr\u0101sa, kas pie\u0161\u0137ir tiem stil\u012bgu un skaistu est\u0113tisku izskatu. Kr\u016bzes ietilp\u012bba: 17-20g. Specifik\u0101cijas: Augstums: 95 mm Diametrs (\u0101r\u0113jais): [\u2026]<\/p>","protected":false},"featured_media":32247,"comment_status":"open","ping_status":"closed","template":"","meta":[],"_links":{"self":[{"href":"https:\/\/hookahshop.lt\/lv\/wp-json\/wp\/v2\/product\/32243"}],"collection":[{"href":"https:\/\/hookahshop.lt\/lv\/wp-json\/wp\/v2\/product"}],"about":[{"href":"https:\/\/hookahshop.lt\/lv\/wp-json\/wp\/v2\/types\/product"}],"replies":[{"embeddable":true,"href":"https:\/\/hookahshop.lt\/lv\/wp-json\/wp\/v2\/comments?post=32243"}],"version-history":[{"count":2,"href":"https:\/\/hookahshop.lt\/lv\/wp-json\/wp\/v2\/product\/32243\/revisions"}],"predecessor-version":[{"id":32298,"href":"https:\/\/hookahshop.lt\/lv\/wp-json\/wp\/v2\/product\/32243\/revisions\/32298"}],"wp:featuredmedia":[{"embeddable":true,"href":"https:\/\/hookahshop.lt\/lv\/wp-json\/wp\/v2\/media\/32247"}],"wp:attachment":[{"href":"https:\/\/hookahshop.lt\/lv\/wp-json\/wp\/v2\/media?parent=32243"}],"curies":[{"name":"wp","href":"https:\/\/api.w.org\/{rel}","templated":true}]}}