{"id":32299,"date":"2022-05-07T17:41:25","date_gmt":"2022-05-07T14:41:25","guid":{"rendered":"https:\/\/hookahshop.lt\/?post_type=product&#038;p=32299"},"modified":"2026-04-15T23:29:23","modified_gmt":"2026-04-15T20:29:23","slug":"taurele-kaljanui-oblako-dusha-phunnel-m-white","status":"publish","type":"product","link":"https:\/\/hookahshop.lt\/lv\/produkt\/kauss-udenspipe-makonis-dusha-piltuve-m-balts\/","title":{"rendered":"\u016adensp\u012bpes kauss OBLAKO Dusha Phunnel M White"},"content":{"rendered":"<h2>\u016adensp\u012bpes kauss OBLAKO Dusha Phunnel M White<\/h2>\n<p>Klasiskais modelis &quot;OBLAKO&quot; ir p\u0101rkl\u0101ts ar unik\u0101lu baltu glaz\u016bru, kas vienl\u012bdz piem\u0113rota gan vieglai, gan stipr\u0101kai k\u016bpin\u0101\u0161anai. \u0160\u012b jaun\u0101 kr\u016bze &quot;OBALAKO&quot; ir ierobe\u017eota tir\u0101\u017ea, kas izdota kop\u0101 ar z\u012bmolu &quot;DUSHA&quot;. Dusha phunnel M kr\u016bze ir apdedzin\u0101ta no apak\u0161as ar baltu mat\u0113tu glaz\u016bru un no aug\u0161as ar baltu sp\u012bd\u012bgu glaz\u016bru. Produkt\u0101 izmantota tikai p\u0101rtikas glaz\u016bra, kas nerada risku cilv\u0113ka vesel\u012bbai.<\/p>\n<p>\u016adensp\u012bpe mais\u012bjuma ietilp\u012bba: 20-23g.<\/p>\n<p><strong>Specifik\u0101cijas:<\/strong><br \/>\nAugstums: 116 mm<br \/>\nDiametrs (\u0101r\u0113jais): 74 mm<br \/>\nDiametrs (iek\u0161\u0113jais): 68 mm<br \/>\nDzi\u013cums: 14 mm<br \/>\nUrbuma diametrs: 12 mm<br \/>\nUrbumu skaits: 1<br \/>\nSvars: apm\u0113ram 165 g.<\/p>\n<p>Vai jums ir k\u0101di jaut\u0101jumi? Sazinies ar mums\u00a0<a href=\"https:\/\/hookahshop.lt\/lv\/kontaktiem\/\">kontaktu lapa<\/a>\u00a0vai rakstiet mums pa e-pastu\u00a0<a href=\"https:\/\/facebook.com\/HookahShop.lt\/\" target=\"_blank\" rel=\"noopener noreferrer\">Facebook konts<\/a>\u00a0un m\u0113s atbild\u0113sim uz j\u016bsu piepras\u012bjumu taj\u0101 pa\u0161\u0101 dien\u0101.<\/p>","protected":false},"excerpt":{"rendered":"<p>\u016adensp\u012bpes kr\u016bze OBLAKO Dusha Phunnel M White Klasiskais modelis &quot;OBLAKO&quot; ir p\u0101rkl\u0101ts ar unik\u0101lu baltu glaz\u016bru, kas vienl\u012bdz piem\u0113rota gan vieglai, gan stipr\u0101kai k\u016bpin\u0101\u0161anai. \u0160\u012b jaun\u0101 kr\u016bze &quot;OBALAKO&quot; ir ierobe\u017eota tir\u0101\u017ea, kas izdota kop\u0101 ar z\u012bmolu &quot;DUSHA&quot;. Dusha phunnel M kr\u016bze ir apdedzin\u0101ta no apak\u0161as ar baltu mat\u0113tu glaz\u016bru un no aug\u0161as ar baltu sp\u012bd\u012bgu glaz\u016bru. Produkts izmanto tikai [...]<\/p>","protected":false},"featured_media":32303,"comment_status":"open","ping_status":"closed","template":"","meta":[],"_links":{"self":[{"href":"https:\/\/hookahshop.lt\/lv\/wp-json\/wp\/v2\/product\/32299"}],"collection":[{"href":"https:\/\/hookahshop.lt\/lv\/wp-json\/wp\/v2\/product"}],"about":[{"href":"https:\/\/hookahshop.lt\/lv\/wp-json\/wp\/v2\/types\/product"}],"replies":[{"embeddable":true,"href":"https:\/\/hookahshop.lt\/lv\/wp-json\/wp\/v2\/comments?post=32299"}],"version-history":[{"count":3,"href":"https:\/\/hookahshop.lt\/lv\/wp-json\/wp\/v2\/product\/32299\/revisions"}],"predecessor-version":[{"id":39525,"href":"https:\/\/hookahshop.lt\/lv\/wp-json\/wp\/v2\/product\/32299\/revisions\/39525"}],"wp:featuredmedia":[{"embeddable":true,"href":"https:\/\/hookahshop.lt\/lv\/wp-json\/wp\/v2\/media\/32303"}],"wp:attachment":[{"href":"https:\/\/hookahshop.lt\/lv\/wp-json\/wp\/v2\/media?parent=32299"}],"curies":[{"name":"wp","href":"https:\/\/api.w.org\/{rel}","templated":true}]}}