{"id":32330,"date":"2022-05-12T19:10:41","date_gmt":"2022-05-12T16:10:41","guid":{"rendered":"https:\/\/hookahshop.lt\/?post_type=product&#038;p=32330"},"modified":"2026-04-16T23:29:54","modified_gmt":"2026-04-16T20:29:54","slug":"kaljanas-geometry-little-bro-rhombus-grey","status":"publish","type":"product","link":"https:\/\/hookahshop.lt\/lv\/produkt\/udenspipe-geometrija-mazais-bro-rombs-peleks\/","title":{"rendered":"\u016adensp\u012bpes \u0122EOMETRIJA Mazais br\u0101lis rombs pel\u0113ks"},"content":{"rendered":"<p align=\"left\"><strong>\u016adensp\u012bpes \u0122EOMETRIJA Mazais br\u0101lis rombs pel\u0113ks<\/strong><\/p>\n<p class=\"western\" align=\"left\">Lieliska Krasnodar Geometry Little Bro s\u0113rija no jaun\u0101 z\u012bmola. Augstas kvalit\u0101tes veiktsp\u0113ja. Moderns, vertik\u0101ls izp\u016bt\u0113js ar vienu v\u0101rstu pa visu pamatnes apk\u0101rtm\u0113ru. Augstas kvalit\u0101tes t\u0113rauds un dekorat\u012bv\u0101s v\u0101rpstas. Daudzu veidu v\u0101rpstas - \u0101das, koka u.c. da\u017e\u0101das kr\u0101sas un fakt\u016bras. Milz\u012bgs pluss ir tas, ka j\u016bs varat uzlabot savu \u016bdensp\u012bpi, ieg\u0101d\u0101joties dekorat\u012bvo v\u0101rpstas apdari.<\/p>\n<p class=\"western\" align=\"left\"><strong>Raksturojums:<\/strong><br \/>\nV\u0101rpstas diametrs: 20 cm<br \/>\nT\u0113rauda biezums: 1,5 mm<br \/>\nIek\u0161\u0113jais v\u0101rpstas diametrs: 13 mm<br \/>\nAugstums: 50,1 cm<\/p>\n<p class=\"western\" align=\"left\">Vai jums ir k\u0101di jaut\u0101jumi? Sazinies ar mums\u00a0<a href=\"https:\/\/hookahshop.lt\/lv\/kontaktiem\/\"><span lang=\"zxx\"><u>kontaktu lapa<\/u><\/span><\/a>\u00a0vai rakstiet mums pa e-pastu\u00a0<a href=\"https:\/\/facebook.com\/HookahShop.lt\/\" target=\"_blank\" rel=\"noopener\"><span lang=\"zxx\"><u>Facebook konts<\/u><\/span><\/a>\u00a0un m\u0113s atbild\u0113sim uz j\u016bsu piepras\u012bjumu taj\u0101 pa\u0161\u0101 dien\u0101.<\/p>","protected":false},"excerpt":{"rendered":"<p>\u016adensp\u012bpe GEOMETRY Little Bro Rombus Grey Lieliska jaun\u0101 z\u012bmola &quot;Krasnodar Geometry Little Bro&quot; s\u0113rija. Augstas kvalit\u0101tes veiktsp\u0113ja. Moderns, vertik\u0101ls izp\u016bt\u0113js ar vienu v\u0101rstu pa visu pamatnes apk\u0101rtm\u0113ru. Augstas kvalit\u0101tes t\u0113rauds un dekorat\u012bv\u0101s v\u0101rpstas. Daudzu veidu v\u0101rpstas - \u0101das, koka u.c. da\u017e\u0101das kr\u0101sas un fakt\u016bras. Liels pluss ir tas, ka j\u016bs varat uzlabot savu \u016bdensp\u012bpi, ieg\u0101d\u0101joties [\u2026]<\/p>","protected":false},"featured_media":32331,"comment_status":"open","ping_status":"closed","template":"","meta":[],"_links":{"self":[{"href":"https:\/\/hookahshop.lt\/lv\/wp-json\/wp\/v2\/product\/32330"}],"collection":[{"href":"https:\/\/hookahshop.lt\/lv\/wp-json\/wp\/v2\/product"}],"about":[{"href":"https:\/\/hookahshop.lt\/lv\/wp-json\/wp\/v2\/types\/product"}],"replies":[{"embeddable":true,"href":"https:\/\/hookahshop.lt\/lv\/wp-json\/wp\/v2\/comments?post=32330"}],"version-history":[{"count":4,"href":"https:\/\/hookahshop.lt\/lv\/wp-json\/wp\/v2\/product\/32330\/revisions"}],"predecessor-version":[{"id":37688,"href":"https:\/\/hookahshop.lt\/lv\/wp-json\/wp\/v2\/product\/32330\/revisions\/37688"}],"wp:featuredmedia":[{"embeddable":true,"href":"https:\/\/hookahshop.lt\/lv\/wp-json\/wp\/v2\/media\/32331"}],"wp:attachment":[{"href":"https:\/\/hookahshop.lt\/lv\/wp-json\/wp\/v2\/media?parent=32330"}],"curies":[{"name":"wp","href":"https:\/\/api.w.org\/{rel}","templated":true}]}}