{"id":32449,"date":"2022-06-01T23:21:35","date_gmt":"2022-06-01T20:21:35","guid":{"rendered":"https:\/\/hookahshop.lt\/?post_type=product&#038;p=32449"},"modified":"2026-04-17T23:29:47","modified_gmt":"2026-04-17T20:29:47","slug":"anglys-kaljanui-afc-26mm-1kg","status":"publish","type":"product","link":"https:\/\/hookahshop.lt\/lv\/produkt\/ogles-udenspipei-afc-26mm-1kg\/","title":{"rendered":"Kokogles \u016bdensp\u012bpei AFC 26mm 1kg"},"content":{"rendered":"<h2>Kokogles \u016bdensp\u012bpei AFC 26mm 1kg<\/h2>\n<p>\u0160\u012bs ogles neatst\u0101j daudz pelnu un tai nav papildu arom\u0101tu. Izmantojot \u0161\u012bs ogles, jums nevajadz\u0113s izp\u016bst pelnus, jo \u0161\u012bs ogles degot atst\u0101j \u013coti minim\u0101lu pelnu daudzumu.<br \/>\nViena oglek\u013ca izm\u0113ri: 26x26x26mm<br \/>\nKast\u012bte satur 64 ogles.<br \/>\nNesatur \u0137\u012bmiskas piedevas.<br \/>\nSm\u0113\u0137\u0113jot, smar\u017ea vai gar\u0161a nemain\u0101s.<br \/>\nLai dedzin\u0101tu ogles, ir nepiecie\u0161ama elektrisk\u0101 pl\u012bts \u016bdensp\u012bpe, t\u016bristu g\u0101zes pl\u012bts vai taml\u012bdz\u012bgi.<br \/>\nIzcelsmes valsts: Indon\u0113zija<\/p>\n<p>Vai jums ir k\u0101di jaut\u0101jumi? Sazinies ar mums\u00a0<a href=\"https:\/\/hookahshop.lt\/lv\/kontaktiem\/\">kontaktu lapa<\/a>\u00a0vai rakstiet mums pa e-pastu\u00a0<a href=\"https:\/\/facebook.com\/HookahShop.lt\/\" target=\"_blank\" rel=\"noopener noreferrer\">Facebook konts<\/a>\u00a0un m\u0113s atbild\u0113sim uz j\u016bsu piepras\u012bjumu taj\u0101 pa\u0161\u0101 dien\u0101.<\/p>","protected":false},"excerpt":{"rendered":"<p>Kokogles \u016bdensp\u012bpei AFC 26mm 1kg \u0160\u012b ogle neatst\u0101j daudz pelnu un tai nav papildu arom\u0101tu. Izmantojot \u0161\u012bs ogles, jums nevajadz\u0113s izp\u016bst pelnus, jo \u0161\u012bs ogles degot atst\u0101j \u013coti minim\u0101lu pelnu daudzumu. Viena oglek\u013ca izm\u0113ri: 26x26x26mm Kast\u012bt\u0113 ir 64 ogles. Nesatur \u0137\u012bmiskas piedevas. Sm\u0113\u0137\u0113\u0161anas laik\u0101 smar\u017ea vai gar\u0161a nemain\u0101s. Elektrisk\u0101 pl\u012bts \u016bdensp\u012bpei, t\u016bristu g\u0101zes [\u2026]<\/p>","protected":false},"featured_media":32450,"comment_status":"open","ping_status":"closed","template":"","meta":[],"_links":{"self":[{"href":"https:\/\/hookahshop.lt\/lv\/wp-json\/wp\/v2\/product\/32449"}],"collection":[{"href":"https:\/\/hookahshop.lt\/lv\/wp-json\/wp\/v2\/product"}],"about":[{"href":"https:\/\/hookahshop.lt\/lv\/wp-json\/wp\/v2\/types\/product"}],"replies":[{"embeddable":true,"href":"https:\/\/hookahshop.lt\/lv\/wp-json\/wp\/v2\/comments?post=32449"}],"version-history":[{"count":4,"href":"https:\/\/hookahshop.lt\/lv\/wp-json\/wp\/v2\/product\/32449\/revisions"}],"predecessor-version":[{"id":32452,"href":"https:\/\/hookahshop.lt\/lv\/wp-json\/wp\/v2\/product\/32449\/revisions\/32452"}],"wp:featuredmedia":[{"embeddable":true,"href":"https:\/\/hookahshop.lt\/lv\/wp-json\/wp\/v2\/media\/32450"}],"wp:attachment":[{"href":"https:\/\/hookahshop.lt\/lv\/wp-json\/wp\/v2\/media?parent=32449"}],"curies":[{"name":"wp","href":"https:\/\/api.w.org\/{rel}","templated":true}]}}