{"id":32593,"date":"2022-06-23T00:47:52","date_gmt":"2022-06-22T21:47:52","guid":{"rendered":"https:\/\/hookahshop.lt\/?post_type=product&#038;p=32593"},"modified":"2026-04-15T23:29:24","modified_gmt":"2026-04-15T20:29:24","slug":"znyples-kaljano-anglims-alpha-hookah-military-modern","status":"publish","type":"product","link":"https:\/\/hookahshop.lt\/lv\/produkt\/znyples-udenspipe-karbon-alfa-udenspipe-militarais-modernais\/","title":{"rendered":"\u016adensp\u012bpes og\u013cu knaibles ALPHA HOOKAH Military Modern"},"content":{"rendered":"<h2>\u016adensp\u012bpes og\u013cu knaibles ALPHA HOOKAH Military Modern<\/h2>\n<p>Stil\u012bgas un ekskluz\u012bvas knaibles 2021. gad\u0101 rad\u012bja labi paz\u012bstamais \u016bdensp\u012bpes tirgus ra\u017eot\u0101js Alpha Hookah. Knaibles ir izgatavotas ar\u012b no augstas kvalit\u0101tes ner\u016bs\u0113jo\u0161\u0101 t\u0113rauda un p\u0101rkl\u0101tas ar pulverkr\u0101su. Knaibles izce\u013cas ar autorgrav\u0113jumu. Knaib\u013cu aug\u0161da\u013c\u0101 izdar\u012btie iegriezumi ir paredz\u0113ti knaibles piek\u0101r\u0161anai uz \u0101\u0137a pl\u0101ksnes.<\/p>\n<p><strong>Raksturojums:<\/strong><br \/>\nKr\u0101sa melna<br \/>\nMateri\u0101ls: ner\u016bs\u0113jo\u0161ais t\u0113rauds<br \/>\nGarums: 22,5 cm<\/p>\n<p>Vai jums ir k\u0101di jaut\u0101jumi? Sazinies ar mums\u00a0<a href=\"https:\/\/hookahshop.lt\/lv\/kontaktiem\/\">kontaktu lapa<\/a>\u00a0vai rakstiet mums pa e-pastu\u00a0<a href=\"https:\/\/facebook.com\/HookahShop.lt\/\" target=\"_blank\" rel=\"noopener noreferrer\">Facebook konts<\/a>\u00a0un m\u0113s atbild\u0113sim uz j\u016bsu piepras\u012bjumu taj\u0101 pa\u0161\u0101 dien\u0101.<\/p>","protected":false},"excerpt":{"rendered":"<p>Knaibles \u016bdensp\u012bpes ogl\u0113m ALPHA HOOKAH Military Modern Stil\u012bgas un ekskluz\u012bvas knaibles 2021. gad\u0101 rad\u012bja labi paz\u012bstamais \u016bdensp\u012bpes ra\u017eot\u0101js Alpha Hookah. Knaibles ir izgatavotas ar\u012b no augstas kvalit\u0101tes ner\u016bs\u0113jo\u0161\u0101 t\u0113rauda un p\u0101rkl\u0101tas ar pulvera p\u0101rkl\u0101jumu. Knaibles izce\u013cas ar ori\u0123in\u0101lo grav\u0113jumu. Spraugas knaibles aug\u0161pus\u0113 ir paredz\u0113tas knaibles uzkarin\u0101\u0161anai uz \u016bdensp\u012bpes pl\u0101ksnes. Raksturojums: Kr\u0101sa: Melns Materi\u0101ls: Ner\u016bs\u0113jo\u0161ais t\u0113rauds Garums: 22,5 cm Jums ir [\u2026]<\/p>","protected":false},"featured_media":32594,"comment_status":"open","ping_status":"closed","template":"","meta":[],"_links":{"self":[{"href":"https:\/\/hookahshop.lt\/lv\/wp-json\/wp\/v2\/product\/32593"}],"collection":[{"href":"https:\/\/hookahshop.lt\/lv\/wp-json\/wp\/v2\/product"}],"about":[{"href":"https:\/\/hookahshop.lt\/lv\/wp-json\/wp\/v2\/types\/product"}],"replies":[{"embeddable":true,"href":"https:\/\/hookahshop.lt\/lv\/wp-json\/wp\/v2\/comments?post=32593"}],"version-history":[{"count":4,"href":"https:\/\/hookahshop.lt\/lv\/wp-json\/wp\/v2\/product\/32593\/revisions"}],"predecessor-version":[{"id":43032,"href":"https:\/\/hookahshop.lt\/lv\/wp-json\/wp\/v2\/product\/32593\/revisions\/43032"}],"wp:featuredmedia":[{"embeddable":true,"href":"https:\/\/hookahshop.lt\/lv\/wp-json\/wp\/v2\/media\/32594"}],"wp:attachment":[{"href":"https:\/\/hookahshop.lt\/lv\/wp-json\/wp\/v2\/media?parent=32593"}],"curies":[{"name":"wp","href":"https:\/\/api.w.org\/{rel}","templated":true}]}}