{"id":32605,"date":"2022-06-23T09:48:17","date_gmt":"2022-06-23T06:48:17","guid":{"rendered":"https:\/\/hookahshop.lt\/?post_type=product&#038;p=32605"},"modified":"2026-04-15T23:29:24","modified_gmt":"2026-04-15T20:29:24","slug":"znyples-kaljano-anglims-alpha-hookah-x-vndl","status":"publish","type":"product","link":"https:\/\/hookahshop.lt\/lv\/produkt\/znyples-hookah-charcoal-alpha-udenspipe-x-vndl\/","title":{"rendered":"\u0100\u0137i \u0101\u0137iem ALPHA HOOKAH X VNDL"},"content":{"rendered":"<h2>\u0100\u0137i \u0101\u0137iem ALPHA HOOKAH X VNDL<\/h2>\n<p>Stil\u012bgi, kompakti izm\u0113ri un ekskluz\u012bvas knaibles, ko rad\u012bjis paz\u012bstamais \u016bdensp\u012bpes tirgus ra\u017eot\u0101js Alpha Hookah. Knaibles ir izgatavotas ar\u012b no augstas kvalit\u0101tes ner\u016bs\u0113jo\u0161\u0101 t\u0113rauda un p\u0101rkl\u0101tas ar pulverkr\u0101su. Knaibles izce\u013cas ar autorgrav\u0113jumu.<\/p>\n<p><strong>Raksturojums:<\/strong><br \/>\nKr\u0101sa melna<br \/>\nMateri\u0101ls: ner\u016bs\u0113jo\u0161ais t\u0113rauds<br \/>\nGarums: 18 cm<\/p>\n<p>Vai jums ir k\u0101di jaut\u0101jumi? Sazinies ar mums\u00a0<a href=\"https:\/\/hookahshop.lt\/lv\/kontaktiem\/\">kontaktu lapa<\/a>\u00a0vai rakstiet mums pa e-pastu\u00a0<a href=\"https:\/\/facebook.com\/HookahShop.lt\/\" target=\"_blank\" rel=\"noopener noreferrer\">Facebook konts<\/a>\u00a0un m\u0113s atbild\u0113sim uz j\u016bsu piepras\u012bjumu taj\u0101 pa\u0161\u0101 dien\u0101.<\/p>\n<p>&nbsp;<\/p>","protected":false},"excerpt":{"rendered":"<p>Knaibles \u016bdensp\u012bpes ogl\u0113m ALPHA HOOKAH X VNDL Stil\u012bgas, kompaktas izm\u0113ra un ekskluz\u012bvas knaibles, ko rad\u012bjis paz\u012bstamais \u016bdensp\u012bpes ra\u017eot\u0101js Alpha Hookah. Knaibles ir izgatavotas ar\u012b no augstas kvalit\u0101tes ner\u016bs\u0113jo\u0161\u0101 t\u0113rauda un p\u0101rkl\u0101tas ar pulvera p\u0101rkl\u0101jumu. Knaibles izce\u013cas ar ori\u0123in\u0101lo grav\u0113jumu. Raksturojums: Kr\u0101sa: Melns Materi\u0101ls: Ner\u016bs\u0113jo\u0161ais t\u0113rauds Garums: 18 cm Vai ir k\u0101di jaut\u0101jumi? Sazinieties ar mums kontaktu lap\u0101 vai rakstiet mums m\u016bsu Facebook kont\u0101 un m\u0113s atbild\u0113sim [\u2026]<\/p>","protected":false},"featured_media":39491,"comment_status":"open","ping_status":"closed","template":"","meta":[],"_links":{"self":[{"href":"https:\/\/hookahshop.lt\/lv\/wp-json\/wp\/v2\/product\/32605"}],"collection":[{"href":"https:\/\/hookahshop.lt\/lv\/wp-json\/wp\/v2\/product"}],"about":[{"href":"https:\/\/hookahshop.lt\/lv\/wp-json\/wp\/v2\/types\/product"}],"replies":[{"embeddable":true,"href":"https:\/\/hookahshop.lt\/lv\/wp-json\/wp\/v2\/comments?post=32605"}],"version-history":[{"count":3,"href":"https:\/\/hookahshop.lt\/lv\/wp-json\/wp\/v2\/product\/32605\/revisions"}],"predecessor-version":[{"id":33949,"href":"https:\/\/hookahshop.lt\/lv\/wp-json\/wp\/v2\/product\/32605\/revisions\/33949"}],"wp:featuredmedia":[{"embeddable":true,"href":"https:\/\/hookahshop.lt\/lv\/wp-json\/wp\/v2\/media\/39491"}],"wp:attachment":[{"href":"https:\/\/hookahshop.lt\/lv\/wp-json\/wp\/v2\/media?parent=32605"}],"curies":[{"name":"wp","href":"https:\/\/api.w.org\/{rel}","templated":true}]}}