{"id":32609,"date":"2022-06-23T10:25:47","date_gmt":"2022-06-23T07:25:47","guid":{"rendered":"https:\/\/hookahshop.lt\/?post_type=product&#038;p=32609"},"modified":"2026-04-22T23:29:43","modified_gmt":"2026-04-22T20:29:43","slug":"sakute-yla-werkbund-bionik","status":"publish","type":"product","link":"https:\/\/hookahshop.lt\/lv\/produkt\/sakute-yla-werkbund-bionik\/","title":{"rendered":"Dak\u0161a yla WERKBUND Bionik"},"content":{"rendered":"<h2>Dak\u0161a yla WERKBUND Bionik<\/h2>\n<p>Iesai\u0146ojiet ide\u0101lo kr\u016bzi ar t\u012br\u0101m rok\u0101m. Izgatavots ar rok\u0101m darin\u0101tu kal\u0113ju no Krievijas, t\u0101p\u0113c katrs izstr\u0101d\u0101jums ir izgatavots unik\u0101ls. WERKBUND HOOKAH dak\u0161u stat\u012bvu kombin\u0101cija izce\u013cas ar novatorisku dizainu un augstas kvalit\u0101tes materi\u0101liem.<\/p>\n<p><strong>Specifik\u0101cija:<\/strong><br \/>\nMateri\u0101ls: ner\u016bs\u0113jo\u0161ais t\u0113rauds<br \/>\nGarums: 11,5 cm<\/p>\n<p>Vai jums ir k\u0101di jaut\u0101jumi? Sazinies ar mums\u00a0<a href=\"https:\/\/hookahshop.lt\/lv\/kontaktiem\/\">kontaktu lapa<\/a>\u00a0vai rakstiet mums pa e-pastu\u00a0<a href=\"https:\/\/facebook.com\/HookahShop.lt\/\" target=\"_blank\" rel=\"noopener noreferrer\">Facebook konts<\/a>\u00a0un m\u0113s atbild\u0113sim uz j\u016bsu piepras\u012bjumu taj\u0101 pa\u0161\u0101 dien\u0101.<\/p>","protected":false},"excerpt":{"rendered":"<p>Dak\u0161a yla WERKBUND Bionik Iesai\u0146ojiet ide\u0101lu kr\u016bz\u012bti ar t\u012br\u0101m rok\u0101m. Katrs produkts ir unik\u0101ls, ko ar rok\u0101m darin\u0101jis kal\u0113js no Krievijas. WERKBUND HOOKAH dak\u0161u un \u0101\u0137u kombin\u0101cija izce\u013cas ar savu novatorisko dizainu un augstas klases materi\u0101liem. Specifik\u0101cija: Materi\u0101ls: ner\u016bs\u0113jo\u0161ais t\u0113rauds Garums: 11,5 cm Vai ir k\u0101di jaut\u0101jumi? Sazinieties ar mums kontaktu lap\u0101 vai rakstiet mums uz m\u016bsu Facebook kontu un m\u0113s atbild\u0113sim uz j\u016bsu piepras\u012bjumu taj\u0101 pa\u0161\u0101 dien\u0101.<\/p>","protected":false},"featured_media":32610,"comment_status":"open","ping_status":"closed","template":"","meta":[],"_links":{"self":[{"href":"https:\/\/hookahshop.lt\/lv\/wp-json\/wp\/v2\/product\/32609"}],"collection":[{"href":"https:\/\/hookahshop.lt\/lv\/wp-json\/wp\/v2\/product"}],"about":[{"href":"https:\/\/hookahshop.lt\/lv\/wp-json\/wp\/v2\/types\/product"}],"replies":[{"embeddable":true,"href":"https:\/\/hookahshop.lt\/lv\/wp-json\/wp\/v2\/comments?post=32609"}],"version-history":[{"count":4,"href":"https:\/\/hookahshop.lt\/lv\/wp-json\/wp\/v2\/product\/32609\/revisions"}],"predecessor-version":[{"id":43117,"href":"https:\/\/hookahshop.lt\/lv\/wp-json\/wp\/v2\/product\/32609\/revisions\/43117"}],"wp:featuredmedia":[{"embeddable":true,"href":"https:\/\/hookahshop.lt\/lv\/wp-json\/wp\/v2\/media\/32610"}],"wp:attachment":[{"href":"https:\/\/hookahshop.lt\/lv\/wp-json\/wp\/v2\/media?parent=32609"}],"curies":[{"name":"wp","href":"https:\/\/api.w.org\/{rel}","templated":true}]}}