{"id":32622,"date":"2022-06-23T18:02:52","date_gmt":"2022-06-23T15:02:52","guid":{"rendered":"https:\/\/hookahshop.lt\/?post_type=product&#038;p=32622"},"modified":"2026-04-22T23:29:43","modified_gmt":"2026-04-22T20:29:43","slug":"yla-kaljano-tabakui-hooligan-x-xlgn","status":"publish","type":"product","link":"https:\/\/hookahshop.lt\/lv\/produkt\/yla-hookah-tobacco-huligan-x-xlgn\/","title":{"rendered":"Yla hookah tobacco Hooligan x XLGN"},"content":{"rendered":"<h2>Yla hookah tobacco Hooligan x XLGN<\/h2>\n<p>Iesai\u0146ojiet ide\u0101lo kr\u016bzi ar t\u012br\u0101m rok\u0101m. Ekskluz\u012bvs lodes formas aksesu\u0101rs ar aizsargv\u0101ci\u0146u. Izgatavots no augstas kvalit\u0101tes materi\u0101liem.<\/p>\n<p><strong>Specifik\u0101cija:<\/strong><br \/>\nMateri\u0101ls (\u0101r\u0113j\u0101 da\u013ca): poliacet\u0101ls<br \/>\nMateri\u0101ls (iek\u0161\u0113j\u0101 da\u013ca): misi\u0146\u0161<br \/>\nMaxThirteen apak\u0161kl\u0101js ir zelt\u012bts<br \/>\nGarums: 13cm<\/p>\n<p>Vai jums ir k\u0101di jaut\u0101jumi? Sazinies ar mums\u00a0<a href=\"https:\/\/hookahshop.lt\/lv\/kontaktiem\/\">kontaktu lapa<\/a>\u00a0vai rakstiet mums pa e-pastu\u00a0<a href=\"https:\/\/facebook.com\/HookahShop.lt\/\" target=\"_blank\" rel=\"noopener noreferrer\">Facebook konts<\/a>\u00a0un m\u0113s atbild\u0113sim uz j\u016bsu piepras\u012bjumu taj\u0101 pa\u0161\u0101 dien\u0101.<\/p>","protected":false},"excerpt":{"rendered":"<p>Yla hookah tobacco Hooligan x XLGN Iesai\u0146ojiet ide\u0101lo kr\u016bz\u012bti ar t\u012br\u0101m rok\u0101m. Ekskluz\u012bvs aksesu\u0101rs lodes form\u0101 ar aizsargv\u0101ci\u0146u. Izgatavots no augstas kvalit\u0101tes materi\u0101liem. Specifik\u0101cija: Materi\u0101ls (\u0101r\u0113j\u0101 da\u013ca): poliacet\u0101ls Materi\u0101ls (iek\u0161\u0113j\u0101 da\u013ca): misi\u0146\u0161 Apak\u0161da\u013cas apdare MaxThirteen apzelt\u012bta Garums: 13cm Vai ir k\u0101di jaut\u0101jumi? Sazinieties ar mums kontaktu lap\u0101 vai rakstiet mums uz m\u016bsu Facebook kontu, un m\u0113s atbild\u0113sim uz j\u016bsu piepras\u012bjumu [...]<\/p>","protected":false},"featured_media":32623,"comment_status":"open","ping_status":"closed","template":"","meta":[],"_links":{"self":[{"href":"https:\/\/hookahshop.lt\/lv\/wp-json\/wp\/v2\/product\/32622"}],"collection":[{"href":"https:\/\/hookahshop.lt\/lv\/wp-json\/wp\/v2\/product"}],"about":[{"href":"https:\/\/hookahshop.lt\/lv\/wp-json\/wp\/v2\/types\/product"}],"replies":[{"embeddable":true,"href":"https:\/\/hookahshop.lt\/lv\/wp-json\/wp\/v2\/comments?post=32622"}],"version-history":[{"count":4,"href":"https:\/\/hookahshop.lt\/lv\/wp-json\/wp\/v2\/product\/32622\/revisions"}],"predecessor-version":[{"id":43120,"href":"https:\/\/hookahshop.lt\/lv\/wp-json\/wp\/v2\/product\/32622\/revisions\/43120"}],"wp:featuredmedia":[{"embeddable":true,"href":"https:\/\/hookahshop.lt\/lv\/wp-json\/wp\/v2\/media\/32623"}],"wp:attachment":[{"href":"https:\/\/hookahshop.lt\/lv\/wp-json\/wp\/v2\/media?parent=32622"}],"curies":[{"name":"wp","href":"https:\/\/api.w.org\/{rel}","templated":true}]}}