{"id":32632,"date":"2022-06-24T14:50:22","date_gmt":"2022-06-24T11:50:22","guid":{"rendered":"https:\/\/hookahshop.lt\/?post_type=product&#038;p=32632"},"modified":"2026-04-18T23:29:17","modified_gmt":"2026-04-18T20:29:17","slug":"karscio-kamera-alpha-hookah-fnx","status":"publish","type":"product","link":"https:\/\/hookahshop.lt\/lv\/produkt\/siltuma-kamera-alfa-udenspipe-fnx\/","title":{"rendered":"Siltuma kamera ALPHA HOOKAH FNX"},"content":{"rendered":"<h2>Siltuma kamera ALPHA HOOKAH FNX<\/h2>\n<p>Izgatavots no cieta t\u0113rauda ar cietu konstrukciju, kas nodro\u0161ina iztur\u012bbu. Biezas sienas un \u0113rta forma nodro\u0161ina vienm\u0113r\u012bgu siltuma kontroli kr\u016bz\u0113. Siltuma kamera ir l\u012bdz\u012bga automa\u0161\u012bnas virzulim, t\u0101p\u0113c izstr\u0101d\u0101t\u0101ji vien\u0101 pus\u0113 ir uzskait\u012bju\u0161i tehniskos parametrus. Piederums ir lieliska kombin\u0101cija ar Alpha Hookah \u016bdensp\u012bp\u0113m un der vis\u0101m popul\u0101raj\u0101m kr\u016bz\u012bt\u0113m tirg\u016b.<\/p>\n<p><strong>Specifik\u0101cija<\/strong><br \/>\nMateri\u0101ls: ner\u016bs\u0113jo\u0161ais t\u0113rauds (<em>cietas konstrukcijas)<\/em><br \/>\nKr\u0101sa: Sudraba<br \/>\nDiametrs: 75 mm<br \/>\nAugstums: 27mm<br \/>\nSvars: 217g.<\/p>\n<p>Vai jums ir k\u0101di jaut\u0101jumi? Sazinies ar mums\u00a0<a href=\"https:\/\/hookahshop.lt\/lv\/kontaktiem\/\">kontaktu lapa<\/a>\u00a0vai rakstiet mums pa e-pastu\u00a0<a href=\"https:\/\/facebook.com\/HookahShop.lt\/\" target=\"_blank\" rel=\"noopener noreferrer\">Facebook konts<\/a>\u00a0un m\u0113s atbild\u0113sim uz j\u016bsu piepras\u012bjumu taj\u0101 pa\u0161\u0101 dien\u0101.<\/p>","protected":false},"excerpt":{"rendered":"<p>Siltuma kamera ALPHA HOOKAH FNX Izgatavota no viengabala ner\u016bs\u0113jo\u0161\u0101 t\u0113rauda konstrukcijas, kas nodro\u0161ina iztur\u012bbu. Biez\u0101s sienas un \u0113rt\u0101 forma nodro\u0161ina vienm\u0113r\u012bgu siltuma kontroli kr\u016bz\u0113. Siltuma kamera ir l\u012bdz\u012bga automa\u0161\u012bnas virzulim, t\u0101p\u0113c izstr\u0101d\u0101t\u0101ji vien\u0101 pus\u0113 nor\u0101d\u012bja tehniskos parametrus. Piederums ir lieliska kombin\u0101cija ar Alpha Hookah \u016bdensp\u012bp\u0113m un der visiem popul\u0101rajiem kr\u016bz\u0113m tirg\u016b. Specifik\u0101cija Materi\u0101ls: ner\u016bs\u0113jo\u0161ais [...]<\/p>","protected":false},"featured_media":32639,"comment_status":"open","ping_status":"closed","template":"","meta":[],"_links":{"self":[{"href":"https:\/\/hookahshop.lt\/lv\/wp-json\/wp\/v2\/product\/32632"}],"collection":[{"href":"https:\/\/hookahshop.lt\/lv\/wp-json\/wp\/v2\/product"}],"about":[{"href":"https:\/\/hookahshop.lt\/lv\/wp-json\/wp\/v2\/types\/product"}],"replies":[{"embeddable":true,"href":"https:\/\/hookahshop.lt\/lv\/wp-json\/wp\/v2\/comments?post=32632"}],"version-history":[{"count":3,"href":"https:\/\/hookahshop.lt\/lv\/wp-json\/wp\/v2\/product\/32632\/revisions"}],"predecessor-version":[{"id":44007,"href":"https:\/\/hookahshop.lt\/lv\/wp-json\/wp\/v2\/product\/32632\/revisions\/44007"}],"wp:featuredmedia":[{"embeddable":true,"href":"https:\/\/hookahshop.lt\/lv\/wp-json\/wp\/v2\/media\/32639"}],"wp:attachment":[{"href":"https:\/\/hookahshop.lt\/lv\/wp-json\/wp\/v2\/media?parent=32632"}],"curies":[{"name":"wp","href":"https:\/\/api.w.org\/{rel}","templated":true}]}}