{"id":32657,"date":"2022-06-25T15:07:38","date_gmt":"2022-06-25T12:07:38","guid":{"rendered":"https:\/\/hookahshop.lt\/?post_type=product&#038;p=32657"},"modified":"2026-04-22T23:29:44","modified_gmt":"2026-04-22T20:29:44","slug":"vienkartiniai-kandikliai-kaljanui-aladin-6cm-100vnt","status":"publish","type":"product","link":"https:\/\/hookahshop.lt\/lv\/produkt\/vienreizlietojamie-iemuti-udenspipei-aladin-6cm-100gab\/","title":{"rendered":"Vienreizlietojamie \u0101\u0137i \u016bdensp\u012bpei ALADIN 6cm 100gab"},"content":{"rendered":"<h2>Vienreizlietojamie \u0101\u0137i \u016bdensp\u012bpei ALADIN 6cm 100gab<\/h2>\n<p>Papildu piestiprin\u0101\u0161anai pie \u016bdensp\u012bpes iemut\u0146a higi\u0113niskai lieto\u0161anai.<\/p>\n<p><strong>Raksturojums:<\/strong><br \/>\nGarums: 6 cm<br \/>\nKr\u0101sa: zelts, balts, melns un sudrabs.<br \/>\nDaudzums iepakojum\u0101: 100gab<\/p>\n<p>Vai jums ir k\u0101di jaut\u0101jumi? Sazinies ar mums\u00a0<a href=\"https:\/\/hookahshop.lt\/lv\/kontaktiem\/\">kontaktu lapa<\/a>\u00a0vai rakstiet mums pa e-pastu\u00a0<a href=\"https:\/\/facebook.com\/HookahShop.lt\/\" target=\"_blank\" rel=\"noopener noreferrer\">Facebook konts<\/a>\u00a0un m\u0113s atbild\u0113sim uz j\u016bsu piepras\u012bjumu taj\u0101 pa\u0161\u0101 dien\u0101.<\/p>","protected":false},"excerpt":{"rendered":"<p>Vienreizlietojamie iemuti \u016bdensp\u012bpei ALADIN 6cm 100gab Papildu lieto\u0161anai uz \u016bdensp\u012bpes iemuti higi\u0113niskai lieto\u0161anai. Paz\u012bmes: Garums: 6cm Kr\u0101sa: zelts, balta, melna un sudraba. Daudzums iepakojum\u0101: 100 gab. Vai jums ir k\u0101di jaut\u0101jumi? Sazinieties ar mums kontaktu lap\u0101 vai rakstiet mums uz m\u016bsu Facebook kontu un m\u0113s atbild\u0113sim uz j\u016bsu piepras\u012bjumu taj\u0101 pa\u0161\u0101 dien\u0101.<\/p>","protected":false},"featured_media":32658,"comment_status":"open","ping_status":"closed","template":"","meta":[],"_links":{"self":[{"href":"https:\/\/hookahshop.lt\/lv\/wp-json\/wp\/v2\/product\/32657"}],"collection":[{"href":"https:\/\/hookahshop.lt\/lv\/wp-json\/wp\/v2\/product"}],"about":[{"href":"https:\/\/hookahshop.lt\/lv\/wp-json\/wp\/v2\/types\/product"}],"replies":[{"embeddable":true,"href":"https:\/\/hookahshop.lt\/lv\/wp-json\/wp\/v2\/comments?post=32657"}],"version-history":[{"count":3,"href":"https:\/\/hookahshop.lt\/lv\/wp-json\/wp\/v2\/product\/32657\/revisions"}],"predecessor-version":[{"id":33077,"href":"https:\/\/hookahshop.lt\/lv\/wp-json\/wp\/v2\/product\/32657\/revisions\/33077"}],"wp:featuredmedia":[{"embeddable":true,"href":"https:\/\/hookahshop.lt\/lv\/wp-json\/wp\/v2\/media\/32658"}],"wp:attachment":[{"href":"https:\/\/hookahshop.lt\/lv\/wp-json\/wp\/v2\/media?parent=32657"}],"curies":[{"name":"wp","href":"https:\/\/api.w.org\/{rel}","templated":true}]}}