{"id":32663,"date":"2022-06-25T15:54:13","date_gmt":"2022-06-25T12:54:13","guid":{"rendered":"https:\/\/hookahshop.lt\/?post_type=product&#038;p=32663"},"modified":"2026-04-18T23:29:17","modified_gmt":"2026-04-18T20:29:17","slug":"spyruokle-silikoninei-zarnai-aladin-silver","status":"publish","type":"product","link":"https:\/\/hookahshop.lt\/lv\/produkt\/spring-for-silikona-guts-aladin-sudraba\/","title":{"rendered":"Atspere silikona \u0161\u013c\u016btenei ALADIN Silver"},"content":{"rendered":"<h2>Atspere silikona \u0161\u013c\u016btenei ALADIN Silver<\/h2>\n<p>Pal\u012bdz \u0161\u013c\u016btenei saglab\u0101t savu formu stabilu.<\/p>\n<p><strong>Raksturojums:<\/strong><br \/>\nKr\u0101sa: sudraba<br \/>\nMateri\u0101ls: met\u0101ls<\/p>\n<p>Vai jums ir k\u0101di jaut\u0101jumi? Sazinies ar mums\u00a0<a href=\"https:\/\/hookahshop.lt\/lv\/kontaktiem\/\">kontaktu lapa<\/a>\u00a0vai rakstiet mums pa e-pastu\u00a0<a href=\"https:\/\/facebook.com\/HookahShop.lt\/\" target=\"_blank\" rel=\"noopener noreferrer\">Facebook konts<\/a>\u00a0un m\u0113s atbild\u0113sim uz j\u016bsu piepras\u012bjumu taj\u0101 pa\u0161\u0101 dien\u0101.<\/p>\n<p>&nbsp;<\/p>","protected":false},"excerpt":{"rendered":"<p>Atspere silikona \u0161\u013c\u016btenei ALADIN Silver Pal\u012bdz \u0161\u013c\u016btenei stabili saglab\u0101t formu. Raksturojums: Kr\u0101sa: sudraba Materi\u0101ls: met\u0101ls Vai ir k\u0101di jaut\u0101jumi? Sazinieties ar mums kontaktu lap\u0101 vai rakstiet mums uz m\u016bsu Facebook kontu un m\u0113s atbild\u0113sim uz j\u016bsu piepras\u012bjumu taj\u0101 pa\u0161\u0101 dien\u0101. &nbsp;<\/p>","protected":false},"featured_media":32664,"comment_status":"open","ping_status":"closed","template":"","meta":[],"_links":{"self":[{"href":"https:\/\/hookahshop.lt\/lv\/wp-json\/wp\/v2\/product\/32663"}],"collection":[{"href":"https:\/\/hookahshop.lt\/lv\/wp-json\/wp\/v2\/product"}],"about":[{"href":"https:\/\/hookahshop.lt\/lv\/wp-json\/wp\/v2\/types\/product"}],"replies":[{"embeddable":true,"href":"https:\/\/hookahshop.lt\/lv\/wp-json\/wp\/v2\/comments?post=32663"}],"version-history":[{"count":5,"href":"https:\/\/hookahshop.lt\/lv\/wp-json\/wp\/v2\/product\/32663\/revisions"}],"predecessor-version":[{"id":43093,"href":"https:\/\/hookahshop.lt\/lv\/wp-json\/wp\/v2\/product\/32663\/revisions\/43093"}],"wp:featuredmedia":[{"embeddable":true,"href":"https:\/\/hookahshop.lt\/lv\/wp-json\/wp\/v2\/media\/32664"}],"wp:attachment":[{"href":"https:\/\/hookahshop.lt\/lv\/wp-json\/wp\/v2\/media?parent=32663"}],"curies":[{"name":"wp","href":"https:\/\/api.w.org\/{rel}","templated":true}]}}