{"id":32668,"date":"2022-06-25T16:10:59","date_gmt":"2022-06-25T13:10:59","guid":{"rendered":"https:\/\/hookahshop.lt\/?post_type=product&#038;p=32668"},"modified":"2026-04-06T23:29:24","modified_gmt":"2026-04-06T20:29:24","slug":"kandiklis-kaljanui-stiklinis-aladin-liner-groove","status":"publish","type":"product","link":"https:\/\/hookahshop.lt\/lv\/produkt\/iemuti-for-udenspipe-stikla-aladin-lainer-groove\/","title":{"rendered":"\u016adensp\u012bpes stikls ALADIN Liner Groove"},"content":{"rendered":"<h2>\u016adensp\u012bpes stikls ALADIN Liner Groove<\/h2>\n<p>Tas ir viengabalains stikla iemutis, kas piem\u0113rots gandr\u012bz vis\u0101m silikona \u0161\u013c\u016bten\u0113m. Piem\u0113rots da\u017e\u0101da veida vienreizlietojamiem iemutiem.<\/p>\n<p><strong>Specifik\u0101cija:<\/strong><br \/>\nKr\u0101sa: caursp\u012bd\u012bga<br \/>\nMateri\u0101ls: stikls<br \/>\nIzm\u0113ri: 40 cm<\/p>\n<p>Vai jums ir k\u0101di jaut\u0101jumi? Sazinies ar mums\u00a0<a href=\"https:\/\/hookahshop.lt\/lv\/kontaktiem\/\">kontaktu lapa<\/a>\u00a0vai rakstiet mums pa e-pastu\u00a0<a href=\"https:\/\/facebook.com\/HookahShop.lt\/\" target=\"_blank\" rel=\"noopener noreferrer\">Facebook konts<\/a>\u00a0un m\u0113s atbild\u0113sim uz j\u016bsu piepras\u012bjumu taj\u0101 pa\u0161\u0101 dien\u0101.<\/p>","protected":false},"excerpt":{"rendered":"<p>Iemutis \u016bdensp\u012bpes stiklam ALADIN Liner Groove \u0160is ir viengabala stikla neatdal\u0101ms iemutis, kas piem\u0113rots gandr\u012bz vis\u0101m silikona \u0161\u013c\u016bten\u0113m. Piem\u0113rots da\u017e\u0101da veida vienreizlietojamiem iemutiem. Specifik\u0101cija: Kr\u0101sa: caursp\u012bd\u012bga Materi\u0101ls: stikls M\u0113r\u012bjumi: 40cm Vai ir k\u0101di jaut\u0101jumi? Sazinieties ar mums kontaktu lap\u0101 vai rakstiet mums uz m\u016bsu Facebook kontu un m\u0113s atbild\u0113sim uz j\u016bsu piepras\u012bjumu taj\u0101 pa\u0161\u0101 dien\u0101.<\/p>","protected":false},"featured_media":32669,"comment_status":"open","ping_status":"closed","template":"","meta":[],"_links":{"self":[{"href":"https:\/\/hookahshop.lt\/lv\/wp-json\/wp\/v2\/product\/32668"}],"collection":[{"href":"https:\/\/hookahshop.lt\/lv\/wp-json\/wp\/v2\/product"}],"about":[{"href":"https:\/\/hookahshop.lt\/lv\/wp-json\/wp\/v2\/types\/product"}],"replies":[{"embeddable":true,"href":"https:\/\/hookahshop.lt\/lv\/wp-json\/wp\/v2\/comments?post=32668"}],"version-history":[{"count":6,"href":"https:\/\/hookahshop.lt\/lv\/wp-json\/wp\/v2\/product\/32668\/revisions"}],"predecessor-version":[{"id":45430,"href":"https:\/\/hookahshop.lt\/lv\/wp-json\/wp\/v2\/product\/32668\/revisions\/45430"}],"wp:featuredmedia":[{"embeddable":true,"href":"https:\/\/hookahshop.lt\/lv\/wp-json\/wp\/v2\/media\/32669"}],"wp:attachment":[{"href":"https:\/\/hookahshop.lt\/lv\/wp-json\/wp\/v2\/media?parent=32668"}],"curies":[{"name":"wp","href":"https:\/\/api.w.org\/{rel}","templated":true}]}}