{"id":32673,"date":"2022-06-25T16:56:18","date_gmt":"2022-06-25T13:56:18","guid":{"rendered":"https:\/\/hookahshop.lt\/?post_type=product&#038;p=32673"},"modified":"2026-04-15T23:29:24","modified_gmt":"2026-04-15T20:29:24","slug":"kaljanas-aladin-alux-380-silver","status":"publish","type":"product","link":"https:\/\/hookahshop.lt\/lv\/produkt\/udenspipe-aladin-alux-380-sudrabs\/","title":{"rendered":"\u0100\u0137is ALADIN Alux 380 Silver"},"content":{"rendered":"<h2>\u0100\u0137is ALADIN Alux 380 Silver<\/h2>\n<p>\u0160\u012b \u016bdensp\u012bpe atst\u0101j p\u0101rsteidzo\u0161us iespaidus ar saviem kvalitat\u012bvajiem materi\u0101liem. Kvalitat\u012bva meistar\u012bba un individu\u0101ls dizains neatst\u0101s j\u016bs vienaldz\u012bgu.<br \/>\nPateicoties kompaktajam izm\u0113ram, tas ir ide\u0101ls ce\u013cabiedrs tiem, kas v\u0113las, lai uz ce\u013ca b\u016btu kvalitat\u012bvs produkts.<\/p>\n<p><strong>Specifik\u0101cija:<\/strong><br \/>\nAugstums: 38cm.<br \/>\nMateri\u0101ls (\u0101r\u0113js): anod\u0113ts alum\u012bnijs<br \/>\nMateri\u0101ls (iek\u0161\u0113jais): ner\u016bs\u0113jo\u0161ais t\u0113rauds (stabu apak\u0161da\u013ca saskaras ar \u016bdeni)<br \/>\nDifuzors: regul\u0113jams<\/p>\n<p><strong>Standarta komplekts:<\/strong><br \/>\n\u016adensp\u012bpe, kolba ar v\u012btni, knaibles, m\u012bksta silikona \u0161\u013c\u016btene ar uzga\u013ciem, kr\u016bze, skurstenis kr\u016bzei.<\/p>\n<p>Vai jums ir k\u0101di jaut\u0101jumi? Sazinies ar mums\u00a0<a href=\"https:\/\/hookahshop.lt\/lv\/kontaktiem\/\">kontaktu lapa<\/a>\u00a0vai rakstiet mums pa e-pastu\u00a0<a href=\"https:\/\/facebook.com\/HookahShop.lt\/\" target=\"_blank\" rel=\"noopener noreferrer\">Facebook konts<\/a>\u00a0un m\u0113s atbild\u0113sim uz j\u016bsu piepras\u012bjumu taj\u0101 pa\u0161\u0101 dien\u0101.<\/p>","protected":false},"excerpt":{"rendered":"<p>\u016adensp\u012bpe ALADIN Alux 380 Silver \u0160\u012b \u016bdensp\u012bpe ar saviem kvalitat\u012bvajiem materi\u0101liem atst\u0101j br\u012bni\u0161\u0137\u012bgus iespaidus. Kvalitat\u012bvs izpild\u012bjums un individu\u0101ls dizains neatst\u0101s j\u016bs vienaldz\u012bgus. T\u0101 kompaktais izm\u0113rs padara to par ide\u0101lu ce\u013cabiedru tiem, kas v\u0113las kvalitat\u012bvu produktu, atrodoties ce\u013c\u0101. Specifik\u0101cija: Augstums: 38cm. Materi\u0101ls (\u0101r\u0113jais): anod\u0113ts alum\u012bnijs Materi\u0101ls (iek\u0161\u0113jais): ner\u016bs\u0113jo\u0161ais t\u0113rauds (Apak\u0161\u0113j\u0101 k\u0101ta da\u013ca, kas saskaras ar \u016bdeni) Difuzors: regul\u0113jams [...]<\/p>","protected":false},"featured_media":32678,"comment_status":"open","ping_status":"closed","template":"","meta":[],"_links":{"self":[{"href":"https:\/\/hookahshop.lt\/lv\/wp-json\/wp\/v2\/product\/32673"}],"collection":[{"href":"https:\/\/hookahshop.lt\/lv\/wp-json\/wp\/v2\/product"}],"about":[{"href":"https:\/\/hookahshop.lt\/lv\/wp-json\/wp\/v2\/types\/product"}],"replies":[{"embeddable":true,"href":"https:\/\/hookahshop.lt\/lv\/wp-json\/wp\/v2\/comments?post=32673"}],"version-history":[{"count":6,"href":"https:\/\/hookahshop.lt\/lv\/wp-json\/wp\/v2\/product\/32673\/revisions"}],"predecessor-version":[{"id":45530,"href":"https:\/\/hookahshop.lt\/lv\/wp-json\/wp\/v2\/product\/32673\/revisions\/45530"}],"wp:featuredmedia":[{"embeddable":true,"href":"https:\/\/hookahshop.lt\/lv\/wp-json\/wp\/v2\/media\/32678"}],"wp:attachment":[{"href":"https:\/\/hookahshop.lt\/lv\/wp-json\/wp\/v2\/media?parent=32673"}],"curies":[{"name":"wp","href":"https:\/\/api.w.org\/{rel}","templated":true}]}}