{"id":32680,"date":"2022-06-25T17:39:36","date_gmt":"2022-06-25T14:39:36","guid":{"rendered":"https:\/\/hookahshop.lt\/?post_type=product&#038;p=32680"},"modified":"2026-04-15T23:29:24","modified_gmt":"2026-04-15T20:29:24","slug":"kaljanas-aladin-2-go-alu-black","status":"publish","type":"product","link":"https:\/\/hookahshop.lt\/lv\/produkt\/udenspipe-aladin-2-go-alu-black\/","title":{"rendered":"\u016adensp\u012bpe ALADIN 2 Go Alu Black"},"content":{"rendered":"<h2>\u016adensp\u012bpe ALADIN 2 Go Alu Black<\/h2>\n<p id=\"tw-target-text\" class=\"tw-data-text tw-text-large XcVN5d tw-ta\" dir=\"ltr\" data-placeholder=\"Vertimas\"><span class=\"Y2IQFc\" lang=\"lt\">\u016adensp\u012bpe &quot;Aladin 2 Go Alu&quot; ir lieliska kompakta izm\u0113ra \u016bdensp\u012bpe, kas izgatavota no alum\u012bnija. Mazais \u016bdensp\u012bpes izm\u0113rs nodro\u0161in\u0101s liel\u0101ku mobilit\u0101ti un \u0113rt\u012bbas. \u016adensp\u012bpes kolba ir izgatavota no \u012bpa\u0161i bieza stikla un tai ir ekskluz\u012bvs dizains, kas pie\u0161\u0137ir \u0161ai maza izm\u0113ra \u016bdensp\u012bpei v\u0113l liel\u0101ku unikalit\u0101ti. \u016adensp\u012bpe b\u016bs lieliski piem\u0113rota transport\u0113\u0161anai kompaktaj\u0101 som\u0101.<\/span><\/p>\n<p><strong>Raksturojums:<\/strong><br \/>\nAugstums: 23 cm<br \/>\nKolba: r\u016bd\u012bts stikls<br \/>\n\u016adensp\u012bpes korpusa materi\u0101ls: alum\u012bnijs<\/p>\n<p><strong>Apr\u012bkojums:<\/strong><br \/>\nNer\u016bs\u0113jo\u0161\u0101 t\u0113rauda \u016bdensp\u012bpe<br \/>\nSoma \u016bdensp\u012bpei<\/p>\n<p><strong>Iepakojums un \u0161\u013c\u016btene nav iek\u013cauti komplekt\u0101.<\/strong><\/p>\n<p><img decoding=\"async\" loading=\"lazy\" class=\"alignnone size-medium wp-image-38512\" src=\"https:\/\/hookahshop.lt\/wp-content\/uploads\/2022\/06\/mazu-aladinu-komplektacija-1-300x273.jpg\" alt=\"- hookahshop.lt\" width=\"300\" height=\"273\" srcset=\"https:\/\/hookahshop.lt\/wp-content\/uploads\/2022\/06\/mazu-aladinu-komplektacija-1-300x273.jpg 300w, https:\/\/hookahshop.lt\/wp-content\/uploads\/2022\/06\/mazu-aladinu-komplektacija-1-13x12.jpg 13w, https:\/\/hookahshop.lt\/wp-content\/uploads\/2022\/06\/mazu-aladinu-komplektacija-1-64x58.jpg 64w, https:\/\/hookahshop.lt\/wp-content\/uploads\/2022\/06\/mazu-aladinu-komplektacija-1.jpg 420w\" sizes=\"(max-width: 300px) 100vw, 300px\" title=\"\"><\/p>\n<p dir=\"ltr\" data-placeholder=\"Vertimas\">Vai jums ir k\u0101di jaut\u0101jumi? Sazinies ar mums <a href=\"https:\/\/hookahshop.lt\/lv\/kontaktiem\/\">kontaktu lapa<\/a> vai rakstiet mums pa e-pastu <a href=\"https:\/\/facebook.com\/HookahShop.lt\/\" target=\"_blank\" rel=\"noopener noreferrer\">Facebook konts<\/a> un m\u0113s atbild\u0113sim uz j\u016bsu piepras\u012bjumu taj\u0101 pa\u0161\u0101 dien\u0101.<\/p>\n<p>&nbsp;<\/p>","protected":false},"excerpt":{"rendered":"<p>\u016adensp\u012bpe ALADIN 2 Go Alu Black \u016adensp\u012bpe &quot;Aladin 2 Go Alu&quot; ir lieliska kompakta izm\u0113ra \u016bdensp\u012bpe, kas izgatavota no alum\u012bnija. Mazais \u016bdensp\u012bpes izm\u0113rs nodro\u0161in\u0101s liel\u0101ku mobilit\u0101ti un \u0113rt\u012bbas. \u016adensp\u012bpes kolba ir izgatavota no \u012bpa\u0161i bieza stikla un tai ir ekskluz\u012bvs dizains, kas pie\u0161\u0137ir \u0161ai maza izm\u0113ra \u016bdensp\u012bpei v\u0113l liel\u0101ku unikalit\u0101ti. \u016adensp\u012bpe b\u016bs lieliski piem\u0113rota transport\u0113\u0161anai kompaktaj\u0101 som\u0101. Raksturlielumi: [\u2026]<\/p>","protected":false},"featured_media":32682,"comment_status":"open","ping_status":"closed","template":"","meta":[],"_links":{"self":[{"href":"https:\/\/hookahshop.lt\/lv\/wp-json\/wp\/v2\/product\/32680"}],"collection":[{"href":"https:\/\/hookahshop.lt\/lv\/wp-json\/wp\/v2\/product"}],"about":[{"href":"https:\/\/hookahshop.lt\/lv\/wp-json\/wp\/v2\/types\/product"}],"replies":[{"embeddable":true,"href":"https:\/\/hookahshop.lt\/lv\/wp-json\/wp\/v2\/comments?post=32680"}],"version-history":[{"count":5,"href":"https:\/\/hookahshop.lt\/lv\/wp-json\/wp\/v2\/product\/32680\/revisions"}],"predecessor-version":[{"id":34484,"href":"https:\/\/hookahshop.lt\/lv\/wp-json\/wp\/v2\/product\/32680\/revisions\/34484"}],"wp:featuredmedia":[{"embeddable":true,"href":"https:\/\/hookahshop.lt\/lv\/wp-json\/wp\/v2\/media\/32682"}],"wp:attachment":[{"href":"https:\/\/hookahshop.lt\/lv\/wp-json\/wp\/v2\/media?parent=32680"}],"curies":[{"name":"wp","href":"https:\/\/api.w.org\/{rel}","templated":true}]}}