{"id":32827,"date":"2022-07-11T18:08:13","date_gmt":"2022-07-11T15:08:13","guid":{"rendered":"https:\/\/hookahshop.lt\/?post_type=product&#038;p=32827"},"modified":"2026-04-18T23:29:17","modified_gmt":"2026-04-18T20:29:17","slug":"znyples-kaljano-anglims-alpha-military-vietnam","status":"publish","type":"product","link":"https:\/\/hookahshop.lt\/lv\/produkt\/znyples-udenspipe-ogles-alfa-militarais-vjetnama\/","title":{"rendered":"Knaibles \u016bdensp\u012bpei oglek\u013ca ALPHA Milit\u0101r\u0101 Vjetnama"},"content":{"rendered":"<h2>Knaibles \u016bdensp\u012bpei oglek\u013ca ALPHA Milit\u0101r\u0101 Vjetnama<\/h2>\n<p>Stil\u012bgas un ekskluz\u012bvas knaibles 2021. gad\u0101 rad\u012bja labi paz\u012bstamais \u016bdensp\u012bpes tirgus ra\u017eot\u0101js Alpha Hookah. Knaibles ir izgatavotas ar\u012b no augstas kvalit\u0101tes ner\u016bs\u0113jo\u0161\u0101 t\u0113rauda un p\u0101rkl\u0101tas ar pulverkr\u0101su. Knaibles izce\u013cas ar autorgrav\u0113jumu. Knaib\u013cu aug\u0161da\u013c\u0101 izdar\u012btie iegriezumi ir paredz\u0113ti knaibles piek\u0101r\u0161anai uz \u0101\u0137a pl\u0101ksnes.<\/p>\n<p><strong>Raksturojums:<\/strong><br \/>\nKr\u0101sa melna<br \/>\nMateri\u0101ls: ner\u016bs\u0113jo\u0161ais t\u0113rauds<br \/>\nGarums: 22,5 cm<\/p>\n<p>Vai jums ir k\u0101di jaut\u0101jumi? Sazinies ar mums\u00a0<a href=\"https:\/\/hookahshop.lt\/lv\/kontaktiem\/\">kontaktu lapa<\/a>\u00a0vai rakstiet mums pa e-pastu\u00a0<a href=\"https:\/\/facebook.com\/HookahShop.lt\/\" target=\"_blank\" rel=\"noopener noreferrer\">Facebook konts<\/a>\u00a0un m\u0113s atbild\u0113sim uz j\u016bsu piepras\u012bjumu taj\u0101 pa\u0161\u0101 dien\u0101.<\/p>","protected":false},"excerpt":{"rendered":"<p>Knaibles \u016bdensp\u012bpei oglek\u013ca ALPHA Military Vietnam Stil\u012bg\u0101s un ekskluz\u012bvas knaibles rad\u012bja Alpha Hookah, labi paz\u012bstamais \u016bdensp\u012bpes ra\u017eot\u0101js 2021. gad\u0101. Knaibles ir izgatavotas ar\u012b no augstas kvalit\u0101tes ner\u016bs\u0113jo\u0161\u0101 t\u0113rauda un p\u0101rkl\u0101tas ar pulvera p\u0101rkl\u0101jumu. Knaibles izce\u013cas ar ori\u0123in\u0101lo grav\u0113jumu. Spraugas knaibles aug\u0161pus\u0113 ir paredz\u0113tas knaibles uzkarin\u0101\u0161anai uz \u016bdensp\u012bpes pl\u0101ksnes. Raksturojums: Kr\u0101sa: Melns Materi\u0101ls: Ner\u016bs\u0113jo\u0161ais t\u0113rauds Garums: 22,5 cm Vai ir k\u0101di jaut\u0101jumi? [\u2026]<\/p>","protected":false},"featured_media":32828,"comment_status":"open","ping_status":"closed","template":"","meta":[],"_links":{"self":[{"href":"https:\/\/hookahshop.lt\/lv\/wp-json\/wp\/v2\/product\/32827"}],"collection":[{"href":"https:\/\/hookahshop.lt\/lv\/wp-json\/wp\/v2\/product"}],"about":[{"href":"https:\/\/hookahshop.lt\/lv\/wp-json\/wp\/v2\/types\/product"}],"replies":[{"embeddable":true,"href":"https:\/\/hookahshop.lt\/lv\/wp-json\/wp\/v2\/comments?post=32827"}],"version-history":[{"count":3,"href":"https:\/\/hookahshop.lt\/lv\/wp-json\/wp\/v2\/product\/32827\/revisions"}],"predecessor-version":[{"id":32831,"href":"https:\/\/hookahshop.lt\/lv\/wp-json\/wp\/v2\/product\/32827\/revisions\/32831"}],"wp:featuredmedia":[{"embeddable":true,"href":"https:\/\/hookahshop.lt\/lv\/wp-json\/wp\/v2\/media\/32828"}],"wp:attachment":[{"href":"https:\/\/hookahshop.lt\/lv\/wp-json\/wp\/v2\/media?parent=32827"}],"curies":[{"name":"wp","href":"https:\/\/api.w.org\/{rel}","templated":true}]}}