{"id":32832,"date":"2022-07-11T18:55:10","date_gmt":"2022-07-11T15:55:10","guid":{"rendered":"https:\/\/hookahshop.lt\/?post_type=product&#038;p=32832"},"modified":"2026-04-15T23:29:24","modified_gmt":"2026-04-15T20:29:24","slug":"taurele-kaljanui-hookah-shop-turkish","status":"publish","type":"product","link":"https:\/\/hookahshop.lt\/lv\/produkt\/kauss-udenspipe-udenspipe-veikals-turk\/","title":{"rendered":"\u016adensp\u012bpes kr\u016bze HOOKA SHOP Turkish"},"content":{"rendered":"<h2>\u016adensp\u012bpes kr\u016bze HOOKA SHOP Turkish<\/h2>\n<p>Kr\u016bze ir izgatavota no kvalitat\u012bva, ar rok\u0101m darin\u0101ta m\u0101la. P\u0113c \u0161\u012b produkta izv\u0113les ieraksti pirkuma koment\u0101r\u0101, kuru versiju v\u0113lies v1 vai v2.<\/p>\n<p>Kr\u016bzes tilpums 15-25g.<\/p>\n<p><b>Raksturojums:<\/b><br \/>\nAugstums: apm\u0113ram 8 cm<br \/>\nDzi\u013cums: apm\u0113ram 18 mm<br \/>\nCaurumu skaits: 5 gab<br \/>\nSvars: apm\u0113ram 170 g<\/p>\n<p>Vai jums ir k\u0101di jaut\u0101jumi? Sazinies ar mums\u00a0<a href=\"https:\/\/hookahshop.lt\/lv\/kontaktiem\/\">kontaktu lapa<\/a>\u00a0vai rakstiet mums pa e-pastu\u00a0<a href=\"https:\/\/facebook.com\/HookahShop.lt\/\" target=\"_blank\" rel=\"noopener\">Facebook konts<\/a>\u00a0un m\u0113s atbild\u0113sim uz j\u016bsu piepras\u012bjumu taj\u0101 pa\u0161\u0101 dien\u0101.<\/p>","protected":false},"excerpt":{"rendered":"<p>Kr\u016bz\u012bte \u016bdensp\u012bpei HOOKAH SHOP Turkish Kr\u016bz\u012bte ir izgatavota no kvalitat\u012bva, ar rok\u0101m darin\u0101ta m\u0101la. P\u0113c \u0161\u012b produkta izv\u0113les ieraksti pirkuma koment\u0101r\u0101, kuru versiju v\u0113lies v1 vai v2. Kr\u016bzes tilpums 15-25g. Raksturojums: Augstums: apm\u0113ram 8cm Dzi\u013cums: apm\u0113ram 18mm Caurumu skaits: 5gab Svars: apm\u0113ram 170g Vai jums ir k\u0101di jaut\u0101jumi? Sazinieties ar mums kontaktu lap\u0101 vai rakstiet mums uz m\u016bsu Facebook kontu un m\u0113s atbild\u0113sim uz j\u016bsu piepras\u012bjumu [\u2026]<\/p>","protected":false},"featured_media":33139,"comment_status":"open","ping_status":"closed","template":"","meta":[],"_links":{"self":[{"href":"https:\/\/hookahshop.lt\/lv\/wp-json\/wp\/v2\/product\/32832"}],"collection":[{"href":"https:\/\/hookahshop.lt\/lv\/wp-json\/wp\/v2\/product"}],"about":[{"href":"https:\/\/hookahshop.lt\/lv\/wp-json\/wp\/v2\/types\/product"}],"replies":[{"embeddable":true,"href":"https:\/\/hookahshop.lt\/lv\/wp-json\/wp\/v2\/comments?post=32832"}],"version-history":[{"count":5,"href":"https:\/\/hookahshop.lt\/lv\/wp-json\/wp\/v2\/product\/32832\/revisions"}],"predecessor-version":[{"id":45207,"href":"https:\/\/hookahshop.lt\/lv\/wp-json\/wp\/v2\/product\/32832\/revisions\/45207"}],"wp:featuredmedia":[{"embeddable":true,"href":"https:\/\/hookahshop.lt\/lv\/wp-json\/wp\/v2\/media\/33139"}],"wp:attachment":[{"href":"https:\/\/hookahshop.lt\/lv\/wp-json\/wp\/v2\/media?parent=32832"}],"curies":[{"name":"wp","href":"https:\/\/api.w.org\/{rel}","templated":true}]}}