{"id":32870,"date":"2022-07-18T09:35:39","date_gmt":"2022-07-18T06:35:39","guid":{"rendered":"https:\/\/hookahshop.lt\/?post_type=product&#038;p=32870"},"modified":"2026-04-15T23:29:24","modified_gmt":"2026-04-15T20:29:24","slug":"taurele-kaljanui-solaris-astro","status":"publish","type":"product","link":"https:\/\/hookahshop.lt\/lv\/produkt\/kauss-for-udenspipe-solaris-astro\/","title":{"rendered":"\u016adensp\u012bpes kauss SOLARIS Astro"},"content":{"rendered":"<h2>\u016adensp\u012bpes kauss SOLARIS Astro<\/h2>\n<p>Ar rok\u0101m darin\u0101tu kr\u016bz\u012b\u0161u ra\u017eo\u0161an\u0101 tiek izmantoti tikai dab\u012bgi un videi draudz\u012bgi materi\u0101li. No cit\u0101m kr\u016bz\u0113m tas at\u0161\u0137iras ar to, ka ir iztur\u012bg\u0101ks pret mitrumu. Piena tehnolo\u0123iju izmanto\u0161ana sarkanajam m\u0101lam dod interesantu \u0101r\u0113jo efektu, ori\u0123in\u0101lu dizainu.<\/p>\n<p><strong>Specifik\u0101cija:<\/strong><br \/>\nCaurumu skaits: 7gab.<br \/>\nMateri\u0101ls: m\u0101ls ar glaz\u016bru<br \/>\nAugstums: 8cm<br \/>\nDiametrs aug\u0161pus\u0113: 6 cm<br \/>\nSvars: 250g<\/p>\n<p>Vai jums ir k\u0101di jaut\u0101jumi? Sazinies ar mums\u00a0<a href=\"https:\/\/hookahshop.lt\/lv\/kontaktiem\/\">kontaktu lapa<\/a>\u00a0vai rakstiet mums pa e-pastu\u00a0<a href=\"https:\/\/facebook.com\/HookahShop.lt\/\" target=\"_blank\" rel=\"noopener noreferrer\">Facebook konts<\/a>\u00a0un m\u0113s atbild\u0113sim uz j\u016bsu piepras\u012bjumu taj\u0101 pa\u0161\u0101 dien\u0101.<\/p>","protected":false},"excerpt":{"rendered":"<p>Kr\u016bz\u012bte \u016bdensp\u012bpei SOLARIS Astro Roku darbs, kr\u016bz\u012b\u0161u ra\u017eo\u0161an\u0101 izmantoti tikai dab\u012bgi un videi draudz\u012bgi materi\u0101li. No cit\u0101m kr\u016bz\u0113m tas at\u0161\u0137iras ar to, ka ir iztur\u012bg\u0101ks pret mitrumu. Piena tehnolo\u0123ijas izmanto\u0161ana sarkanajiem m\u0101liem dod interesantu \u0101r\u0113jo efektu, ori\u0123in\u0101lu dizainu. Specifik\u0101cija: Caurumu skaits: 7 gab. Materi\u0101ls: m\u0101ls ar glaz\u016bru Augstums: 8cm Diametrs aug\u0161pus\u0113: 6cm Svars: 250g Vai ir k\u0101di jaut\u0101jumi? Sazinieties ar mums, izmantojot m\u016bsu kontaktinform\u0101ciju [\u2026]<\/p>","protected":false},"featured_media":32871,"comment_status":"open","ping_status":"closed","template":"","meta":[],"_links":{"self":[{"href":"https:\/\/hookahshop.lt\/lv\/wp-json\/wp\/v2\/product\/32870"}],"collection":[{"href":"https:\/\/hookahshop.lt\/lv\/wp-json\/wp\/v2\/product"}],"about":[{"href":"https:\/\/hookahshop.lt\/lv\/wp-json\/wp\/v2\/types\/product"}],"replies":[{"embeddable":true,"href":"https:\/\/hookahshop.lt\/lv\/wp-json\/wp\/v2\/comments?post=32870"}],"version-history":[{"count":3,"href":"https:\/\/hookahshop.lt\/lv\/wp-json\/wp\/v2\/product\/32870\/revisions"}],"predecessor-version":[{"id":32874,"href":"https:\/\/hookahshop.lt\/lv\/wp-json\/wp\/v2\/product\/32870\/revisions\/32874"}],"wp:featuredmedia":[{"embeddable":true,"href":"https:\/\/hookahshop.lt\/lv\/wp-json\/wp\/v2\/media\/32871"}],"wp:attachment":[{"href":"https:\/\/hookahshop.lt\/lv\/wp-json\/wp\/v2\/media?parent=32870"}],"curies":[{"name":"wp","href":"https:\/\/api.w.org\/{rel}","templated":true}]}}