{"id":32878,"date":"2022-07-18T13:00:04","date_gmt":"2022-07-18T10:00:04","guid":{"rendered":"https:\/\/hookahshop.lt\/?post_type=product&#038;p=32878"},"modified":"2026-04-14T23:29:29","modified_gmt":"2026-04-14T20:29:29","slug":"sepetys-kaljano-kolbai-black-40cm","status":"publish","type":"product","link":"https:\/\/hookahshop.lt\/lv\/produkt\/udenspipe-udenspipe-kolbas-melna-40cm\/","title":{"rendered":"Ota \u016bdensp\u012bpes kolbai Melna 40cm"},"content":{"rendered":"<h2>Ota \u016bdensp\u012bpes kolbai Melna 40cm<\/h2>\n<p>Birst\u012bte paredz\u0113ta \u016bdensp\u012bpes kolbas t\u012br\u012b\u0161anai, ieteicams lietot kop\u0101 ar t\u012br\u012b\u0161anas l\u012bdzek\u013ciem. Sasniedz un pal\u012bdz not\u012br\u012bt visus net\u012brumus.<br \/>\nLai sm\u0113\u0137\u0113t b\u016btu \u0113rt\u0101k un \u016bdensp\u012bpe kalpotu ilg\u0101k, t\u0101 ir k\u0101rt\u012bgi j\u0101izmazg\u0101.<\/p>\n<p><strong>Raksturojums:<\/strong><br \/>\nOtas garums: 40 cm<br \/>\nSaru garums: 18 cm<br \/>\nSaru platums: 11 cm<\/p>\n<p>Vai jums ir k\u0101di jaut\u0101jumi? Sazinies ar mums\u00a0<a href=\"https:\/\/hookahshop.lt\/lv\/kontaktiem\/\">kontaktu lapa<\/a>\u00a0vai rakstiet mums pa e-pastu\u00a0<a href=\"https:\/\/facebook.com\/HookahShop.lt\/\" target=\"_blank\" rel=\"noopener noreferrer\">Facebook konts<\/a>\u00a0un m\u0113s atbild\u0113sim uz j\u016bsu piepras\u012bjumu taj\u0101 pa\u0161\u0101 dien\u0101.<\/p>\n<p>&nbsp;<\/p>\n<p>&nbsp;<\/p>","protected":false},"excerpt":{"rendered":"<p>Birste \u016bdensp\u012bpes kolbai Melna 40cm Birst\u012bte paredz\u0113ta \u016bdensp\u012bpes kolbas t\u012br\u012b\u0161anai, ieteicams lietot kop\u0101 ar t\u012br\u012b\u0161anas l\u012bdzek\u013ciem. Sasniedz un pal\u012bdz not\u012br\u012bt visus net\u012brumus. Lai sm\u0113\u0137\u0113t b\u016btu \u0113rt\u0101k un \u016bdensp\u012bpe kalpotu ilg\u0101k, t\u0101 ir k\u0101rt\u012bgi j\u0101nomazg\u0101. Raksturojums: Otas garums: 40cm Saru garums: 18cm Saru platums: 11cm Vai jums ir k\u0101di jaut\u0101jumi? Sazinieties ar mums kontaktu lap\u0101 vai rakstiet mums uz m\u016bsu Facebook kontu un [\u2026]<\/p>","protected":false},"featured_media":32884,"comment_status":"open","ping_status":"closed","template":"","meta":[],"_links":{"self":[{"href":"https:\/\/hookahshop.lt\/lv\/wp-json\/wp\/v2\/product\/32878"}],"collection":[{"href":"https:\/\/hookahshop.lt\/lv\/wp-json\/wp\/v2\/product"}],"about":[{"href":"https:\/\/hookahshop.lt\/lv\/wp-json\/wp\/v2\/types\/product"}],"replies":[{"embeddable":true,"href":"https:\/\/hookahshop.lt\/lv\/wp-json\/wp\/v2\/comments?post=32878"}],"version-history":[{"count":5,"href":"https:\/\/hookahshop.lt\/lv\/wp-json\/wp\/v2\/product\/32878\/revisions"}],"predecessor-version":[{"id":43041,"href":"https:\/\/hookahshop.lt\/lv\/wp-json\/wp\/v2\/product\/32878\/revisions\/43041"}],"wp:featuredmedia":[{"embeddable":true,"href":"https:\/\/hookahshop.lt\/lv\/wp-json\/wp\/v2\/media\/32884"}],"wp:attachment":[{"href":"https:\/\/hookahshop.lt\/lv\/wp-json\/wp\/v2\/media?parent=32878"}],"curies":[{"name":"wp","href":"https:\/\/api.w.org\/{rel}","templated":true}]}}