{"id":32887,"date":"2022-07-18T13:32:03","date_gmt":"2022-07-18T10:32:03","guid":{"rendered":"https:\/\/hookahshop.lt\/?post_type=product&#038;p=32887"},"modified":"2026-04-14T23:29:29","modified_gmt":"2026-04-14T20:29:29","slug":"znyples-kaljano-anglims-su-yla","status":"publish","type":"product","link":"https:\/\/hookahshop.lt\/lv\/produkt\/knaibles-for-udenspipes-ogles-ar-aki\/","title":{"rendered":"Knaibles \u016bdensp\u012bpes ogl\u0113m ar \u0101\u0137i"},"content":{"rendered":"<h2>Knaibles \u016bdensp\u012bpes ogl\u0113m ar \u0101\u0137i<\/h2>\n<p>Paredz\u0113ts karstu og\u013cu ievieto\u0161anai siltuma kamer\u0101 un \u0113rtai transport\u0113\u0161anai no siltuma kameras uz v\u0113lamo vietu.<\/p>\n<p><strong>Specifik\u0101cijas:<\/strong><br \/>\nGarums: 15 cm<br \/>\nPlatums: 2 cm<br \/>\nAdatas garums: 11 cm<br \/>\nMateri\u0101ls: Alum\u012bnijs<\/p>\n<p>Vai jums ir k\u0101di jaut\u0101jumi? Sazinies ar mums\u00a0<a href=\"https:\/\/hookahshop.lt\/lv\/kontaktiem\/\">kontaktu lapa<\/a>\u00a0vai rakstiet mums pa e-pastu\u00a0<a href=\"https:\/\/facebook.com\/HookahShop.lt\/\" target=\"_blank\" rel=\"noopener noreferrer\">Facebook konts<\/a>\u00a0un m\u0113s atbild\u0113sim uz j\u016bsu piepras\u012bjumu taj\u0101 pa\u0161\u0101 dien\u0101.<\/p>","protected":false},"excerpt":{"rendered":"<p>\u016adensp\u012bpes og\u013cu knaibles ar \u012blenu Paredz\u0113tas karstu og\u013cu ievieto\u0161anai karstuma kamer\u0101 un \u0113rtai to transport\u0113\u0161anai no karstuma kameras uz v\u0113lamo vietu. Specifik\u0101cijas: Garums: 15 cm Platums: 2 cm \u012alena garums: 11 cm Materi\u0101ls: Alum\u012bnijs Vai jums ir k\u0101di jaut\u0101jumi? Sazinieties ar mums kontaktlap\u0101 vai rakstiet mums Facebook, un m\u0113s atbild\u0113sim uz j\u016bsu piepras\u012bjumu taj\u0101 pa\u0161\u0101 dien\u0101.<\/p>","protected":false},"featured_media":32889,"comment_status":"open","ping_status":"closed","template":"","meta":[],"_links":{"self":[{"href":"https:\/\/hookahshop.lt\/lv\/wp-json\/wp\/v2\/product\/32887"}],"collection":[{"href":"https:\/\/hookahshop.lt\/lv\/wp-json\/wp\/v2\/product"}],"about":[{"href":"https:\/\/hookahshop.lt\/lv\/wp-json\/wp\/v2\/types\/product"}],"replies":[{"embeddable":true,"href":"https:\/\/hookahshop.lt\/lv\/wp-json\/wp\/v2\/comments?post=32887"}],"version-history":[{"count":4,"href":"https:\/\/hookahshop.lt\/lv\/wp-json\/wp\/v2\/product\/32887\/revisions"}],"predecessor-version":[{"id":36362,"href":"https:\/\/hookahshop.lt\/lv\/wp-json\/wp\/v2\/product\/32887\/revisions\/36362"}],"wp:featuredmedia":[{"embeddable":true,"href":"https:\/\/hookahshop.lt\/lv\/wp-json\/wp\/v2\/media\/32889"}],"wp:attachment":[{"href":"https:\/\/hookahshop.lt\/lv\/wp-json\/wp\/v2\/media?parent=32887"}],"curies":[{"name":"wp","href":"https:\/\/api.w.org\/{rel}","templated":true}]}}