{"id":32893,"date":"2022-07-18T14:08:24","date_gmt":"2022-07-18T11:08:24","guid":{"rendered":"https:\/\/hookahshop.lt\/?post_type=product&#038;p=32893"},"modified":"2026-04-16T23:29:55","modified_gmt":"2026-04-16T20:29:55","slug":"znyples-kaljano-anglims-blade-replika-rainbow","status":"publish","type":"product","link":"https:\/\/hookahshop.lt\/lv\/produkt\/znyples-udenspipe-karbona-asmens-reprodukcija-varaviksne\/","title":{"rendered":"Knaibles \u016bdensp\u012bpei carbon BLADE replica Rainbow"},"content":{"rendered":"<h2>Knaibles \u016bdensp\u012bpei carbon BLADE replica Rainbow<\/h2>\n<p>Izgatavots no ner\u016bs\u0113jo\u0161\u0101 t\u0113rauda, \u013coti \u0113rts izm\u0113rs.<\/p>\n<p><strong>Raksturojums:<\/strong><br \/>\nKr\u0101sa: Varav\u012bksne<br \/>\nGarums: 23 cm<br \/>\nPlatums: 2,8 cm<\/p>\n<p>Vai jums ir k\u0101di jaut\u0101jumi? Sazinies ar mums\u00a0<a href=\"https:\/\/hookahshop.lt\/lv\/kontaktiem\/\">kontaktu lapa<\/a>\u00a0vai rakstiet mums pa e-pastu\u00a0<a href=\"https:\/\/facebook.com\/HookahShop.lt\/\" target=\"_blank\" rel=\"noopener noreferrer\">Facebook konts<\/a>\u00a0un m\u0113s atbild\u0113sim uz j\u016bsu piepras\u012bjumu taj\u0101 pa\u0161\u0101 dien\u0101.<\/p>\n<p>&nbsp;<\/p>","protected":false},"excerpt":{"rendered":"<p>Knaibles \u016bdensp\u012bpes ogl\u0113m BLADE replica Rainbow Izgatavots no ner\u016bs\u0113jo\u0161\u0101 t\u0113rauda, \u013coti \u0113rts izm\u0113rs. Raksturojums: Kr\u0101sa: Varav\u012bksnes garums: 23cm Platums: 2,8cm Vai jums ir k\u0101di jaut\u0101jumi? Sazinieties ar mums kontaktu lap\u0101 vai rakstiet mums uz m\u016bsu Facebook kontu un m\u0113s atbild\u0113sim uz j\u016bsu piepras\u012bjumu taj\u0101 pa\u0161\u0101 dien\u0101. &nbsp;<\/p>","protected":false},"featured_media":32894,"comment_status":"open","ping_status":"closed","template":"","meta":[],"_links":{"self":[{"href":"https:\/\/hookahshop.lt\/lv\/wp-json\/wp\/v2\/product\/32893"}],"collection":[{"href":"https:\/\/hookahshop.lt\/lv\/wp-json\/wp\/v2\/product"}],"about":[{"href":"https:\/\/hookahshop.lt\/lv\/wp-json\/wp\/v2\/types\/product"}],"replies":[{"embeddable":true,"href":"https:\/\/hookahshop.lt\/lv\/wp-json\/wp\/v2\/comments?post=32893"}],"version-history":[{"count":3,"href":"https:\/\/hookahshop.lt\/lv\/wp-json\/wp\/v2\/product\/32893\/revisions"}],"predecessor-version":[{"id":37686,"href":"https:\/\/hookahshop.lt\/lv\/wp-json\/wp\/v2\/product\/32893\/revisions\/37686"}],"wp:featuredmedia":[{"embeddable":true,"href":"https:\/\/hookahshop.lt\/lv\/wp-json\/wp\/v2\/media\/32894"}],"wp:attachment":[{"href":"https:\/\/hookahshop.lt\/lv\/wp-json\/wp\/v2\/media?parent=32893"}],"curies":[{"name":"wp","href":"https:\/\/api.w.org\/{rel}","templated":true}]}}