{"id":32897,"date":"2022-07-18T14:19:47","date_gmt":"2022-07-18T11:19:47","guid":{"rendered":"https:\/\/hookahshop.lt\/?post_type=product&#038;p=32897"},"modified":"2026-04-19T23:29:48","modified_gmt":"2026-04-19T20:29:48","slug":"znyples-kaljano-anglims-blade-replika-gold","status":"publish","type":"product","link":"https:\/\/hookahshop.lt\/lv\/produkt\/znyples-udenspipe-karbon-asmens-reprodukcija-zelts\/","title":{"rendered":"Knaibles \u016bdensp\u012bpei ogles BLADE replica Gold"},"content":{"rendered":"<h2>Knaibles \u016bdensp\u012bpei ogles BLADE replica Gold<\/h2>\n<p>Izgatavots no ner\u016bs\u0113jo\u0161\u0101 t\u0113rauda, \u013coti \u0113rts izm\u0113rs.<\/p>\n<p><strong>Raksturojums:<\/strong><br \/>\nKr\u0101sa: zelta<br \/>\nGarums: 23 cm<br \/>\nPlatums: 2,8 cm<\/p>\n<p>Vai jums ir k\u0101di jaut\u0101jumi? Sazinies ar mums\u00a0<a href=\"https:\/\/hookahshop.lt\/lv\/kontaktiem\/\">kontaktu lapa<\/a>\u00a0vai rakstiet mums pa e-pastu\u00a0<a href=\"https:\/\/facebook.com\/HookahShop.lt\/\" target=\"_blank\" rel=\"noopener noreferrer\">Facebook konts<\/a>\u00a0un m\u0113s atbild\u0113sim uz j\u016bsu piepras\u012bjumu taj\u0101 pa\u0161\u0101 dien\u0101.<\/p>\n<p>&nbsp;<\/p>","protected":false},"excerpt":{"rendered":"<p>Knaibles \u016bdensp\u012bpes ogl\u0113m BLADE replica Gold Izgatavotas no ner\u016bs\u0113jo\u0161\u0101 t\u0113rauda, \u013coti \u0113rts izm\u0113rs. Raksturojums: Kr\u0101sa: zelts Garums: 23cm Platums: 2,8cm Vai jums ir k\u0101di jaut\u0101jumi? Sazinieties ar mums kontaktu lap\u0101 vai rakstiet mums uz m\u016bsu Facebook kontu un m\u0113s atbild\u0113sim uz j\u016bsu piepras\u012bjumu taj\u0101 pa\u0161\u0101 dien\u0101. &nbsp;<\/p>","protected":false},"featured_media":32898,"comment_status":"open","ping_status":"closed","template":"","meta":[],"_links":{"self":[{"href":"https:\/\/hookahshop.lt\/lv\/wp-json\/wp\/v2\/product\/32897"}],"collection":[{"href":"https:\/\/hookahshop.lt\/lv\/wp-json\/wp\/v2\/product"}],"about":[{"href":"https:\/\/hookahshop.lt\/lv\/wp-json\/wp\/v2\/types\/product"}],"replies":[{"embeddable":true,"href":"https:\/\/hookahshop.lt\/lv\/wp-json\/wp\/v2\/comments?post=32897"}],"version-history":[{"count":5,"href":"https:\/\/hookahshop.lt\/lv\/wp-json\/wp\/v2\/product\/32897\/revisions"}],"predecessor-version":[{"id":45714,"href":"https:\/\/hookahshop.lt\/lv\/wp-json\/wp\/v2\/product\/32897\/revisions\/45714"}],"wp:featuredmedia":[{"embeddable":true,"href":"https:\/\/hookahshop.lt\/lv\/wp-json\/wp\/v2\/media\/32898"}],"wp:attachment":[{"href":"https:\/\/hookahshop.lt\/lv\/wp-json\/wp\/v2\/media?parent=32897"}],"curies":[{"name":"wp","href":"https:\/\/api.w.org\/{rel}","templated":true}]}}